{"id":8368,"date":"2026-01-29T11:55:42","date_gmt":"2026-01-29T17:55:42","guid":{"rendered":"https:\/\/superbodega.mx\/?post_type=product&#038;p=8368"},"modified":"2026-04-13T16:25:46","modified_gmt":"2026-04-13T22:25:46","slug":"telefono-inalambrico-en-color-blanco","status":"publish","type":"product","link":"https:\/\/superbodega.mx\/?product=telefono-inalambrico-en-color-blanco","title":{"rendered":"Tel\u00e9fono inal\u00e1mbrico en color blanco."},"content":{"rendered":"\t\t<div data-elementor-type=\"section\" data-elementor-id=\"10773\" class=\"elementor elementor-10773\" data-elementor-post-type=\"elementor_library\">\n\t\t\t<div class=\"elementor-element elementor-element-15d756c e-flex e-con-boxed kitify-col-width-auto-no ignore-docs-style-no kitify-disable-relative-no e-root-container elementor-top-section e-con e-parent\" data-id=\"15d756c\" data-element_type=\"container\">\n\t\t\t\t\t<div class=\"e-con-inner\">\n\t\t\t\t<div class=\"elementor-element elementor-element-2d29746 elementor-widget__width-initial elementor-widget elementor-widget-heading\" data-id=\"2d29746\" data-element_type=\"widget\" data-widget_type=\"heading.default\">\n\t\t\t\t\t<h3 class=\"elementor-heading-title elementor-size-default\">Este modelo destaca por su dise\u00f1o compacto y funcional que permite una instalaci\u00f3n sencilla en espacios reducidos manteniendo una est\u00e9tica moderna y profesional.<\/h3>\t\t\t\t<\/div>\n\t\t\t\t\t<\/div>\n\t\t\t\t<\/div>\n\t\t<div class=\"elementor-element elementor-element-04a884f e-flex e-con-boxed kitify-col-width-auto-no ignore-docs-style-no kitify-disable-relative-no e-root-container elementor-top-section e-con e-parent\" data-id=\"04a884f\" data-element_type=\"container\">\n\t\t\t\t\t<div class=\"e-con-inner\">\n\t\t\t\t<div class=\"elementor-element elementor-element-f66a25a elementor-widget elementor-widget-image\" data-id=\"f66a25a\" data-element_type=\"widget\" data-widget_type=\"image.default\">\n\t\t\t\t\t\t\t\t\t\t\t\t\t\t\t<img fetchpriority=\"high\" decoding=\"async\" width=\"1700\" height=\"1070\" src=\"https:\/\/superbodega.mx\/wp-content\/uploads\/2026\/04\/1_KX-TGK210MEW_1700-x-1070_SITIO-WEB_2.png\" class=\"attachment-full size-full wp-image-10777\" alt=\"\" srcset=\"https:\/\/superbodega.mx\/wp-content\/uploads\/2026\/04\/1_KX-TGK210MEW_1700-x-1070_SITIO-WEB_2.png 1700w, https:\/\/superbodega.mx\/wp-content\/uploads\/2026\/04\/1_KX-TGK210MEW_1700-x-1070_SITIO-WEB_2-300x189.png 300w, https:\/\/superbodega.mx\/wp-content\/uploads\/2026\/04\/1_KX-TGK210MEW_1700-x-1070_SITIO-WEB_2-1024x645.png 1024w, https:\/\/superbodega.mx\/wp-content\/uploads\/2026\/04\/1_KX-TGK210MEW_1700-x-1070_SITIO-WEB_2-768x483.png 768w, https:\/\/superbodega.mx\/wp-content\/uploads\/2026\/04\/1_KX-TGK210MEW_1700-x-1070_SITIO-WEB_2-1536x967.png 1536w, https:\/\/superbodega.mx\/wp-content\/uploads\/2026\/04\/1_KX-TGK210MEW_1700-x-1070_SITIO-WEB_2-1000x629.png 1000w, https:\/\/superbodega.mx\/wp-content\/uploads\/2026\/04\/1_KX-TGK210MEW_1700-x-1070_SITIO-WEB_2-64x40.png 64w\" sizes=\"(max-width: 1700px) 100vw, 1700px\" \/>\t\t\t\t\t\t\t\t\t\t\t\t\t\t\t<\/div>\n\t\t\t\t\t<\/div>\n\t\t\t\t<\/div>\n\t\t<div class=\"elementor-element elementor-element-1c9d168 e-flex e-con-boxed kitify-col-width-auto-no ignore-docs-style-no kitify-disable-relative-no e-root-container elementor-top-section e-con e-parent\" data-id=\"1c9d168\" data-element_type=\"container\">\n\t\t\t\t\t<div class=\"e-con-inner\">\n\t\t\t\t<div class=\"elementor-element elementor-element-7668461 elementor-widget elementor-widget-heading\" data-id=\"7668461\" data-element_type=\"widget\" data-widget_type=\"heading.default\">\n\t\t\t\t\t<p class=\"elementor-heading-title elementor-size-default\">Se trata de un dispositivo inteligente que combina est\u00e9tica y funcionalidad, incluyendo funciones de gesti\u00f3n de llamadas y un modo de bajo consumo de energ\u00eda para optimizar la duraci\u00f3n de la bater\u00eda.<\/p>\t\t\t\t<\/div>\n\t\t\t\t\t<\/div>\n\t\t\t\t<\/div>\n\t\t<div class=\"elementor-element elementor-element-b96aa6f e-con-full e-flex kitify-col-width-auto-no ignore-docs-style-no kitify-disable-relative-no e-root-container elementor-top-section e-con e-parent\" data-id=\"b96aa6f\" data-element_type=\"container\">\n\t\t<div class=\"elementor-element elementor-element-505396a e-con-full e-flex kitify-col-width-auto-no ignore-docs-style-no kitify-disable-relative-no e-con e-child\" data-id=\"505396a\" data-element_type=\"container\">\n\t\t\t\t<div class=\"elementor-element elementor-element-26ccae1 kitify-equal-height-disable elementor-widget kitify elementor-kitify-icon-box\" data-id=\"26ccae1\" data-element_type=\"widget\" data-widget_type=\"kitify-icon-box.default\">\n\t\t\t\t<div class=\"elementor-widget-container\">\n\t\t\t\t\t<div class=\"kitify-iconbox kitify-iconbox__icon-align-top elementor-animation- \" data-kitify-element-link=\"{&quot;url&quot;:&quot;#&quot;,&quot;is_external&quot;:&quot;&quot;,&quot;nofollow&quot;:&quot;&quot;,&quot;custom_attributes&quot;:&quot;&quot;}\" style=\"cursor: pointer\"><div class=\"kitify-iconbox__box_header elementor-animation-\"><div class=\"kitify-iconbox__box_icon icon_pos_top\"><img decoding=\"async\" src=\"https:\/\/superbodega.mx\/wp-content\/uploads\/2026\/04\/1_KX-TGK210MEW_1350-x-990_SITIO-WEB_3.png\" alt=\"1_KX-TGK210MEW_1350 x 990_SITIO WEB_3\" class=\"kitify-iconbox__main_img\" loading=\"lazy\"><\/div><\/div><div class=\"kitify-iconbox__box_body\"><h3 class=\"kitify-iconbox__title\">Dise\u00f1o Avant-Garde Est\u00e9tica y Armon\u00eda Vertical <\/h3><div class=\"kitify-iconbox__desc\">El atributo m\u00e1s distintivo de este modelo es su estructura cil\u00edndrica \u00fanica que oculta las teclas y el auricular cuando est\u00e1 en su base. Esta caracter\u00edstica rompe con la apariencia tradicional de los tel\u00e9fonos, convirti\u00e9ndolo en una pieza de dise\u00f1o que aporta elegancia y orden visual al entorno.<\/div><\/div><\/div>\t\t\t\t<\/div>\n\t\t\t\t<\/div>\n\t\t\t\t<\/div>\n\t\t<div class=\"elementor-element elementor-element-c584536 e-con-full e-flex kitify-col-width-auto-no ignore-docs-style-no kitify-disable-relative-no e-con e-child\" data-id=\"c584536\" data-element_type=\"container\">\n\t\t\t\t<div class=\"elementor-element elementor-element-e850582 kitify-equal-height-disable elementor-widget kitify elementor-kitify-icon-box\" data-id=\"e850582\" data-element_type=\"widget\" data-widget_type=\"kitify-icon-box.default\">\n\t\t\t\t<div class=\"elementor-widget-container\">\n\t\t\t\t\t<div class=\"kitify-iconbox kitify-iconbox__icon-align-top elementor-animation- \" data-kitify-element-link=\"{&quot;url&quot;:&quot;#&quot;,&quot;is_external&quot;:&quot;&quot;,&quot;nofollow&quot;:&quot;&quot;,&quot;custom_attributes&quot;:&quot;&quot;}\" style=\"cursor: pointer\"><div class=\"kitify-iconbox__box_header elementor-animation-\"><div class=\"kitify-iconbox__box_icon icon_pos_top\"><img decoding=\"async\" src=\"https:\/\/superbodega.mx\/wp-content\/uploads\/2026\/04\/2_KX-TGK210MEW_1350-x-990_SITIO-WEB_3.png\" alt=\"2_KX-TGK210MEW_1350 x 990_SITIO WEB_3\" class=\"kitify-iconbox__main_img\" loading=\"lazy\"><\/div><\/div><div class=\"kitify-iconbox__box_body\"><h3 class=\"kitify-iconbox__title\">Modo Eco Inteligente Eficiencia y Cuidado Ambiental <\/h3><div class=\"kitify-iconbox__desc\">Este tel\u00e9fono incorpora una funci\u00f3n que reduce autom\u00e1ticamente la potencia de transmisi\u00f3n de la unidad base cuando el auricular se encuentra cerca de ella. Este atributo no solo prolonga la vida \u00fatil de la carga de la bater\u00eda, sino que tambi\u00e9n disminuye el consumo el\u00e9ctrico y la radiaci\u00f3n innecesaria en el hogar.<\/div><\/div><\/div>\t\t\t\t<\/div>\n\t\t\t\t<\/div>\n\t\t\t\t<\/div>\n\t\t<div class=\"elementor-element elementor-element-d7abce1 e-con-full e-flex kitify-col-width-auto-no ignore-docs-style-no kitify-disable-relative-no e-con e-child\" data-id=\"d7abce1\" data-element_type=\"container\">\n\t\t\t\t<div class=\"elementor-element elementor-element-38404c5 kitify-equal-height-disable elementor-widget kitify elementor-kitify-icon-box\" data-id=\"38404c5\" data-element_type=\"widget\" data-widget_type=\"kitify-icon-box.default\">\n\t\t\t\t<div class=\"elementor-widget-container\">\n\t\t\t\t\t<div class=\"kitify-iconbox kitify-iconbox__icon-align-top elementor-animation- \" data-kitify-element-link=\"{&quot;url&quot;:&quot;#&quot;,&quot;is_external&quot;:&quot;&quot;,&quot;nofollow&quot;:&quot;&quot;,&quot;custom_attributes&quot;:&quot;&quot;}\" style=\"cursor: pointer\"><div class=\"kitify-iconbox__box_header elementor-animation-\"><div class=\"kitify-iconbox__box_icon icon_pos_top\"><img decoding=\"async\" src=\"https:\/\/superbodega.mx\/wp-content\/uploads\/2026\/04\/3_KX-TGK210MEW_1350-x-990_SITIO-WEB_3.png\" alt=\"3_KX-TGK210MEW_1350 x 990_SITIO WEB_3\" class=\"kitify-iconbox__main_img\" loading=\"lazy\"><\/div><\/div><div class=\"kitify-iconbox__box_body\"><h3 class=\"kitify-iconbox__title\">Bloqueo de Llamadas Privacidad y Control Total <\/h3><div class=\"kitify-iconbox__desc\">Resaltando su utilidad pr\u00e1ctica, el equipo cuenta con una funci\u00f3n espec\u00edfica para restringir n\u00fameros no deseados o llamadas molestas. Esta herramienta permite al usuario mantener la tranquilidad en su espacio personal, filtrando las comunicaciones de forma sencilla y eficiente desde el men\u00fa de configuraci\u00f3n.<\/div><\/div><\/div>\t\t\t\t<\/div>\n\t\t\t\t<\/div>\n\t\t\t\t<\/div>\n\t\t\t\t<\/div>\n\t\t<div class=\"elementor-element elementor-element-e60f0de e-flex e-con-boxed kitify-col-width-auto-no ignore-docs-style-no kitify-disable-relative-no e-root-container elementor-top-section e-con e-parent\" data-id=\"e60f0de\" data-element_type=\"container\">\n\t\t\t\t\t<div class=\"e-con-inner\">\n\t\t\t\t<div class=\"elementor-element elementor-element-fb8b39d elementor-widget elementor-widget-spacer\" data-id=\"fb8b39d\" data-element_type=\"widget\" data-widget_type=\"spacer.default\">\n\t\t\t\t\t\t\t<div class=\"elementor-spacer\">\n\t\t\t<div class=\"elementor-spacer-inner\"><\/div>\n\t\t<\/div>\n\t\t\t\t\t\t<\/div>\n\t\t<div class=\"elementor-element elementor-element-96ca684 e-con-full e-flex kitify-col-width-auto-no ignore-docs-style-no kitify-disable-relative-no e-con e-child\" data-id=\"96ca684\" data-element_type=\"container\">\n\t\t\t\t<div class=\"elementor-element elementor-element-e2b0570 elementor-widget elementor-widget-image\" data-id=\"e2b0570\" data-element_type=\"widget\" data-widget_type=\"image.default\">\n\t\t\t\t\t\t\t\t\t\t\t\t\t\t\t<img decoding=\"async\" width=\"1700\" height=\"1070\" src=\"https:\/\/superbodega.mx\/wp-content\/uploads\/2026\/04\/2_KX-TGK210MEW_1700-x-1070_SITIO-WEB_2.png\" class=\"attachment-full size-full wp-image-10780\" alt=\"\" srcset=\"https:\/\/superbodega.mx\/wp-content\/uploads\/2026\/04\/2_KX-TGK210MEW_1700-x-1070_SITIO-WEB_2.png 1700w, https:\/\/superbodega.mx\/wp-content\/uploads\/2026\/04\/2_KX-TGK210MEW_1700-x-1070_SITIO-WEB_2-300x189.png 300w, https:\/\/superbodega.mx\/wp-content\/uploads\/2026\/04\/2_KX-TGK210MEW_1700-x-1070_SITIO-WEB_2-1024x645.png 1024w, https:\/\/superbodega.mx\/wp-content\/uploads\/2026\/04\/2_KX-TGK210MEW_1700-x-1070_SITIO-WEB_2-768x483.png 768w, https:\/\/superbodega.mx\/wp-content\/uploads\/2026\/04\/2_KX-TGK210MEW_1700-x-1070_SITIO-WEB_2-1536x967.png 1536w, https:\/\/superbodega.mx\/wp-content\/uploads\/2026\/04\/2_KX-TGK210MEW_1700-x-1070_SITIO-WEB_2-1000x629.png 1000w, https:\/\/superbodega.mx\/wp-content\/uploads\/2026\/04\/2_KX-TGK210MEW_1700-x-1070_SITIO-WEB_2-64x40.png 64w\" sizes=\"(max-width: 1700px) 100vw, 1700px\" \/>\t\t\t\t\t\t\t\t\t\t\t\t\t\t\t<\/div>\n\t\t\t\t<\/div>\n\t\t\t\t\t<\/div>\n\t\t\t\t<\/div>\n\t\t<div class=\"elementor-element elementor-element-d648c80 e-flex e-con-boxed kitify-col-width-auto-no ignore-docs-style-no kitify-disable-relative-no e-root-container elementor-top-section e-con e-parent\" data-id=\"d648c80\" data-element_type=\"container\">\n\t\t\t\t\t<div class=\"e-con-inner\">\n\t\t\t\t<div class=\"elementor-element elementor-element-e4fa54b elementor-widget elementor-widget-heading\" data-id=\"e4fa54b\" data-element_type=\"widget\" data-widget_type=\"heading.default\">\n\t\t\t\t\t<p class=\"elementor-heading-title elementor-size-default\">\n\n<\/p>\t\t\t\t<\/div>\n\t\t\t\t<div class=\"elementor-element elementor-element-4b12574 elementor-widget elementor-widget-text-editor\" data-id=\"4b12574\" data-element_type=\"widget\" data-widget_type=\"text-editor.default\">\n\t\t\t\t\t\t\t\t\t<h1 class=\"a-size-base-plus a-text-bold\">Acerca de este art\u00edculo<\/h1><ul><li>Colore: W [Blanco]<\/li><li>Auriculares Inal\u00e1mbricos (Cantidad): 1<\/li><li>Frecuencia: 1.9 GHz<\/li><li>Rango de Frecuencia: 1.92 GHz &#8211; 1.93 GHz<\/li><li>N\u00famero de Canales: 60 Canales<\/li><li>Sistema: DECT<\/li><li>N\u00famero de L\u00edneas Telef\u00f3nicas: 1<\/li><li>Capacidad de M\u00faltiples Auriculares Inal\u00e1mbricos: Hasta 6 Auriculares *\u00b9<\/li><li>Capacidad de M\u00faltiples Unidades Base: Hasta 4 Unidades Base<\/li><li>Lenguajes en pantalla LCD: Espa\u00f1ol<\/li><li>Modo Eco \/ One Touch Eco: S\u00ed<\/li><li>Sistema de Sonido Personalizado (Ecualizador): Agudos\/ Altos\/ Graves<\/li><li>ontestar con Cualquier Bot\u00f3n: S\u00ed<\/li><li>Modo Nocturno: S\u00ed<\/li><li>Correo de Voz: S\u00ed<\/li><li>Llamada en Conferencia con L\u00ednea Exterior: S\u00ed , 3 V\u00edas<\/li><li>Compartir Llamada: S\u00ed<\/li><li>Intercomunicaci\u00f3n (Entre Auriculares Inal\u00e1mbricos): S\u00ed<\/li><li>Reloj: S\u00ed<\/li><li>Alarma (Alarma para Despertar \/ Recordatorio): S\u00ed<\/li><li>Alarma Avanzada (Un d\u00eda de la semana, Siesta Breve): S\u00ed<\/li><li>Medidas de Unidad Base (AlxAnxF) cm: 19.3 x 6.4 x 7<\/li><li>Medidas de Auricular Inal\u00e1mbrico (AlxAnxF) cm: 17.7 x 5.1 x 3.1<\/li><li>Peso de Unidad Base: 140 g<\/li><li>Peso de Auricular Inal\u00e1mbrico con Bater\u00edas: 150 g<\/li><\/ul><p>\u00a0<\/p>\t\t\t\t\t\t\t\t<\/div>\n\t\t\t\t\t<\/div>\n\t\t\t\t<\/div>\n\t\t\t\t<\/div>\n\t\t\n","protected":false},"excerpt":{"rendered":"<p>El Panasonic KX-TGK210MEW es un tel\u00e9fono inal\u00e1mbrico digital con un dise\u00f1o vanguardista y minimalista en color blanco que se integra perfectamente como un elemento decorativo en cualquier espacio moderno.<\/p>\n","protected":false},"featured_media":8369,"template":"","meta":[],"product_brand":[124],"product_cat":[277,72,151],"product_tag":[340,341],"class_list":{"0":"post-8368","1":"product","2":"type-product","3":"status-publish","4":"has-post-thumbnail","6":"product_brand-panasonic","7":"product_cat-telefonos-comunicacion","8":"product_cat-tecnologia","9":"product_cat-comunicacion","10":"product_tag-comunicacion","11":"product_tag-telefonos","13":"first","14":"instock","15":"shipping-taxable","16":"purchasable","17":"product-type-simple"},"_links":{"self":[{"href":"https:\/\/superbodega.mx\/index.php?rest_route=\/wp\/v2\/product\/8368","targetHints":{"allow":["GET"]}}],"collection":[{"href":"https:\/\/superbodega.mx\/index.php?rest_route=\/wp\/v2\/product"}],"about":[{"href":"https:\/\/superbodega.mx\/index.php?rest_route=\/wp\/v2\/types\/product"}],"wp:featuredmedia":[{"embeddable":true,"href":"https:\/\/superbodega.mx\/index.php?rest_route=\/wp\/v2\/media\/8369"}],"wp:attachment":[{"href":"https:\/\/superbodega.mx\/index.php?rest_route=%2Fwp%2Fv2%2Fmedia&parent=8368"}],"wp:term":[{"taxonomy":"product_brand","embeddable":true,"href":"https:\/\/superbodega.mx\/index.php?rest_route=%2Fwp%2Fv2%2Fproduct_brand&post=8368"},{"taxonomy":"product_cat","embeddable":true,"href":"https:\/\/superbodega.mx\/index.php?rest_route=%2Fwp%2Fv2%2Fproduct_cat&post=8368"},{"taxonomy":"product_tag","embeddable":true,"href":"https:\/\/superbodega.mx\/index.php?rest_route=%2Fwp%2Fv2%2Fproduct_tag&post=8368"}],"curies":[{"name":"wp","href":"https:\/\/api.w.org\/{rel}","templated":true}]}}