{"id":8357,"date":"2026-01-29T11:43:01","date_gmt":"2026-01-29T17:43:01","guid":{"rendered":"https:\/\/superbodega.mx\/?post_type=product&#038;p=8357"},"modified":"2026-04-15T16:14:04","modified_gmt":"2026-04-15T22:14:04","slug":"telefono-asico-con-extension","status":"publish","type":"product","link":"https:\/\/superbodega.mx\/?product=telefono-asico-con-extension","title":{"rendered":"Tel\u00e9fono asico con extensi\u00f3n."},"content":{"rendered":"\t\t<div data-elementor-type=\"section\" data-elementor-id=\"10769\" class=\"elementor elementor-10769\" data-elementor-post-type=\"elementor_library\">\n\t\t\t<div class=\"elementor-element elementor-element-15d756c e-flex e-con-boxed kitify-col-width-auto-no ignore-docs-style-no kitify-disable-relative-no e-root-container elementor-top-section e-con e-parent\" data-id=\"15d756c\" data-element_type=\"container\">\n\t\t\t\t\t<div class=\"e-con-inner\">\n\t\t\t\t<div class=\"elementor-element elementor-element-2d29746 elementor-widget__width-initial elementor-widget elementor-widget-heading\" data-id=\"2d29746\" data-element_type=\"widget\" data-widget_type=\"heading.default\">\n\t\t\t\t\t<h3 class=\"elementor-heading-title elementor-size-default\">Este modelo destaca por su dise\u00f1o compacto y funcional que permite una instalaci\u00f3n sencilla en espacios reducidos manteniendo una est\u00e9tica moderna y profesional.<\/h3>\t\t\t\t<\/div>\n\t\t\t\t\t<\/div>\n\t\t\t\t<\/div>\n\t\t<div class=\"elementor-element elementor-element-04a884f e-flex e-con-boxed kitify-col-width-auto-no ignore-docs-style-no kitify-disable-relative-no e-root-container elementor-top-section e-con e-parent\" data-id=\"04a884f\" data-element_type=\"container\">\n\t\t\t\t\t<div class=\"e-con-inner\">\n\t\t\t\t<div class=\"elementor-element elementor-element-f66a25a elementor-widget elementor-widget-image\" data-id=\"f66a25a\" data-element_type=\"widget\" data-widget_type=\"image.default\">\n\t\t\t\t\t\t\t\t\t\t\t\t\t\t\t<img fetchpriority=\"high\" decoding=\"async\" width=\"1700\" height=\"1070\" src=\"https:\/\/superbodega.mx\/wp-content\/uploads\/2026\/04\/1_KX-TGB112ME_1700-x-1070_SITIO-WEB_2B.png\" class=\"attachment-full size-full wp-image-11179\" alt=\"\" srcset=\"https:\/\/superbodega.mx\/wp-content\/uploads\/2026\/04\/1_KX-TGB112ME_1700-x-1070_SITIO-WEB_2B.png 1700w, https:\/\/superbodega.mx\/wp-content\/uploads\/2026\/04\/1_KX-TGB112ME_1700-x-1070_SITIO-WEB_2B-300x189.png 300w, https:\/\/superbodega.mx\/wp-content\/uploads\/2026\/04\/1_KX-TGB112ME_1700-x-1070_SITIO-WEB_2B-1024x645.png 1024w, https:\/\/superbodega.mx\/wp-content\/uploads\/2026\/04\/1_KX-TGB112ME_1700-x-1070_SITIO-WEB_2B-768x483.png 768w, https:\/\/superbodega.mx\/wp-content\/uploads\/2026\/04\/1_KX-TGB112ME_1700-x-1070_SITIO-WEB_2B-1536x967.png 1536w, https:\/\/superbodega.mx\/wp-content\/uploads\/2026\/04\/1_KX-TGB112ME_1700-x-1070_SITIO-WEB_2B-1000x629.png 1000w, https:\/\/superbodega.mx\/wp-content\/uploads\/2026\/04\/1_KX-TGB112ME_1700-x-1070_SITIO-WEB_2B-64x40.png 64w\" sizes=\"(max-width: 1700px) 100vw, 1700px\" \/>\t\t\t\t\t\t\t\t\t\t\t\t\t\t\t<\/div>\n\t\t\t\t\t<\/div>\n\t\t\t\t<\/div>\n\t\t<div class=\"elementor-element elementor-element-1c9d168 e-flex e-con-boxed kitify-col-width-auto-no ignore-docs-style-no kitify-disable-relative-no e-root-container elementor-top-section e-con e-parent\" data-id=\"1c9d168\" data-element_type=\"container\">\n\t\t\t\t\t<div class=\"e-con-inner\">\n\t\t\t\t<div class=\"elementor-element elementor-element-7668461 elementor-widget elementor-widget-heading\" data-id=\"7668461\" data-element_type=\"widget\" data-widget_type=\"heading.default\">\n\t\t\t\t\t<p class=\"elementor-heading-title elementor-size-default\">Se trata de una soluci\u00f3n de telefon\u00eda dom\u00e9stica confiable que integra funciones esenciales de gesti\u00f3n de llamadas y una bater\u00eda de larga duraci\u00f3n para conversaciones extensas.<\/p>\t\t\t\t<\/div>\n\t\t\t\t\t<\/div>\n\t\t\t\t<\/div>\n\t\t<div class=\"elementor-element elementor-element-b96aa6f e-con-full e-flex kitify-col-width-auto-no ignore-docs-style-no kitify-disable-relative-no e-root-container elementor-top-section e-con e-parent\" data-id=\"b96aa6f\" data-element_type=\"container\">\n\t\t<div class=\"elementor-element elementor-element-505396a e-con-full e-flex kitify-col-width-auto-no ignore-docs-style-no kitify-disable-relative-no e-con e-child\" data-id=\"505396a\" data-element_type=\"container\">\n\t\t\t\t<div class=\"elementor-element elementor-element-26ccae1 kitify-equal-height-disable elementor-widget kitify elementor-kitify-icon-box\" data-id=\"26ccae1\" data-element_type=\"widget\" data-widget_type=\"kitify-icon-box.default\">\n\t\t\t\t<div class=\"elementor-widget-container\">\n\t\t\t\t\t<div class=\"kitify-iconbox kitify-iconbox__icon-align-top elementor-animation- \" data-kitify-element-link=\"{&quot;url&quot;:&quot;#&quot;,&quot;is_external&quot;:&quot;&quot;,&quot;nofollow&quot;:&quot;&quot;,&quot;custom_attributes&quot;:&quot;&quot;}\" style=\"cursor: pointer\"><div class=\"kitify-iconbox__box_header elementor-animation-\"><div class=\"kitify-iconbox__box_icon icon_pos_top\"><img decoding=\"async\" src=\"https:\/\/superbodega.mx\/wp-content\/uploads\/2026\/04\/1_KX-TGB112MEB_1350-x-990_SITIO-WEB_3.png\" alt=\"1_KX-TGB112MEB_1350 x 990_SITIO WEB_3\" class=\"kitify-iconbox__main_img\" loading=\"lazy\"><\/div><\/div><div class=\"kitify-iconbox__box_body\"><h3 class=\"kitify-iconbox__title\">Tecnolog\u00eda DECT Digital Claridad de Voz Superior <\/h3><div class=\"kitify-iconbox__desc\">El atributo principal es su est\u00e1ndar de comunicaci\u00f3n digital que elimina las interferencias causadas por otros dispositivos electr\u00f3nicos. Esta caracter\u00edstica asegura que la voz se escuche con total nitidez y fidelidad permitiendo una comunicaci\u00f3n fluida incluso a distancias considerables de la base.<\/div><\/div><\/div>\t\t\t\t<\/div>\n\t\t\t\t<\/div>\n\t\t\t\t<\/div>\n\t\t<div class=\"elementor-element elementor-element-c584536 e-con-full e-flex kitify-col-width-auto-no ignore-docs-style-no kitify-disable-relative-no e-con e-child\" data-id=\"c584536\" data-element_type=\"container\">\n\t\t\t\t<div class=\"elementor-element elementor-element-e850582 kitify-equal-height-disable elementor-widget kitify elementor-kitify-icon-box\" data-id=\"e850582\" data-element_type=\"widget\" data-widget_type=\"kitify-icon-box.default\">\n\t\t\t\t<div class=\"elementor-widget-container\">\n\t\t\t\t\t<div class=\"kitify-iconbox kitify-iconbox__icon-align-top elementor-animation- \" data-kitify-element-link=\"{&quot;url&quot;:&quot;#&quot;,&quot;is_external&quot;:&quot;&quot;,&quot;nofollow&quot;:&quot;&quot;,&quot;custom_attributes&quot;:&quot;&quot;}\" style=\"cursor: pointer\"><div class=\"kitify-iconbox__box_header elementor-animation-\"><div class=\"kitify-iconbox__box_icon icon_pos_top\"><img decoding=\"async\" src=\"https:\/\/superbodega.mx\/wp-content\/uploads\/2026\/04\/2_KX-TGB112MEB_1350-x-990_SITIO-WEB_3.png\" alt=\"2_KX-TGB112MEB_1350 x 990_SITIO WEB_3\" class=\"kitify-iconbox__main_img\" loading=\"lazy\"><\/div><\/div><div class=\"kitify-iconbox__box_body\"><h3 class=\"kitify-iconbox__title\">Identificador de Llamadas Gesti\u00f3n y Control Total <\/h3><div class=\"kitify-iconbox__desc\">Este equipo incorpora una pantalla LCD de f\u00e1cil lectura que muestra el n\u00famero de quien llama antes de contestar. Este atributo permite identificar r\u00e1pidamente los contactos importantes y llevar un registro de las llamadas perdidas para mantener siempre el control de las comunicaciones entrantes.<\/div><\/div><\/div>\t\t\t\t<\/div>\n\t\t\t\t<\/div>\n\t\t\t\t<\/div>\n\t\t<div class=\"elementor-element elementor-element-d7abce1 e-con-full e-flex kitify-col-width-auto-no ignore-docs-style-no kitify-disable-relative-no e-con e-child\" data-id=\"d7abce1\" data-element_type=\"container\">\n\t\t\t\t<div class=\"elementor-element elementor-element-38404c5 kitify-equal-height-disable elementor-widget kitify elementor-kitify-icon-box\" data-id=\"38404c5\" data-element_type=\"widget\" data-widget_type=\"kitify-icon-box.default\">\n\t\t\t\t<div class=\"elementor-widget-container\">\n\t\t\t\t\t<div class=\"kitify-iconbox kitify-iconbox__icon-align-top elementor-animation- \" data-kitify-element-link=\"{&quot;url&quot;:&quot;#&quot;,&quot;is_external&quot;:&quot;&quot;,&quot;nofollow&quot;:&quot;&quot;,&quot;custom_attributes&quot;:&quot;&quot;}\" style=\"cursor: pointer\"><div class=\"kitify-iconbox__box_header elementor-animation-\"><div class=\"kitify-iconbox__box_icon icon_pos_top\"><img decoding=\"async\" src=\"https:\/\/superbodega.mx\/wp-content\/uploads\/2026\/04\/3_KX-TGB112MEB_1350-x-990_SITIO-WEB_3.png\" alt=\"3_KX-TGB112MEB_1350 x 990_SITIO WEB_3\" class=\"kitify-iconbox__main_img\" loading=\"lazy\"><\/div><\/div><div class=\"kitify-iconbox__box_body\"><h3 class=\"kitify-iconbox__title\">Modo Eco Inteligente M\u00e1xima Eficiencia de Bater\u00eda <\/h3><div class=\"kitify-iconbox__desc\">Resaltando su capacidad energ\u00e9tica el tel\u00e9fono ajusta autom\u00e1ticamente el consumo de potencia dependiendo de la distancia entre el auricular y la base. Esto no solo prolonga la vida \u00fatil de la bater\u00eda durante las llamadas sino que tambi\u00e9n reduce el impacto ambiental al optimizar el uso de electricidad.<\/div><\/div><\/div>\t\t\t\t<\/div>\n\t\t\t\t<\/div>\n\t\t\t\t<\/div>\n\t\t\t\t<\/div>\n\t\t<div class=\"elementor-element elementor-element-e60f0de e-flex e-con-boxed kitify-col-width-auto-no ignore-docs-style-no kitify-disable-relative-no e-root-container elementor-top-section e-con e-parent\" data-id=\"e60f0de\" data-element_type=\"container\">\n\t\t\t\t\t<div class=\"e-con-inner\">\n\t\t\t\t<div class=\"elementor-element elementor-element-fb8b39d elementor-widget elementor-widget-spacer\" data-id=\"fb8b39d\" data-element_type=\"widget\" data-widget_type=\"spacer.default\">\n\t\t\t\t\t\t\t<div class=\"elementor-spacer\">\n\t\t\t<div class=\"elementor-spacer-inner\"><\/div>\n\t\t<\/div>\n\t\t\t\t\t\t<\/div>\n\t\t<div class=\"elementor-element elementor-element-96ca684 e-con-full e-flex kitify-col-width-auto-no ignore-docs-style-no kitify-disable-relative-no e-con e-child\" data-id=\"96ca684\" data-element_type=\"container\">\n\t\t\t\t<div class=\"elementor-element elementor-element-e2b0570 elementor-widget elementor-widget-image\" data-id=\"e2b0570\" data-element_type=\"widget\" data-widget_type=\"image.default\">\n\t\t\t\t\t\t\t\t\t\t\t\t\t\t\t<img decoding=\"async\" width=\"1700\" height=\"1070\" src=\"https:\/\/superbodega.mx\/wp-content\/uploads\/2026\/04\/2_KX-TGB112ME_1700-x-1070_SITIO-WEB_2.png\" class=\"attachment-full size-full wp-image-11183\" alt=\"\" srcset=\"https:\/\/superbodega.mx\/wp-content\/uploads\/2026\/04\/2_KX-TGB112ME_1700-x-1070_SITIO-WEB_2.png 1700w, https:\/\/superbodega.mx\/wp-content\/uploads\/2026\/04\/2_KX-TGB112ME_1700-x-1070_SITIO-WEB_2-300x189.png 300w, https:\/\/superbodega.mx\/wp-content\/uploads\/2026\/04\/2_KX-TGB112ME_1700-x-1070_SITIO-WEB_2-1024x645.png 1024w, https:\/\/superbodega.mx\/wp-content\/uploads\/2026\/04\/2_KX-TGB112ME_1700-x-1070_SITIO-WEB_2-768x483.png 768w, https:\/\/superbodega.mx\/wp-content\/uploads\/2026\/04\/2_KX-TGB112ME_1700-x-1070_SITIO-WEB_2-1536x967.png 1536w, https:\/\/superbodega.mx\/wp-content\/uploads\/2026\/04\/2_KX-TGB112ME_1700-x-1070_SITIO-WEB_2-1000x629.png 1000w, https:\/\/superbodega.mx\/wp-content\/uploads\/2026\/04\/2_KX-TGB112ME_1700-x-1070_SITIO-WEB_2-64x40.png 64w\" sizes=\"(max-width: 1700px) 100vw, 1700px\" \/>\t\t\t\t\t\t\t\t\t\t\t\t\t\t\t<\/div>\n\t\t\t\t<\/div>\n\t\t\t\t\t<\/div>\n\t\t\t\t<\/div>\n\t\t<div class=\"elementor-element elementor-element-d648c80 e-flex e-con-boxed kitify-col-width-auto-no ignore-docs-style-no kitify-disable-relative-no e-root-container elementor-top-section e-con e-parent\" data-id=\"d648c80\" data-element_type=\"container\">\n\t\t\t\t\t<div class=\"e-con-inner\">\n\t\t\t\t<div class=\"elementor-element elementor-element-e4fa54b elementor-widget elementor-widget-heading\" data-id=\"e4fa54b\" data-element_type=\"widget\" data-widget_type=\"heading.default\">\n\t\t\t\t\t<p class=\"elementor-heading-title elementor-size-default\">\n\n<\/p>\t\t\t\t<\/div>\n\t\t\t\t<div class=\"elementor-element elementor-element-4b12574 elementor-widget elementor-widget-text-editor\" data-id=\"4b12574\" data-element_type=\"widget\" data-widget_type=\"text-editor.default\">\n\t\t\t\t\t\t\t\t\t<h1 class=\"a-size-base-plus a-text-bold\">Acerca de este art\u00edculo<\/h1><ul><li>Color: B [Negro]<\/li><li>Auriculares (Cantidad): 1<\/li><li>Frecuencia: 1.9 GHz<\/li><li>Rango de Frecuencia: 1.91 GHz &#8211; 1.93 GHz<\/li><li>N\u00famero de Canales: 5 Canales<\/li><li>Sistema: DECT<\/li><li>N\u00famero de L\u00edneas Telef\u00f3nicas: 1<\/li><li>Capacidad para M\u00faltiples Auriculares: 2<\/li><li>Lenguajes en Pantalla LCD: Checo, Holand\u00e9s, Ingl\u00e9s, Dan\u00e9s, Franc\u00e9s, Alem\u00e1n, Griego, H\u00fangaro, Italiano, Noruego, Polaco, Portugu\u00e9s, Ruso, Eslovaco, Espa\u00f1ol, Sueco, Turco.<\/li><li>Alarma: S\u00ed<\/li><li>Alarma Avanzada: S\u00ed<\/li><li>Memoria de Identificador de Llamadas. 20 llamadas<\/li><li>Memoria de Directorio en Unidad Base (Nombre\/N\u00famero): 50 n\u00fameros telef\u00f3nicos (12 caracteres\/24 d\u00edgitos)<\/li><li>Marcaci\u00f3n R\u00e1pida en Auricular Inal\u00e1mbrico: S\u00ed (2 n\u00fameros telef\u00f3nicos)<\/li><li>Auricular: LCD<\/li><li>Patr\u00f3n de Tonos de Llamada (Tono+Melod\u00eda): 5 (5+0)<\/li><li>Tono de Llamada con Niveles de Volumen. 5 + Desactivado<\/li><li>Volumen de Receptor con Niveles: 5<\/li><li>Memoria de Remarcaci\u00f3n: 10 (Nombre y N\u00famero Telef\u00f3nico)<\/li><li>Medidas de Unidad Base (AnxFxAl) cm: 8.7 x 5.9 x 7.7<\/li><li>Medidas de Auricular (AnxFxAl) cm: 4.8 x 3.3 x 14.5<\/li><li>Medidas de Cargador (AnxFxAl) cm: 7.2 x 6.1 x 5.8<\/li><li>Peso de Unidad Base: 70 g<\/li><li>Peso de Auricular inal\u00e1mbrico con Bater\u00edas: 110 g<\/li><li>Peso de Cargador: 40 g<\/li><\/ul><p>\u00a0<\/p>\t\t\t\t\t\t\t\t<\/div>\n\t\t\t\t\t<\/div>\n\t\t\t\t<\/div>\n\t\t\t\t<\/div>\n\t\t\n","protected":false},"excerpt":{"rendered":"<p>El tel\u00e9fono inal\u00e1mbrico Panasonic KX-TGB112MEB es un sistema digital de dos auriculares dise\u00f1ado para ofrecer una comunicaci\u00f3n clara y sin interferencias en cualquier rinc\u00f3n del hogar o la oficina.<\/p>\n","protected":false},"featured_media":8358,"template":"","meta":[],"product_brand":[124],"product_cat":[277,72,151],"product_tag":[340,341],"class_list":{"0":"post-8357","1":"product","2":"type-product","3":"status-publish","4":"has-post-thumbnail","6":"product_brand-panasonic","7":"product_cat-telefonos-comunicacion","8":"product_cat-tecnologia","9":"product_cat-comunicacion","10":"product_tag-comunicacion","11":"product_tag-telefonos","13":"first","14":"instock","15":"shipping-taxable","16":"purchasable","17":"product-type-simple"},"_links":{"self":[{"href":"https:\/\/superbodega.mx\/index.php?rest_route=\/wp\/v2\/product\/8357","targetHints":{"allow":["GET"]}}],"collection":[{"href":"https:\/\/superbodega.mx\/index.php?rest_route=\/wp\/v2\/product"}],"about":[{"href":"https:\/\/superbodega.mx\/index.php?rest_route=\/wp\/v2\/types\/product"}],"wp:featuredmedia":[{"embeddable":true,"href":"https:\/\/superbodega.mx\/index.php?rest_route=\/wp\/v2\/media\/8358"}],"wp:attachment":[{"href":"https:\/\/superbodega.mx\/index.php?rest_route=%2Fwp%2Fv2%2Fmedia&parent=8357"}],"wp:term":[{"taxonomy":"product_brand","embeddable":true,"href":"https:\/\/superbodega.mx\/index.php?rest_route=%2Fwp%2Fv2%2Fproduct_brand&post=8357"},{"taxonomy":"product_cat","embeddable":true,"href":"https:\/\/superbodega.mx\/index.php?rest_route=%2Fwp%2Fv2%2Fproduct_cat&post=8357"},{"taxonomy":"product_tag","embeddable":true,"href":"https:\/\/superbodega.mx\/index.php?rest_route=%2Fwp%2Fv2%2Fproduct_tag&post=8357"}],"curies":[{"name":"wp","href":"https:\/\/api.w.org\/{rel}","templated":true}]}}