{"id":8328,"date":"2026-01-29T11:00:25","date_gmt":"2026-01-29T17:00:25","guid":{"rendered":"https:\/\/superbodega.mx\/?post_type=product&#038;p=8328"},"modified":"2026-04-14T16:42:32","modified_gmt":"2026-04-14T22:42:32","slug":"calefactor-con-display-y-1400-w-de-potencia","status":"publish","type":"product","link":"https:\/\/superbodega.mx\/?product=calefactor-con-display-y-1400-w-de-potencia","title":{"rendered":"Calefactor con display y 1400 w de potencia."},"content":{"rendered":"\t\t<div data-elementor-type=\"section\" data-elementor-id=\"11022\" class=\"elementor elementor-11022\" data-elementor-post-type=\"elementor_library\">\n\t\t\t<div class=\"elementor-element elementor-element-15d756c e-flex e-con-boxed kitify-col-width-auto-no ignore-docs-style-no kitify-disable-relative-no e-root-container elementor-top-section e-con e-parent\" data-id=\"15d756c\" data-element_type=\"container\">\n\t\t\t\t\t<div class=\"e-con-inner\">\n\t\t\t\t<div class=\"elementor-element elementor-element-2d29746 elementor-widget__width-initial elementor-widget elementor-widget-heading\" data-id=\"2d29746\" data-element_type=\"widget\" data-widget_type=\"heading.default\">\n\t\t\t\t\t<h3 class=\"elementor-heading-title elementor-size-default\">Este modelo combina un dise\u00f1o compacto y moderno con controles digitales precisos, permitiendo un manejo intuitivo de las funciones de climatizaci\u00f3n para mantener el hogar siempre confortable.<\/h3>\t\t\t\t<\/div>\n\t\t\t\t\t<\/div>\n\t\t\t\t<\/div>\n\t\t<div class=\"elementor-element elementor-element-04a884f e-flex e-con-boxed kitify-col-width-auto-no ignore-docs-style-no kitify-disable-relative-no e-root-container elementor-top-section e-con e-parent\" data-id=\"04a884f\" data-element_type=\"container\">\n\t\t\t\t\t<div class=\"e-con-inner\">\n\t\t\t\t<div class=\"elementor-element elementor-element-f66a25a elementor-widget elementor-widget-image\" data-id=\"f66a25a\" data-element_type=\"widget\" data-widget_type=\"image.default\">\n\t\t\t\t\t\t\t\t\t\t\t\t\t\t\t<img fetchpriority=\"high\" decoding=\"async\" width=\"1700\" height=\"1070\" src=\"https:\/\/superbodega.mx\/wp-content\/uploads\/2026\/04\/1_TAE517_1700-x-1070_SITIO-WEB_2.png\" class=\"attachment-full size-full wp-image-11026\" alt=\"\" srcset=\"https:\/\/superbodega.mx\/wp-content\/uploads\/2026\/04\/1_TAE517_1700-x-1070_SITIO-WEB_2.png 1700w, https:\/\/superbodega.mx\/wp-content\/uploads\/2026\/04\/1_TAE517_1700-x-1070_SITIO-WEB_2-300x189.png 300w, https:\/\/superbodega.mx\/wp-content\/uploads\/2026\/04\/1_TAE517_1700-x-1070_SITIO-WEB_2-1024x645.png 1024w, https:\/\/superbodega.mx\/wp-content\/uploads\/2026\/04\/1_TAE517_1700-x-1070_SITIO-WEB_2-768x483.png 768w, https:\/\/superbodega.mx\/wp-content\/uploads\/2026\/04\/1_TAE517_1700-x-1070_SITIO-WEB_2-1536x967.png 1536w, https:\/\/superbodega.mx\/wp-content\/uploads\/2026\/04\/1_TAE517_1700-x-1070_SITIO-WEB_2-1000x629.png 1000w, https:\/\/superbodega.mx\/wp-content\/uploads\/2026\/04\/1_TAE517_1700-x-1070_SITIO-WEB_2-64x40.png 64w\" sizes=\"(max-width: 1700px) 100vw, 1700px\" \/>\t\t\t\t\t\t\t\t\t\t\t\t\t\t\t<\/div>\n\t\t\t\t\t<\/div>\n\t\t\t\t<\/div>\n\t\t<div class=\"elementor-element elementor-element-1c9d168 e-flex e-con-boxed kitify-col-width-auto-no ignore-docs-style-no kitify-disable-relative-no e-root-container elementor-top-section e-con e-parent\" data-id=\"1c9d168\" data-element_type=\"container\">\n\t\t\t\t\t<div class=\"e-con-inner\">\n\t\t\t\t<div class=\"elementor-element elementor-element-7668461 elementor-widget elementor-widget-heading\" data-id=\"7668461\" data-element_type=\"widget\" data-widget_type=\"heading.default\">\n\t\t\t\t\t<p class=\"elementor-heading-title elementor-size-default\">Se trata de una unidad port\u00e1til y vers\u00e1til que integra m\u00faltiples sistemas de protecci\u00f3n, convirti\u00e9ndola en una opci\u00f3n confiable para el uso continuo durante las temporadas de fr\u00edo intenso.<\/p>\t\t\t\t<\/div>\n\t\t\t\t\t<\/div>\n\t\t\t\t<\/div>\n\t\t<div class=\"elementor-element elementor-element-b96aa6f e-con-full e-flex kitify-col-width-auto-no ignore-docs-style-no kitify-disable-relative-no e-root-container elementor-top-section e-con e-parent\" data-id=\"b96aa6f\" data-element_type=\"container\">\n\t\t<div class=\"elementor-element elementor-element-505396a e-con-full e-flex kitify-col-width-auto-no ignore-docs-style-no kitify-disable-relative-no e-con e-child\" data-id=\"505396a\" data-element_type=\"container\">\n\t\t\t\t<div class=\"elementor-element elementor-element-26ccae1 kitify-equal-height-disable elementor-widget kitify elementor-kitify-icon-box\" data-id=\"26ccae1\" data-element_type=\"widget\" data-widget_type=\"kitify-icon-box.default\">\n\t\t\t\t<div class=\"elementor-widget-container\">\n\t\t\t\t\t<div class=\"kitify-iconbox kitify-iconbox__icon-align-top elementor-animation- \" data-kitify-element-link=\"{&quot;url&quot;:&quot;#&quot;,&quot;is_external&quot;:&quot;&quot;,&quot;nofollow&quot;:&quot;&quot;,&quot;custom_attributes&quot;:&quot;&quot;}\" style=\"cursor: pointer\"><div class=\"kitify-iconbox__box_header elementor-animation-\"><div class=\"kitify-iconbox__box_icon icon_pos_top\"><img decoding=\"async\" src=\"https:\/\/superbodega.mx\/wp-content\/uploads\/2026\/04\/1_TAE517_1350-x-990_SITIO-WEB_3.png\" alt=\"1_TAE517_1350 x 990_SITIO WEB_3\" class=\"kitify-iconbox__main_img\" loading=\"lazy\"><\/div><\/div><div class=\"kitify-iconbox__box_body\"><h3 class=\"kitify-iconbox__title\">Control Digital de Precisi\u00f3n Gesti\u00f3n T\u00e9rmica Inteligente <\/h3><div class=\"kitify-iconbox__desc\">El atributo principal de este modelo es su display digital y panel t\u00e1ctil que permiten programar la temperatura exacta deseada. Esta caracter\u00edstica facilita el monitoreo constante del calor emitido y asegura que el ambiente se mantenga en el nivel de confort \u00f3ptimo sin variaciones molestas.<\/div><\/div><\/div>\t\t\t\t<\/div>\n\t\t\t\t<\/div>\n\t\t\t\t<\/div>\n\t\t<div class=\"elementor-element elementor-element-c584536 e-con-full e-flex kitify-col-width-auto-no ignore-docs-style-no kitify-disable-relative-no e-con e-child\" data-id=\"c584536\" data-element_type=\"container\">\n\t\t\t\t<div class=\"elementor-element elementor-element-e850582 kitify-equal-height-disable elementor-widget kitify elementor-kitify-icon-box\" data-id=\"e850582\" data-element_type=\"widget\" data-widget_type=\"kitify-icon-box.default\">\n\t\t\t\t<div class=\"elementor-widget-container\">\n\t\t\t\t\t<div class=\"kitify-iconbox kitify-iconbox__icon-align-top elementor-animation- \" data-kitify-element-link=\"{&quot;url&quot;:&quot;#&quot;,&quot;is_external&quot;:&quot;&quot;,&quot;nofollow&quot;:&quot;&quot;,&quot;custom_attributes&quot;:&quot;&quot;}\" style=\"cursor: pointer\"><div class=\"kitify-iconbox__box_header elementor-animation-\"><div class=\"kitify-iconbox__box_icon icon_pos_top\"><img decoding=\"async\" src=\"https:\/\/superbodega.mx\/wp-content\/uploads\/2026\/04\/2_TAE517_1350-x-990_SITIO-WEB_3.png\" alt=\"2_TAE517_1350 x 990_SITIO WEB_3\" class=\"kitify-iconbox__main_img\" loading=\"lazy\"><\/div><\/div><div class=\"kitify-iconbox__box_body\"><h3 class=\"kitify-iconbox__title\">M\u00e1ximo Alcance T\u00e9rmico Potencia de 1400 Watts <\/h3><div class=\"kitify-iconbox__desc\">Este calefactor destaca por su gran capacidad de generaci\u00f3n de calor, utilizando una configuraci\u00f3n de alta potencia para temperar habitaciones en pocos minutos. Su sistema de ventilaci\u00f3n forzada distribuye el aire caliente de manera uniforme, eliminando r\u00e1pidamente la sensaci\u00f3n de fr\u00edo en rincones alejados.<\/div><\/div><\/div>\t\t\t\t<\/div>\n\t\t\t\t<\/div>\n\t\t\t\t<\/div>\n\t\t<div class=\"elementor-element elementor-element-d7abce1 e-con-full e-flex kitify-col-width-auto-no ignore-docs-style-no kitify-disable-relative-no e-con e-child\" data-id=\"d7abce1\" data-element_type=\"container\">\n\t\t\t\t<div class=\"elementor-element elementor-element-38404c5 kitify-equal-height-disable elementor-widget kitify elementor-kitify-icon-box\" data-id=\"38404c5\" data-element_type=\"widget\" data-widget_type=\"kitify-icon-box.default\">\n\t\t\t\t<div class=\"elementor-widget-container\">\n\t\t\t\t\t<div class=\"kitify-iconbox kitify-iconbox__icon-align-top elementor-animation- \" data-kitify-element-link=\"{&quot;url&quot;:&quot;#&quot;,&quot;is_external&quot;:&quot;&quot;,&quot;nofollow&quot;:&quot;&quot;,&quot;custom_attributes&quot;:&quot;&quot;}\" style=\"cursor: pointer\"><div class=\"kitify-iconbox__box_header elementor-animation-\"><div class=\"kitify-iconbox__box_icon icon_pos_top\"><img decoding=\"async\" src=\"https:\/\/superbodega.mx\/wp-content\/uploads\/2026\/04\/3_TAE517_1350-x-990_SITIO-WEB_3.png\" alt=\"3_TAE517_1350 x 990_SITIO WEB_3\" class=\"kitify-iconbox__main_img\" loading=\"lazy\"><\/div><\/div><div class=\"kitify-iconbox__box_body\"><h3 class=\"kitify-iconbox__title\">Seguridad Avanzada Protecci\u00f3n contra Volcaduras y Sobrecalentamiento <\/h3><div class=\"kitify-iconbox__desc\">Resaltando su dise\u00f1o preventivo, el equipo cuenta con sensores de seguridad autom\u00e1ticos que interrumpen el funcionamiento si la unidad se inclina accidentalmente o si detecta temperaturas internas peligrosas. Este atributo garantiza una operaci\u00f3n libre de riesgos, incluso en hogares con mascotas o ni\u00f1os peque\u00f1os.<\/div><\/div><\/div>\t\t\t\t<\/div>\n\t\t\t\t<\/div>\n\t\t\t\t<\/div>\n\t\t\t\t<\/div>\n\t\t<div class=\"elementor-element elementor-element-e60f0de e-flex e-con-boxed kitify-col-width-auto-no ignore-docs-style-no kitify-disable-relative-no e-root-container elementor-top-section e-con e-parent\" data-id=\"e60f0de\" data-element_type=\"container\">\n\t\t\t\t\t<div class=\"e-con-inner\">\n\t\t\t\t<div class=\"elementor-element elementor-element-fb8b39d elementor-widget elementor-widget-spacer\" data-id=\"fb8b39d\" data-element_type=\"widget\" data-widget_type=\"spacer.default\">\n\t\t\t\t\t\t\t<div class=\"elementor-spacer\">\n\t\t\t<div class=\"elementor-spacer-inner\"><\/div>\n\t\t<\/div>\n\t\t\t\t\t\t<\/div>\n\t\t<div class=\"elementor-element elementor-element-96ca684 e-con-full e-flex kitify-col-width-auto-no ignore-docs-style-no kitify-disable-relative-no e-con e-child\" data-id=\"96ca684\" data-element_type=\"container\">\n\t\t\t\t<div class=\"elementor-element elementor-element-e2b0570 elementor-widget elementor-widget-image\" data-id=\"e2b0570\" data-element_type=\"widget\" data-widget_type=\"image.default\">\n\t\t\t\t\t\t\t\t\t\t\t\t\t\t\t<img decoding=\"async\" width=\"1700\" height=\"1070\" src=\"https:\/\/superbodega.mx\/wp-content\/uploads\/2026\/04\/2_TAE517_1700-x-1070_SITIO-WEB_2.png\" class=\"attachment-full size-full wp-image-11029\" alt=\"\" srcset=\"https:\/\/superbodega.mx\/wp-content\/uploads\/2026\/04\/2_TAE517_1700-x-1070_SITIO-WEB_2.png 1700w, https:\/\/superbodega.mx\/wp-content\/uploads\/2026\/04\/2_TAE517_1700-x-1070_SITIO-WEB_2-300x189.png 300w, https:\/\/superbodega.mx\/wp-content\/uploads\/2026\/04\/2_TAE517_1700-x-1070_SITIO-WEB_2-1024x645.png 1024w, https:\/\/superbodega.mx\/wp-content\/uploads\/2026\/04\/2_TAE517_1700-x-1070_SITIO-WEB_2-768x483.png 768w, https:\/\/superbodega.mx\/wp-content\/uploads\/2026\/04\/2_TAE517_1700-x-1070_SITIO-WEB_2-1536x967.png 1536w, https:\/\/superbodega.mx\/wp-content\/uploads\/2026\/04\/2_TAE517_1700-x-1070_SITIO-WEB_2-1000x629.png 1000w, https:\/\/superbodega.mx\/wp-content\/uploads\/2026\/04\/2_TAE517_1700-x-1070_SITIO-WEB_2-64x40.png 64w\" sizes=\"(max-width: 1700px) 100vw, 1700px\" \/>\t\t\t\t\t\t\t\t\t\t\t\t\t\t\t<\/div>\n\t\t\t\t<\/div>\n\t\t\t\t\t<\/div>\n\t\t\t\t<\/div>\n\t\t<div class=\"elementor-element elementor-element-d648c80 e-flex e-con-boxed kitify-col-width-auto-no ignore-docs-style-no kitify-disable-relative-no e-root-container elementor-top-section e-con e-parent\" data-id=\"d648c80\" data-element_type=\"container\">\n\t\t\t\t\t<div class=\"e-con-inner\">\n\t\t\t\t<div class=\"elementor-element elementor-element-e4fa54b elementor-widget elementor-widget-heading\" data-id=\"e4fa54b\" data-element_type=\"widget\" data-widget_type=\"heading.default\">\n\t\t\t\t\t<p class=\"elementor-heading-title elementor-size-default\">\n\n<\/p>\t\t\t\t<\/div>\n\t\t\t\t<div class=\"elementor-element elementor-element-4b12574 elementor-widget elementor-widget-text-editor\" data-id=\"4b12574\" data-element_type=\"widget\" data-widget_type=\"text-editor.default\">\n\t\t\t\t\t\t\t\t\t<h1 class=\"a-size-base-plus a-text-bold\">Acerca de este art\u00edculo<\/h1><ul><li>Calefactor cer\u00e1mico<\/li><li>2 niveles de potencia: 800 \/ 1400 watts<\/li><li>Cobertura hasta 14 mts2<\/li><li>Switch de seguridad contra ca\u00eddas<\/li><li>Con agarradera para f\u00e1cil desplazamiento<\/li><li>Oscilaci\u00f3n autom\u00e1tica<\/li><li>Funci\u00f3n s\u00f3lo ventilador<\/li><li>Temporizador<\/li><li>Protecci\u00f3n contra sobrecalentamiento<\/li><li>Indicador de encendido<\/li><li>Display decorativo \u201ctipo fogata\u201d<\/li><li>Incluye control remoto<\/li><\/ul><p>\u00a0<\/p>\t\t\t\t\t\t\t\t<\/div>\n\t\t\t\t\t<\/div>\n\t\t\t\t<\/div>\n\t\t\t\t<\/div>\n\t\t\n","protected":false},"excerpt":{"rendered":"<p>El calefactor Travelaire TAE517 es un dispositivo de calefacci\u00f3n el\u00e9ctrica de alta eficiencia, dise\u00f1ado para elevar la temperatura de espacios interiores de forma r\u00e1pida y segura gracias a su potente resistencia.<\/p>\n","protected":false},"featured_media":8329,"template":"","meta":[],"product_brand":[115],"product_cat":[160,78],"product_tag":[339],"class_list":{"0":"post-8328","1":"product","2":"type-product","3":"status-publish","4":"has-post-thumbnail","6":"product_brand-travelaire","7":"product_cat-calefactores","8":"product_cat-climas-y-ventiladores","9":"product_tag-calefactor","11":"first","12":"instock","13":"shipping-taxable","14":"purchasable","15":"product-type-simple"},"_links":{"self":[{"href":"https:\/\/superbodega.mx\/index.php?rest_route=\/wp\/v2\/product\/8328","targetHints":{"allow":["GET"]}}],"collection":[{"href":"https:\/\/superbodega.mx\/index.php?rest_route=\/wp\/v2\/product"}],"about":[{"href":"https:\/\/superbodega.mx\/index.php?rest_route=\/wp\/v2\/types\/product"}],"wp:featuredmedia":[{"embeddable":true,"href":"https:\/\/superbodega.mx\/index.php?rest_route=\/wp\/v2\/media\/8329"}],"wp:attachment":[{"href":"https:\/\/superbodega.mx\/index.php?rest_route=%2Fwp%2Fv2%2Fmedia&parent=8328"}],"wp:term":[{"taxonomy":"product_brand","embeddable":true,"href":"https:\/\/superbodega.mx\/index.php?rest_route=%2Fwp%2Fv2%2Fproduct_brand&post=8328"},{"taxonomy":"product_cat","embeddable":true,"href":"https:\/\/superbodega.mx\/index.php?rest_route=%2Fwp%2Fv2%2Fproduct_cat&post=8328"},{"taxonomy":"product_tag","embeddable":true,"href":"https:\/\/superbodega.mx\/index.php?rest_route=%2Fwp%2Fv2%2Fproduct_tag&post=8328"}],"curies":[{"name":"wp","href":"https:\/\/api.w.org\/{rel}","templated":true}]}}