{"id":7582,"date":"2026-01-19T12:11:56","date_gmt":"2026-01-19T18:11:56","guid":{"rendered":"https:\/\/superbodega.mx\/?post_type=product&#038;p=7582"},"modified":"2026-03-25T17:36:03","modified_gmt":"2026-03-25T23:36:03","slug":"bicicleta-infantil-12-nitroshock","status":"publish","type":"product","link":"https:\/\/superbodega.mx\/?product=bicicleta-infantil-12-nitroshock","title":{"rendered":"Bicicleta infantil 12\u201d NITROSHOCK."},"content":{"rendered":"\t\t<div data-elementor-type=\"section\" data-elementor-id=\"9461\" class=\"elementor elementor-9461\" data-elementor-post-type=\"elementor_library\">\n\t\t\t<div class=\"elementor-element elementor-element-15d756c e-flex e-con-boxed kitify-col-width-auto-no ignore-docs-style-no kitify-disable-relative-no e-root-container elementor-top-section e-con e-parent\" data-id=\"15d756c\" data-element_type=\"container\">\n\t\t\t\t\t<div class=\"e-con-inner\">\n\t\t\t\t<div class=\"elementor-element elementor-element-2d29746 elementor-widget__width-initial elementor-widget elementor-widget-heading\" data-id=\"2d29746\" data-element_type=\"widget\" data-widget_type=\"heading.default\">\n\t\t\t\t\t<h3 class=\"elementor-heading-title elementor-size-default\">Este veh\u00edculo destaca por su est\u00e9tica deportiva y colorida construida con un cuadro de acero de alta durabilidad que soporta el uso constante y las exigencias de las primeras aventuras al aire libre. <\/h3>\t\t\t\t<\/div>\n\t\t\t\t\t<\/div>\n\t\t\t\t<\/div>\n\t\t<div class=\"elementor-element elementor-element-04a884f e-flex e-con-boxed kitify-col-width-auto-no ignore-docs-style-no kitify-disable-relative-no e-root-container elementor-top-section e-con e-parent\" data-id=\"04a884f\" data-element_type=\"container\">\n\t\t\t\t\t<div class=\"e-con-inner\">\n\t\t\t\t<div class=\"elementor-element elementor-element-f66a25a elementor-widget elementor-widget-image\" data-id=\"f66a25a\" data-element_type=\"widget\" data-widget_type=\"image.default\">\n\t\t\t\t\t\t\t\t\t\t\t\t\t\t\t<img fetchpriority=\"high\" decoding=\"async\" width=\"1700\" height=\"1070\" src=\"https:\/\/superbodega.mx\/wp-content\/uploads\/2026\/03\/1_NITROSHOCK12_1700-x-1070_SITIO-WEB_2.png\" class=\"attachment-full size-full wp-image-9465\" alt=\"\" srcset=\"https:\/\/superbodega.mx\/wp-content\/uploads\/2026\/03\/1_NITROSHOCK12_1700-x-1070_SITIO-WEB_2.png 1700w, https:\/\/superbodega.mx\/wp-content\/uploads\/2026\/03\/1_NITROSHOCK12_1700-x-1070_SITIO-WEB_2-300x189.png 300w, https:\/\/superbodega.mx\/wp-content\/uploads\/2026\/03\/1_NITROSHOCK12_1700-x-1070_SITIO-WEB_2-1024x645.png 1024w, https:\/\/superbodega.mx\/wp-content\/uploads\/2026\/03\/1_NITROSHOCK12_1700-x-1070_SITIO-WEB_2-768x483.png 768w, https:\/\/superbodega.mx\/wp-content\/uploads\/2026\/03\/1_NITROSHOCK12_1700-x-1070_SITIO-WEB_2-1536x967.png 1536w, https:\/\/superbodega.mx\/wp-content\/uploads\/2026\/03\/1_NITROSHOCK12_1700-x-1070_SITIO-WEB_2-1000x629.png 1000w, https:\/\/superbodega.mx\/wp-content\/uploads\/2026\/03\/1_NITROSHOCK12_1700-x-1070_SITIO-WEB_2-64x40.png 64w\" sizes=\"(max-width: 1700px) 100vw, 1700px\" \/>\t\t\t\t\t\t\t\t\t\t\t\t\t\t\t<\/div>\n\t\t\t\t\t<\/div>\n\t\t\t\t<\/div>\n\t\t<div class=\"elementor-element elementor-element-1c9d168 e-flex e-con-boxed kitify-col-width-auto-no ignore-docs-style-no kitify-disable-relative-no e-root-container elementor-top-section e-con e-parent\" data-id=\"1c9d168\" data-element_type=\"container\">\n\t\t\t\t\t<div class=\"e-con-inner\">\n\t\t\t\t<div class=\"elementor-element elementor-element-7668461 elementor-widget elementor-widget-heading\" data-id=\"7668461\" data-element_type=\"widget\" data-widget_type=\"heading.default\">\n\t\t\t\t\t<p class=\"elementor-heading-title elementor-size-default\">El modelo incluye accesorios complementarios como ruedas de entrenamiento laterales y protectores de cadena que facilitan el equilibrio y brindan protecci\u00f3n adicional durante el pedaleo inicial del ni\u00f1o.<\/p>\t\t\t\t<\/div>\n\t\t\t\t\t<\/div>\n\t\t\t\t<\/div>\n\t\t<div class=\"elementor-element elementor-element-b96aa6f e-con-full e-flex kitify-col-width-auto-no ignore-docs-style-no kitify-disable-relative-no e-root-container elementor-top-section e-con e-parent\" data-id=\"b96aa6f\" data-element_type=\"container\">\n\t\t<div class=\"elementor-element elementor-element-505396a e-con-full e-flex kitify-col-width-auto-no ignore-docs-style-no kitify-disable-relative-no e-con e-child\" data-id=\"505396a\" data-element_type=\"container\">\n\t\t\t\t<div class=\"elementor-element elementor-element-26ccae1 kitify-equal-height-disable elementor-widget kitify elementor-kitify-icon-box\" data-id=\"26ccae1\" data-element_type=\"widget\" data-widget_type=\"kitify-icon-box.default\">\n\t\t\t\t<div class=\"elementor-widget-container\">\n\t\t\t\t\t<div class=\"kitify-iconbox kitify-iconbox__icon-align-top elementor-animation- \" data-kitify-element-link=\"{&quot;url&quot;:&quot;#&quot;,&quot;is_external&quot;:&quot;&quot;,&quot;nofollow&quot;:&quot;&quot;,&quot;custom_attributes&quot;:&quot;&quot;}\" style=\"cursor: pointer\"><div class=\"kitify-iconbox__box_header elementor-animation-\"><div class=\"kitify-iconbox__box_icon icon_pos_top\"><img decoding=\"async\" src=\"https:\/\/superbodega.mx\/wp-content\/uploads\/2026\/03\/1_NITROSHOCK12_1350-x-990_SITIO-WEB_3.png\" alt=\"1_NITROSHOCK12_1350 x 990_SITIO WEB_3\" class=\"kitify-iconbox__main_img\" loading=\"lazy\"><\/div><\/div><div class=\"kitify-iconbox__box_body\"><h3 class=\"kitify-iconbox__title\">Resistencia Extrema Cuadro de Acero Reforzado <\/h3><div class=\"kitify-iconbox__desc\">El atributo principal es su chasis fabricado en acero de alto carbono lo que garantiza una estructura s\u00f3lida capaz de absorber impactos y resistir el trato rudo. Esta base robusta asegura que la bicicleta mantenga su forma y estabilidad proporcionando una larga vida \u00fatil al producto.<\/div><\/div><\/div>\t\t\t\t<\/div>\n\t\t\t\t<\/div>\n\t\t\t\t<\/div>\n\t\t<div class=\"elementor-element elementor-element-c584536 e-con-full e-flex kitify-col-width-auto-no ignore-docs-style-no kitify-disable-relative-no e-con e-child\" data-id=\"c584536\" data-element_type=\"container\">\n\t\t\t\t<div class=\"elementor-element elementor-element-e850582 kitify-equal-height-disable elementor-widget kitify elementor-kitify-icon-box\" data-id=\"e850582\" data-element_type=\"widget\" data-widget_type=\"kitify-icon-box.default\">\n\t\t\t\t<div class=\"elementor-widget-container\">\n\t\t\t\t\t<div class=\"kitify-iconbox kitify-iconbox__icon-align-top elementor-animation- \" data-kitify-element-link=\"{&quot;url&quot;:&quot;#&quot;,&quot;is_external&quot;:&quot;&quot;,&quot;nofollow&quot;:&quot;&quot;,&quot;custom_attributes&quot;:&quot;&quot;}\" style=\"cursor: pointer\"><div class=\"kitify-iconbox__box_header elementor-animation-\"><div class=\"kitify-iconbox__box_icon icon_pos_top\"><img decoding=\"async\" src=\"https:\/\/superbodega.mx\/wp-content\/uploads\/2026\/03\/2_NITROSHOCK12_1350-x-990_SITIO-WEB_3.png\" alt=\"2_NITROSHOCK12_1350 x 990_SITIO WEB_3\" class=\"kitify-iconbox__main_img\" loading=\"lazy\"><\/div><\/div><div class=\"kitify-iconbox__box_body\"><h3 class=\"kitify-iconbox__title\">Seguridad en Movimiento Frenos de Respuesta Inmediata <\/h3><div class=\"kitify-iconbox__desc\">Esta bicicleta est\u00e1 equipada con un sistema de frenado confiable dise\u00f1ado espec\u00edficamente para manos peque\u00f1as. Su mecanismo permite una detenci\u00f3n segura y controlada de la unidad lo que brinda al peque\u00f1o ciclista el dominio total de su velocidad y aumenta la confianza de los padres.<\/div><\/div><\/div>\t\t\t\t<\/div>\n\t\t\t\t<\/div>\n\t\t\t\t<\/div>\n\t\t<div class=\"elementor-element elementor-element-d7abce1 e-con-full e-flex kitify-col-width-auto-no ignore-docs-style-no kitify-disable-relative-no e-con e-child\" data-id=\"d7abce1\" data-element_type=\"container\">\n\t\t\t\t<div class=\"elementor-element elementor-element-38404c5 kitify-equal-height-disable elementor-widget kitify elementor-kitify-icon-box\" data-id=\"38404c5\" data-element_type=\"widget\" data-widget_type=\"kitify-icon-box.default\">\n\t\t\t\t<div class=\"elementor-widget-container\">\n\t\t\t\t\t<div class=\"kitify-iconbox kitify-iconbox__icon-align-top elementor-animation- \" data-kitify-element-link=\"{&quot;url&quot;:&quot;#&quot;,&quot;is_external&quot;:&quot;&quot;,&quot;nofollow&quot;:&quot;&quot;,&quot;custom_attributes&quot;:&quot;&quot;}\" style=\"cursor: pointer\"><div class=\"kitify-iconbox__box_header elementor-animation-\"><div class=\"kitify-iconbox__box_icon icon_pos_top\"><img decoding=\"async\" src=\"https:\/\/superbodega.mx\/wp-content\/uploads\/2026\/03\/3_NITROSHOCK12_1350-x-990_SITIO-WEB_3.png\" alt=\"3_NITROSHOCK12_1350 x 990_SITIO WEB_3\" class=\"kitify-iconbox__main_img\" loading=\"lazy\"><\/div><\/div><div class=\"kitify-iconbox__box_body\"><h3 class=\"kitify-iconbox__title\">Estabilidad Garantizada Ruedas de Entrenamiento <\/h3><div class=\"kitify-iconbox__desc\">Removibles Resaltando su capacidad de aprendizaje el modelo incorpora llantas auxiliares de gran estabilidad que ayudan al ni\u00f1o a mantener el equilibrio en todo momento. Estas ruedas laterales son f\u00e1ciles de ajustar o retirar una vez que el usuario desarrolla la destreza necesaria para rodar de forma independiente.<\/div><\/div><\/div>\t\t\t\t<\/div>\n\t\t\t\t<\/div>\n\t\t\t\t<\/div>\n\t\t\t\t<\/div>\n\t\t<div class=\"elementor-element elementor-element-e60f0de e-flex e-con-boxed kitify-col-width-auto-no ignore-docs-style-no kitify-disable-relative-no e-root-container elementor-top-section e-con e-parent\" data-id=\"e60f0de\" data-element_type=\"container\">\n\t\t\t\t\t<div class=\"e-con-inner\">\n\t\t\t\t<div class=\"elementor-element elementor-element-fb8b39d elementor-widget elementor-widget-spacer\" data-id=\"fb8b39d\" data-element_type=\"widget\" data-widget_type=\"spacer.default\">\n\t\t\t\t\t\t\t<div class=\"elementor-spacer\">\n\t\t\t<div class=\"elementor-spacer-inner\"><\/div>\n\t\t<\/div>\n\t\t\t\t\t\t<\/div>\n\t\t<div class=\"elementor-element elementor-element-96ca684 e-con-full e-flex kitify-col-width-auto-no ignore-docs-style-no kitify-disable-relative-no e-con e-child\" data-id=\"96ca684\" data-element_type=\"container\">\n\t\t\t\t<div class=\"elementor-element elementor-element-e2b0570 elementor-widget elementor-widget-image\" data-id=\"e2b0570\" data-element_type=\"widget\" data-widget_type=\"image.default\">\n\t\t\t\t\t\t\t\t\t\t\t\t\t\t\t<img decoding=\"async\" width=\"1700\" height=\"1070\" src=\"https:\/\/superbodega.mx\/wp-content\/uploads\/2026\/03\/2_NITROSHOCK12_1700-x-1070_SITIO-WEB_2.png\" class=\"attachment-full size-full wp-image-9468\" alt=\"\" srcset=\"https:\/\/superbodega.mx\/wp-content\/uploads\/2026\/03\/2_NITROSHOCK12_1700-x-1070_SITIO-WEB_2.png 1700w, https:\/\/superbodega.mx\/wp-content\/uploads\/2026\/03\/2_NITROSHOCK12_1700-x-1070_SITIO-WEB_2-300x189.png 300w, https:\/\/superbodega.mx\/wp-content\/uploads\/2026\/03\/2_NITROSHOCK12_1700-x-1070_SITIO-WEB_2-1024x645.png 1024w, https:\/\/superbodega.mx\/wp-content\/uploads\/2026\/03\/2_NITROSHOCK12_1700-x-1070_SITIO-WEB_2-768x483.png 768w, https:\/\/superbodega.mx\/wp-content\/uploads\/2026\/03\/2_NITROSHOCK12_1700-x-1070_SITIO-WEB_2-1536x967.png 1536w, https:\/\/superbodega.mx\/wp-content\/uploads\/2026\/03\/2_NITROSHOCK12_1700-x-1070_SITIO-WEB_2-1000x629.png 1000w, https:\/\/superbodega.mx\/wp-content\/uploads\/2026\/03\/2_NITROSHOCK12_1700-x-1070_SITIO-WEB_2-64x40.png 64w\" sizes=\"(max-width: 1700px) 100vw, 1700px\" \/>\t\t\t\t\t\t\t\t\t\t\t\t\t\t\t<\/div>\n\t\t\t\t<\/div>\n\t\t\t\t\t<\/div>\n\t\t\t\t<\/div>\n\t\t<div class=\"elementor-element elementor-element-d648c80 e-flex e-con-boxed kitify-col-width-auto-no ignore-docs-style-no kitify-disable-relative-no e-root-container elementor-top-section e-con e-parent\" data-id=\"d648c80\" data-element_type=\"container\">\n\t\t\t\t\t<div class=\"e-con-inner\">\n\t\t\t\t<div class=\"elementor-element elementor-element-e4fa54b elementor-widget elementor-widget-heading\" data-id=\"e4fa54b\" data-element_type=\"widget\" data-widget_type=\"heading.default\">\n\t\t\t\t\t<p class=\"elementor-heading-title elementor-size-default\">\n\n<\/p>\t\t\t\t<\/div>\n\t\t\t\t<div class=\"elementor-element elementor-element-4b12574 elementor-widget elementor-widget-text-editor\" data-id=\"4b12574\" data-element_type=\"widget\" data-widget_type=\"text-editor.default\">\n\t\t\t\t\t\t\t\t\t<h1 class=\"a-size-base-plus a-text-bold\">Acerca de este art\u00edculo<\/h1><ul><li>Cuadro: Acero HI-TEN<\/li><li>Frenos: Trasero en \u00abV\u00bb<\/li><li>Manubrio: BMX alto<\/li><li>Centro: Para brazo \u00abZ\u00bb<\/li><li>Rines: Acero negros<\/li><li>Accesorios: Estabilizadores, salpicaderas, disco decorativo y cubre cadenas<\/li><\/ul><p>\u00a0<\/p>\t\t\t\t\t\t\t\t<\/div>\n\t\t\t\t\t<\/div>\n\t\t\t\t<\/div>\n\t\t\t\t<\/div>\n\t\t\n","protected":false},"excerpt":{"rendered":"<p>La bicicleta Nitroshock rodada 12 es un modelo infantil dise\u00f1ado para los peque\u00f1os que est\u00e1n iniciando en el ciclismo combinando una estructura resistente con componentes de seguridad esenciales para un aprendizaje confiable.<\/p>\n","protected":false},"featured_media":7583,"template":"","meta":[],"product_brand":[128],"product_cat":[317,82,83],"product_tag":[136,210],"class_list":{"0":"post-7582","1":"product","2":"type-product","3":"status-publish","4":"has-post-thumbnail","6":"product_brand-nitro","7":"product_cat-rodada-12-infantiles","8":"product_cat-bicicletas","9":"product_cat-infantiles","10":"product_tag-bicicletas","11":"product_tag-infantiles","13":"first","14":"instock","15":"shipping-taxable","16":"purchasable","17":"product-type-simple"},"_links":{"self":[{"href":"https:\/\/superbodega.mx\/index.php?rest_route=\/wp\/v2\/product\/7582","targetHints":{"allow":["GET"]}}],"collection":[{"href":"https:\/\/superbodega.mx\/index.php?rest_route=\/wp\/v2\/product"}],"about":[{"href":"https:\/\/superbodega.mx\/index.php?rest_route=\/wp\/v2\/types\/product"}],"wp:featuredmedia":[{"embeddable":true,"href":"https:\/\/superbodega.mx\/index.php?rest_route=\/wp\/v2\/media\/7583"}],"wp:attachment":[{"href":"https:\/\/superbodega.mx\/index.php?rest_route=%2Fwp%2Fv2%2Fmedia&parent=7582"}],"wp:term":[{"taxonomy":"product_brand","embeddable":true,"href":"https:\/\/superbodega.mx\/index.php?rest_route=%2Fwp%2Fv2%2Fproduct_brand&post=7582"},{"taxonomy":"product_cat","embeddable":true,"href":"https:\/\/superbodega.mx\/index.php?rest_route=%2Fwp%2Fv2%2Fproduct_cat&post=7582"},{"taxonomy":"product_tag","embeddable":true,"href":"https:\/\/superbodega.mx\/index.php?rest_route=%2Fwp%2Fv2%2Fproduct_tag&post=7582"}],"curies":[{"name":"wp","href":"https:\/\/api.w.org\/{rel}","templated":true}]}}