{"id":7397,"date":"2026-01-16T14:27:18","date_gmt":"2026-01-16T20:27:18","guid":{"rendered":"https:\/\/superbodega.mx\/?post_type=product&#038;p=7397"},"modified":"2026-03-25T17:12:28","modified_gmt":"2026-03-25T23:12:28","slug":"tabla-de-madera-para-picar-linea-delicate","status":"publish","type":"product","link":"https:\/\/superbodega.mx\/?product=tabla-de-madera-para-picar-linea-delicate","title":{"rendered":"Tabla de madera para picar l\u00ednea Delicate."},"content":{"rendered":"\t\t<div data-elementor-type=\"section\" data-elementor-id=\"9436\" class=\"elementor elementor-9436\" data-elementor-post-type=\"elementor_library\">\n\t\t\t<div class=\"elementor-element elementor-element-15d756c e-flex e-con-boxed kitify-col-width-auto-no ignore-docs-style-no kitify-disable-relative-no e-root-container elementor-top-section e-con e-parent\" data-id=\"15d756c\" data-element_type=\"container\">\n\t\t\t\t\t<div class=\"e-con-inner\">\n\t\t\t\t<div class=\"elementor-element elementor-element-2d29746 elementor-widget__width-initial elementor-widget elementor-widget-heading\" data-id=\"2d29746\" data-element_type=\"widget\" data-widget_type=\"heading.default\">\n\t\t\t\t\t<h3 class=\"elementor-heading-title elementor-size-default\">Este modelo destaca por su acabado natural y un dise\u00f1o ergon\u00f3mico que facilita su manipulaci\u00f3n en la cocina siendo una pieza esencial para cortar rebanar y organizar ingredientes con total comodidad.<\/h3>\t\t\t\t<\/div>\n\t\t\t\t\t<\/div>\n\t\t\t\t<\/div>\n\t\t<div class=\"elementor-element elementor-element-04a884f e-flex e-con-boxed kitify-col-width-auto-no ignore-docs-style-no kitify-disable-relative-no e-root-container elementor-top-section e-con e-parent\" data-id=\"04a884f\" data-element_type=\"container\">\n\t\t\t\t\t<div class=\"e-con-inner\">\n\t\t\t\t<div class=\"elementor-element elementor-element-f66a25a elementor-widget elementor-widget-image\" data-id=\"f66a25a\" data-element_type=\"widget\" data-widget_type=\"image.default\">\n\t\t\t\t\t\t\t\t\t\t\t\t\t\t\t<img fetchpriority=\"high\" decoding=\"async\" width=\"1700\" height=\"1070\" src=\"https:\/\/superbodega.mx\/wp-content\/uploads\/2026\/03\/1_32206907_1700-x-1070_SITIO-WEB_2.png\" class=\"attachment-full size-full wp-image-9440\" alt=\"\" srcset=\"https:\/\/superbodega.mx\/wp-content\/uploads\/2026\/03\/1_32206907_1700-x-1070_SITIO-WEB_2.png 1700w, https:\/\/superbodega.mx\/wp-content\/uploads\/2026\/03\/1_32206907_1700-x-1070_SITIO-WEB_2-300x189.png 300w, https:\/\/superbodega.mx\/wp-content\/uploads\/2026\/03\/1_32206907_1700-x-1070_SITIO-WEB_2-1024x645.png 1024w, https:\/\/superbodega.mx\/wp-content\/uploads\/2026\/03\/1_32206907_1700-x-1070_SITIO-WEB_2-768x483.png 768w, https:\/\/superbodega.mx\/wp-content\/uploads\/2026\/03\/1_32206907_1700-x-1070_SITIO-WEB_2-1536x967.png 1536w, https:\/\/superbodega.mx\/wp-content\/uploads\/2026\/03\/1_32206907_1700-x-1070_SITIO-WEB_2-1000x629.png 1000w, https:\/\/superbodega.mx\/wp-content\/uploads\/2026\/03\/1_32206907_1700-x-1070_SITIO-WEB_2-64x40.png 64w\" sizes=\"(max-width: 1700px) 100vw, 1700px\" \/>\t\t\t\t\t\t\t\t\t\t\t\t\t\t\t<\/div>\n\t\t\t\t\t<\/div>\n\t\t\t\t<\/div>\n\t\t<div class=\"elementor-element elementor-element-1c9d168 e-flex e-con-boxed kitify-col-width-auto-no ignore-docs-style-no kitify-disable-relative-no e-root-container elementor-top-section e-con e-parent\" data-id=\"1c9d168\" data-element_type=\"container\">\n\t\t\t\t\t<div class=\"e-con-inner\">\n\t\t\t\t<div class=\"elementor-element elementor-element-7668461 elementor-widget elementor-widget-heading\" data-id=\"7668461\" data-element_type=\"widget\" data-widget_type=\"heading.default\">\n\t\t\t\t\t<p class=\"elementor-heading-title elementor-size-default\">Se trata de una tabla vers\u00e1til que combina la calidez de la madera con una estructura resistente dise\u00f1ada para proteger el filo de los cuchillos y brindar una larga vida \u00fatil en condiciones de uso constante.<\/p>\t\t\t\t<\/div>\n\t\t\t\t\t<\/div>\n\t\t\t\t<\/div>\n\t\t<div class=\"elementor-element elementor-element-b96aa6f e-con-full e-flex kitify-col-width-auto-no ignore-docs-style-no kitify-disable-relative-no e-root-container elementor-top-section e-con e-parent\" data-id=\"b96aa6f\" data-element_type=\"container\">\n\t\t<div class=\"elementor-element elementor-element-505396a e-con-full e-flex kitify-col-width-auto-no ignore-docs-style-no kitify-disable-relative-no e-con e-child\" data-id=\"505396a\" data-element_type=\"container\">\n\t\t\t\t<div class=\"elementor-element elementor-element-26ccae1 kitify-equal-height-disable elementor-widget kitify elementor-kitify-icon-box\" data-id=\"26ccae1\" data-element_type=\"widget\" data-widget_type=\"kitify-icon-box.default\">\n\t\t\t\t<div class=\"elementor-widget-container\">\n\t\t\t\t\t<div class=\"kitify-iconbox kitify-iconbox__icon-align-top elementor-animation- \" data-kitify-element-link=\"{&quot;url&quot;:&quot;#&quot;,&quot;is_external&quot;:&quot;&quot;,&quot;nofollow&quot;:&quot;&quot;,&quot;custom_attributes&quot;:&quot;&quot;}\" style=\"cursor: pointer\"><div class=\"kitify-iconbox__box_header elementor-animation-\"><div class=\"kitify-iconbox__box_icon icon_pos_top\"><img decoding=\"async\" src=\"https:\/\/superbodega.mx\/wp-content\/uploads\/2026\/03\/1_32206907_1350-x-990_SITIO-WEB_3.png\" alt=\"1_32206907_1350 x 990_SITIO WEB_3\" class=\"kitify-iconbox__main_img\" loading=\"lazy\"><\/div><\/div><div class=\"kitify-iconbox__box_body\"><h3 class=\"kitify-iconbox__title\">Sustentabilidad y Origen Madera de Bosques Reforestados <\/h3><div class=\"kitify-iconbox__desc\">El atributo principal de este modelo es su fabricaci\u00f3n con madera procedente de bosques de manejo responsable. Esta caracter\u00edstica garantiza un producto amigable con el medio ambiente que mantiene una alta densidad y resistencia sin comprometer los recursos naturales.<\/div><\/div><\/div>\t\t\t\t<\/div>\n\t\t\t\t<\/div>\n\t\t\t\t<\/div>\n\t\t<div class=\"elementor-element elementor-element-c584536 e-con-full e-flex kitify-col-width-auto-no ignore-docs-style-no kitify-disable-relative-no e-con e-child\" data-id=\"c584536\" data-element_type=\"container\">\n\t\t\t\t<div class=\"elementor-element elementor-element-e850582 kitify-equal-height-disable elementor-widget kitify elementor-kitify-icon-box\" data-id=\"e850582\" data-element_type=\"widget\" data-widget_type=\"kitify-icon-box.default\">\n\t\t\t\t<div class=\"elementor-widget-container\">\n\t\t\t\t\t<div class=\"kitify-iconbox kitify-iconbox__icon-align-top elementor-animation- \" data-kitify-element-link=\"{&quot;url&quot;:&quot;#&quot;,&quot;is_external&quot;:&quot;&quot;,&quot;nofollow&quot;:&quot;&quot;,&quot;custom_attributes&quot;:&quot;&quot;}\" style=\"cursor: pointer\"><div class=\"kitify-iconbox__box_header elementor-animation-\"><div class=\"kitify-iconbox__box_icon icon_pos_top\"><img decoding=\"async\" src=\"https:\/\/superbodega.mx\/wp-content\/uploads\/2026\/03\/2_32206907_1350-x-990_SITIO-WEB_3.png\" alt=\"2_32206907_1350 x 990_SITIO WEB_3\" class=\"kitify-iconbox__main_img\" loading=\"lazy\"><\/div><\/div><div class=\"kitify-iconbox__box_body\"><h3 class=\"kitify-iconbox__title\">Protecci\u00f3n Antimicrobiana Acabado con Protecci\u00f3n Natural <\/h3><div class=\"kitify-iconbox__desc\">Resaltando la higiene en la preparaci\u00f3n de alimentos esta tabla cuenta con un tratamiento especial que inhibe la proliferaci\u00f3n de bacterias y hongos en los poros de la madera. Este atributo asegura que la superficie sea segura para el contacto directo con carnes vegetales y otros ingredientes evitando la contaminaci\u00f3n cruzada.<\/div><\/div><\/div>\t\t\t\t<\/div>\n\t\t\t\t<\/div>\n\t\t\t\t<\/div>\n\t\t<div class=\"elementor-element elementor-element-d7abce1 e-con-full e-flex kitify-col-width-auto-no ignore-docs-style-no kitify-disable-relative-no e-con e-child\" data-id=\"d7abce1\" data-element_type=\"container\">\n\t\t\t\t<div class=\"elementor-element elementor-element-38404c5 kitify-equal-height-disable elementor-widget kitify elementor-kitify-icon-box\" data-id=\"38404c5\" data-element_type=\"widget\" data-widget_type=\"kitify-icon-box.default\">\n\t\t\t\t<div class=\"elementor-widget-container\">\n\t\t\t\t\t<div class=\"kitify-iconbox kitify-iconbox__icon-align-top elementor-animation- \" data-kitify-element-link=\"{&quot;url&quot;:&quot;#&quot;,&quot;is_external&quot;:&quot;&quot;,&quot;nofollow&quot;:&quot;&quot;,&quot;custom_attributes&quot;:&quot;&quot;}\" style=\"cursor: pointer\"><div class=\"kitify-iconbox__box_header elementor-animation-\"><div class=\"kitify-iconbox__box_icon icon_pos_top\"><img decoding=\"async\" src=\"https:\/\/superbodega.mx\/wp-content\/uploads\/2026\/03\/3_32206907_1350-x-990_SITIO-WEB_3.png\" alt=\"3_32206907_1350 x 990_SITIO WEB_3\" class=\"kitify-iconbox__main_img\" loading=\"lazy\"><\/div><\/div><div class=\"kitify-iconbox__box_body\"><h3 class=\"kitify-iconbox__title\">Cuidado del Filo Superficie de Impacto Amigable <\/h3><div class=\"kitify-iconbox__desc\">Resaltando su funcionalidad t\u00e9cnica la superficie de la l\u00ednea Delicate est\u00e1 dise\u00f1ada para absorber el impacto de las hojas de acero. A diferencia de las tablas de materiales m\u00e1s r\u00edgidos esta madera evita el desgaste prematuro del filo de los cuchillos permitiendo cortes m\u00e1s precisos y reduciendo la necesidad de afilado frecuente.<\/div><\/div><\/div>\t\t\t\t<\/div>\n\t\t\t\t<\/div>\n\t\t\t\t<\/div>\n\t\t\t\t<\/div>\n\t\t<div class=\"elementor-element elementor-element-e60f0de e-flex e-con-boxed kitify-col-width-auto-no ignore-docs-style-no kitify-disable-relative-no e-root-container elementor-top-section e-con e-parent\" data-id=\"e60f0de\" data-element_type=\"container\">\n\t\t\t\t\t<div class=\"e-con-inner\">\n\t\t\t\t<div class=\"elementor-element elementor-element-fb8b39d elementor-widget elementor-widget-spacer\" data-id=\"fb8b39d\" data-element_type=\"widget\" data-widget_type=\"spacer.default\">\n\t\t\t\t\t\t\t<div class=\"elementor-spacer\">\n\t\t\t<div class=\"elementor-spacer-inner\"><\/div>\n\t\t<\/div>\n\t\t\t\t\t\t<\/div>\n\t\t<div class=\"elementor-element elementor-element-96ca684 e-con-full e-flex kitify-col-width-auto-no ignore-docs-style-no kitify-disable-relative-no e-con e-child\" data-id=\"96ca684\" data-element_type=\"container\">\n\t\t\t\t<div class=\"elementor-element elementor-element-e2b0570 elementor-widget elementor-widget-image\" data-id=\"e2b0570\" data-element_type=\"widget\" data-widget_type=\"image.default\">\n\t\t\t\t\t\t\t\t\t\t\t\t\t\t\t<img decoding=\"async\" width=\"1700\" height=\"1070\" src=\"https:\/\/superbodega.mx\/wp-content\/uploads\/2026\/03\/2_32206907_1700-x-1070_SITIO-WEB_2.png\" class=\"attachment-full size-full wp-image-9444\" alt=\"\" srcset=\"https:\/\/superbodega.mx\/wp-content\/uploads\/2026\/03\/2_32206907_1700-x-1070_SITIO-WEB_2.png 1700w, https:\/\/superbodega.mx\/wp-content\/uploads\/2026\/03\/2_32206907_1700-x-1070_SITIO-WEB_2-300x189.png 300w, https:\/\/superbodega.mx\/wp-content\/uploads\/2026\/03\/2_32206907_1700-x-1070_SITIO-WEB_2-1024x645.png 1024w, https:\/\/superbodega.mx\/wp-content\/uploads\/2026\/03\/2_32206907_1700-x-1070_SITIO-WEB_2-768x483.png 768w, https:\/\/superbodega.mx\/wp-content\/uploads\/2026\/03\/2_32206907_1700-x-1070_SITIO-WEB_2-1536x967.png 1536w, https:\/\/superbodega.mx\/wp-content\/uploads\/2026\/03\/2_32206907_1700-x-1070_SITIO-WEB_2-1000x629.png 1000w, https:\/\/superbodega.mx\/wp-content\/uploads\/2026\/03\/2_32206907_1700-x-1070_SITIO-WEB_2-64x40.png 64w\" sizes=\"(max-width: 1700px) 100vw, 1700px\" \/>\t\t\t\t\t\t\t\t\t\t\t\t\t\t\t<\/div>\n\t\t\t\t<\/div>\n\t\t\t\t\t<\/div>\n\t\t\t\t<\/div>\n\t\t<div class=\"elementor-element elementor-element-d648c80 e-flex e-con-boxed kitify-col-width-auto-no ignore-docs-style-no kitify-disable-relative-no e-root-container elementor-top-section e-con e-parent\" data-id=\"d648c80\" data-element_type=\"container\">\n\t\t\t\t\t<div class=\"e-con-inner\">\n\t\t\t\t<div class=\"elementor-element elementor-element-e4fa54b elementor-widget elementor-widget-heading\" data-id=\"e4fa54b\" data-element_type=\"widget\" data-widget_type=\"heading.default\">\n\t\t\t\t\t<p class=\"elementor-heading-title elementor-size-default\">\n\n<\/p>\t\t\t\t<\/div>\n\t\t\t\t<div class=\"elementor-element elementor-element-4b12574 elementor-widget elementor-widget-text-editor\" data-id=\"4b12574\" data-element_type=\"widget\" data-widget_type=\"text-editor.default\">\n\t\t\t\t\t\t\t\t\t<h1 class=\"a-size-base-plus a-text-bold\">Acerca de este art\u00edculo<\/h1><ul><li>Fabricada con madera de origen legal, lo que garantiza durabilidad y resistencia<\/li><li>Acabado satinado<\/li><li>Superficie lisa facilita la limpieza y el mantenimiento, asegurando una higiene \u00f3ptima en cada uso<\/li><li>Color caf\u00e9<\/li><li>Dimensiones: 33 x 20 x 1.8 cm<\/li><li>Peso: 1.3 kg<\/li><\/ul><p>\u00a0<\/p>\t\t\t\t\t\t\t\t<\/div>\n\t\t\t\t\t<\/div>\n\t\t\t\t<\/div>\n\t\t\t\t<\/div>\n\t\t\n","protected":false},"excerpt":{"rendered":"<p>La tabla para picar Tramontina de la l\u00ednea Delicate est\u00e1 fabricada con madera de alta calidad proveniente de fuentes responsables ofreciendo una superficie de trabajo s\u00f3lida y confiable para la preparaci\u00f3n diaria de alimentos en el hogar.<\/p>\n","protected":false},"featured_media":7398,"template":"","meta":[],"product_brand":[196],"product_cat":[302,75,161],"product_tag":[207],"class_list":{"0":"post-7397","1":"product","2":"type-product","3":"status-publish","4":"has-post-thumbnail","6":"product_brand-tramontina","7":"product_cat-tramontina-cubiertos","8":"product_cat-enseres-de-cocina","9":"product_cat-cubiertos","10":"product_tag-cubiertos","12":"first","13":"instock","14":"shipping-taxable","15":"purchasable","16":"product-type-simple"},"_links":{"self":[{"href":"https:\/\/superbodega.mx\/index.php?rest_route=\/wp\/v2\/product\/7397","targetHints":{"allow":["GET"]}}],"collection":[{"href":"https:\/\/superbodega.mx\/index.php?rest_route=\/wp\/v2\/product"}],"about":[{"href":"https:\/\/superbodega.mx\/index.php?rest_route=\/wp\/v2\/types\/product"}],"wp:featuredmedia":[{"embeddable":true,"href":"https:\/\/superbodega.mx\/index.php?rest_route=\/wp\/v2\/media\/7398"}],"wp:attachment":[{"href":"https:\/\/superbodega.mx\/index.php?rest_route=%2Fwp%2Fv2%2Fmedia&parent=7397"}],"wp:term":[{"taxonomy":"product_brand","embeddable":true,"href":"https:\/\/superbodega.mx\/index.php?rest_route=%2Fwp%2Fv2%2Fproduct_brand&post=7397"},{"taxonomy":"product_cat","embeddable":true,"href":"https:\/\/superbodega.mx\/index.php?rest_route=%2Fwp%2Fv2%2Fproduct_cat&post=7397"},{"taxonomy":"product_tag","embeddable":true,"href":"https:\/\/superbodega.mx\/index.php?rest_route=%2Fwp%2Fv2%2Fproduct_tag&post=7397"}],"curies":[{"name":"wp","href":"https:\/\/api.w.org\/{rel}","templated":true}]}}