{"id":7117,"date":"2026-01-13T11:05:36","date_gmt":"2026-01-13T17:05:36","guid":{"rendered":"https:\/\/superbodega.mx\/?post_type=product&#038;p=7117"},"modified":"2026-02-06T17:38:17","modified_gmt":"2026-02-06T23:38:17","slug":"bateria-de-cocina-de-21-piezas","status":"publish","type":"product","link":"https:\/\/superbodega.mx\/?product=bateria-de-cocina-de-21-piezas","title":{"rendered":"Bater\u00eda de cocina de 21 piezas."},"content":{"rendered":"\t\t<div data-elementor-type=\"section\" data-elementor-id=\"7126\" class=\"elementor elementor-7126\" data-elementor-post-type=\"elementor_library\">\n\t\t\t<div class=\"elementor-element elementor-element-15d756c e-flex e-con-boxed kitify-col-width-auto-no ignore-docs-style-no kitify-disable-relative-no e-root-container elementor-top-section e-con e-parent\" data-id=\"15d756c\" data-element_type=\"container\">\n\t\t\t\t\t<div class=\"e-con-inner\">\n\t\t\t\t<div class=\"elementor-element elementor-element-2d29746 elementor-widget__width-initial elementor-widget elementor-widget-heading\" data-id=\"2d29746\" data-element_type=\"widget\" data-widget_type=\"heading.default\">\n\t\t\t\t\t<h3 class=\"elementor-heading-title elementor-size-default\">Incorpora la tecnolog\u00eda de antiadherente Starflon, que evita que los alimentos se peguen, facilita la limpieza y est\u00e1 completamente libre de PFOA.<\/h3>\t\t\t\t<\/div>\n\t\t\t\t\t<\/div>\n\t\t\t\t<\/div>\n\t\t<div class=\"elementor-element elementor-element-04a884f e-flex e-con-boxed kitify-col-width-auto-no ignore-docs-style-no kitify-disable-relative-no e-root-container elementor-top-section e-con e-parent\" data-id=\"04a884f\" data-element_type=\"container\">\n\t\t\t\t\t<div class=\"e-con-inner\">\n\t\t\t\t<div class=\"elementor-element elementor-element-f66a25a elementor-widget elementor-widget-image\" data-id=\"f66a25a\" data-element_type=\"widget\" data-widget_type=\"image.default\">\n\t\t\t\t\t\t\t\t\t\t\t\t\t\t\t<img fetchpriority=\"high\" decoding=\"async\" width=\"1700\" height=\"1070\" src=\"https:\/\/superbodega.mx\/wp-content\/uploads\/2026\/01\/1_27899480_1700-x-1070_SITIO-WEB_2-1.png\" class=\"attachment-full size-full wp-image-7120\" alt=\"\" srcset=\"https:\/\/superbodega.mx\/wp-content\/uploads\/2026\/01\/1_27899480_1700-x-1070_SITIO-WEB_2-1.png 1700w, https:\/\/superbodega.mx\/wp-content\/uploads\/2026\/01\/1_27899480_1700-x-1070_SITIO-WEB_2-1-300x189.png 300w, https:\/\/superbodega.mx\/wp-content\/uploads\/2026\/01\/1_27899480_1700-x-1070_SITIO-WEB_2-1-1024x645.png 1024w, https:\/\/superbodega.mx\/wp-content\/uploads\/2026\/01\/1_27899480_1700-x-1070_SITIO-WEB_2-1-768x483.png 768w, https:\/\/superbodega.mx\/wp-content\/uploads\/2026\/01\/1_27899480_1700-x-1070_SITIO-WEB_2-1-1536x967.png 1536w, https:\/\/superbodega.mx\/wp-content\/uploads\/2026\/01\/1_27899480_1700-x-1070_SITIO-WEB_2-1-1000x629.png 1000w, https:\/\/superbodega.mx\/wp-content\/uploads\/2026\/01\/1_27899480_1700-x-1070_SITIO-WEB_2-1-64x40.png 64w\" sizes=\"(max-width: 1700px) 100vw, 1700px\" \/>\t\t\t\t\t\t\t\t\t\t\t\t\t\t\t<\/div>\n\t\t\t\t\t<\/div>\n\t\t\t\t<\/div>\n\t\t<div class=\"elementor-element elementor-element-1c9d168 e-flex e-con-boxed kitify-col-width-auto-no ignore-docs-style-no kitify-disable-relative-no e-root-container elementor-top-section e-con e-parent\" data-id=\"1c9d168\" data-element_type=\"container\">\n\t\t\t\t\t<div class=\"e-con-inner\">\n\t\t\t\t<div class=\"elementor-element elementor-element-7668461 elementor-widget elementor-widget-heading\" data-id=\"7668461\" data-element_type=\"widget\" data-widget_type=\"heading.default\">\n\t\t\t\t\t<p class=\"elementor-heading-title elementor-size-default\">Ofrece una experiencia de uso segura y eficiente gracias a sus mangos y asas de baquelita antit\u00e9rmica que no se calientan, permitiendo una cocci\u00f3n r\u00e1pida y uniforme.<\/p>\t\t\t\t<\/div>\n\t\t\t\t\t<\/div>\n\t\t\t\t<\/div>\n\t\t<div class=\"elementor-element elementor-element-b96aa6f e-con-full e-flex kitify-col-width-auto-no ignore-docs-style-no kitify-disable-relative-no e-root-container elementor-top-section e-con e-parent\" data-id=\"b96aa6f\" data-element_type=\"container\">\n\t\t<div class=\"elementor-element elementor-element-505396a e-con-full e-flex kitify-col-width-auto-no ignore-docs-style-no kitify-disable-relative-no e-con e-child\" data-id=\"505396a\" data-element_type=\"container\">\n\t\t\t\t<div class=\"elementor-element elementor-element-26ccae1 kitify-equal-height-disable elementor-widget kitify elementor-kitify-icon-box\" data-id=\"26ccae1\" data-element_type=\"widget\" data-widget_type=\"kitify-icon-box.default\">\n\t\t\t\t<div class=\"elementor-widget-container\">\n\t\t\t\t\t<div class=\"kitify-iconbox kitify-iconbox__icon-align-top elementor-animation- \" data-kitify-element-link=\"{&quot;url&quot;:&quot;#&quot;,&quot;is_external&quot;:&quot;&quot;,&quot;nofollow&quot;:&quot;&quot;,&quot;custom_attributes&quot;:&quot;&quot;}\" style=\"cursor: pointer\"><div class=\"kitify-iconbox__box_header elementor-animation-\"><div class=\"kitify-iconbox__box_icon icon_pos_top\"><img decoding=\"async\" src=\"https:\/\/superbodega.mx\/wp-content\/uploads\/2026\/01\/1_27899480_1350-x-990_SITIO-WEB_2-1.png\" alt=\"1_27899480_1350 x 990_SITIO WEB_2\" class=\"kitify-iconbox__main_img\" loading=\"lazy\"><\/div><\/div><div class=\"kitify-iconbox__box_body\"><h3 class=\"kitify-iconbox__title\">Tecnolog\u00eda Starflon: Cocina Saludable y sin Adherencias<\/h3><div class=\"kitify-iconbox__desc\">El atributo principal es su recubrimiento antiadherente de alta durabilidad. Esta caracter\u00edstica permite cocinar con menos grasa, garantiza que los alimentos no se peguen a la superficie y asegura que los materiales no sean perjudiciales para la salud al estar libres de qu\u00edmicos nocivos.<\/div><\/div><\/div>\t\t\t\t<\/div>\n\t\t\t\t<\/div>\n\t\t\t\t<\/div>\n\t\t<div class=\"elementor-element elementor-element-c584536 e-con-full e-flex kitify-col-width-auto-no ignore-docs-style-no kitify-disable-relative-no e-con e-child\" data-id=\"c584536\" data-element_type=\"container\">\n\t\t\t\t<div class=\"elementor-element elementor-element-e850582 kitify-equal-height-disable elementor-widget kitify elementor-kitify-icon-box\" data-id=\"e850582\" data-element_type=\"widget\" data-widget_type=\"kitify-icon-box.default\">\n\t\t\t\t<div class=\"elementor-widget-container\">\n\t\t\t\t\t<div class=\"kitify-iconbox kitify-iconbox__icon-align-top elementor-animation- \" data-kitify-element-link=\"{&quot;url&quot;:&quot;#&quot;,&quot;is_external&quot;:&quot;&quot;,&quot;nofollow&quot;:&quot;&quot;,&quot;custom_attributes&quot;:&quot;&quot;}\" style=\"cursor: pointer\"><div class=\"kitify-iconbox__box_header elementor-animation-\"><div class=\"kitify-iconbox__box_icon icon_pos_top\"><img decoding=\"async\" src=\"https:\/\/superbodega.mx\/wp-content\/uploads\/2026\/01\/2_27899480_1350-x-990_SITIO-WEB_2-1.png\" alt=\"2_27899480_1350 x 990_SITIO WEB_2\" class=\"kitify-iconbox__main_img\" loading=\"lazy\"><\/div><\/div><div class=\"kitify-iconbox__box_body\"><h3 class=\"kitify-iconbox__title\">Seguridad T\u00e9rmica: Manejo C\u00f3modo y Seguro<\/h3><div class=\"kitify-iconbox__desc\">Destaca por su dise\u00f1o ergon\u00f3mico con mangos y asas fabricados en materiales que no conducen el calor. Esto permite manipular las ollas y sartenes con total confianza durante el proceso de cocci\u00f3n, evitando quemaduras accidentales sin necesidad de usar guantes t\u00e9rmicos.<\/div><\/div><\/div>\t\t\t\t<\/div>\n\t\t\t\t<\/div>\n\t\t\t\t<\/div>\n\t\t<div class=\"elementor-element elementor-element-d7abce1 e-con-full e-flex kitify-col-width-auto-no ignore-docs-style-no kitify-disable-relative-no e-con e-child\" data-id=\"d7abce1\" data-element_type=\"container\">\n\t\t\t\t<div class=\"elementor-element elementor-element-38404c5 kitify-equal-height-disable elementor-widget kitify elementor-kitify-icon-box\" data-id=\"38404c5\" data-element_type=\"widget\" data-widget_type=\"kitify-icon-box.default\">\n\t\t\t\t<div class=\"elementor-widget-container\">\n\t\t\t\t\t<div class=\"kitify-iconbox kitify-iconbox__icon-align-top elementor-animation- \" data-kitify-element-link=\"{&quot;url&quot;:&quot;#&quot;,&quot;is_external&quot;:&quot;&quot;,&quot;nofollow&quot;:&quot;&quot;,&quot;custom_attributes&quot;:&quot;&quot;}\" style=\"cursor: pointer\"><div class=\"kitify-iconbox__box_header elementor-animation-\"><div class=\"kitify-iconbox__box_icon icon_pos_top\"><img decoding=\"async\" src=\"https:\/\/superbodega.mx\/wp-content\/uploads\/2026\/01\/3_27899480_1350-x-990_SITIO-WEB_2-1.png\" alt=\"3_27899480_1350 x 990_SITIO WEB_2\" class=\"kitify-iconbox__main_img\" loading=\"lazy\"><\/div><\/div><div class=\"kitify-iconbox__box_body\"><h3 class=\"kitify-iconbox__title\">Set Todo en Uno: Equipamiento Completo para el Hogar<\/h3><div class=\"kitify-iconbox__desc\">A diferencia de otros juegos b\u00e1sicos, esta bater\u00eda incluye un kit extendido de cuchiller\u00eda especializada y utensilios de nylon. Desde cuchillos para pan y chef hasta servidores de pasta, ofrece todas las herramientas necesarias para la preparaci\u00f3n y el servicio de alimentos en un solo paquete.<\/div><\/div><\/div>\t\t\t\t<\/div>\n\t\t\t\t<\/div>\n\t\t\t\t<\/div>\n\t\t\t\t<\/div>\n\t\t<div class=\"elementor-element elementor-element-e60f0de e-flex e-con-boxed kitify-col-width-auto-no ignore-docs-style-no kitify-disable-relative-no e-root-container elementor-top-section e-con e-parent\" data-id=\"e60f0de\" data-element_type=\"container\">\n\t\t\t\t\t<div class=\"e-con-inner\">\n\t\t\t\t<div class=\"elementor-element elementor-element-fb8b39d elementor-widget elementor-widget-spacer\" data-id=\"fb8b39d\" data-element_type=\"widget\" data-widget_type=\"spacer.default\">\n\t\t\t\t\t\t\t<div class=\"elementor-spacer\">\n\t\t\t<div class=\"elementor-spacer-inner\"><\/div>\n\t\t<\/div>\n\t\t\t\t\t\t<\/div>\n\t\t<div class=\"elementor-element elementor-element-96ca684 e-con-full e-flex kitify-col-width-auto-no ignore-docs-style-no kitify-disable-relative-no e-con e-child\" data-id=\"96ca684\" data-element_type=\"container\">\n\t\t\t\t<div class=\"elementor-element elementor-element-e2b0570 elementor-widget elementor-widget-image\" data-id=\"e2b0570\" data-element_type=\"widget\" data-widget_type=\"image.default\">\n\t\t\t\t\t\t\t\t\t\t\t\t\t\t\t<img decoding=\"async\" width=\"1700\" height=\"1070\" src=\"https:\/\/superbodega.mx\/wp-content\/uploads\/2026\/01\/2_27899480_1700-x-1070_SITIO-WEB_2-1.png\" class=\"attachment-full size-full wp-image-7123\" alt=\"\" srcset=\"https:\/\/superbodega.mx\/wp-content\/uploads\/2026\/01\/2_27899480_1700-x-1070_SITIO-WEB_2-1.png 1700w, https:\/\/superbodega.mx\/wp-content\/uploads\/2026\/01\/2_27899480_1700-x-1070_SITIO-WEB_2-1-300x189.png 300w, https:\/\/superbodega.mx\/wp-content\/uploads\/2026\/01\/2_27899480_1700-x-1070_SITIO-WEB_2-1-1024x645.png 1024w, https:\/\/superbodega.mx\/wp-content\/uploads\/2026\/01\/2_27899480_1700-x-1070_SITIO-WEB_2-1-768x483.png 768w, https:\/\/superbodega.mx\/wp-content\/uploads\/2026\/01\/2_27899480_1700-x-1070_SITIO-WEB_2-1-1536x967.png 1536w, https:\/\/superbodega.mx\/wp-content\/uploads\/2026\/01\/2_27899480_1700-x-1070_SITIO-WEB_2-1-1000x629.png 1000w, https:\/\/superbodega.mx\/wp-content\/uploads\/2026\/01\/2_27899480_1700-x-1070_SITIO-WEB_2-1-64x40.png 64w\" sizes=\"(max-width: 1700px) 100vw, 1700px\" \/>\t\t\t\t\t\t\t\t\t\t\t\t\t\t\t<\/div>\n\t\t\t\t<\/div>\n\t\t\t\t\t<\/div>\n\t\t\t\t<\/div>\n\t\t<div class=\"elementor-element elementor-element-d648c80 e-flex e-con-boxed kitify-col-width-auto-no ignore-docs-style-no kitify-disable-relative-no e-root-container elementor-top-section e-con e-parent\" data-id=\"d648c80\" data-element_type=\"container\">\n\t\t\t\t\t<div class=\"e-con-inner\">\n\t\t\t\t<div class=\"elementor-element elementor-element-e4fa54b elementor-widget elementor-widget-heading\" data-id=\"e4fa54b\" data-element_type=\"widget\" data-widget_type=\"heading.default\">\n\t\t\t\t\t<p class=\"elementor-heading-title elementor-size-default\">\n\n<\/p>\t\t\t\t<\/div>\n\t\t\t\t<div class=\"elementor-element elementor-element-4b12574 elementor-widget elementor-widget-text-editor\" data-id=\"4b12574\" data-element_type=\"widget\" data-widget_type=\"text-editor.default\">\n\t\t\t\t\t\t\t\t\t<h1 class=\"a-size-base-plus a-text-bold\">Acerca de este art\u00edculo<\/h1><ul><li>21 piezas<\/li><li>No se pega<\/li><li>F\u00e1cil de limpiar<\/li><li>Libre de PFOA<\/li><li>F\u00e1cil manejo con mangos y asas que no se calientan<\/li><li>Antiadherente duradero y no es perjudicial<\/li><li>Materiales que permiten la cocci\u00f3n r\u00e1pida y uniforme<\/li><\/ul><p>\u00a0<\/p>\t\t\t\t\t\t\t\t<\/div>\n\t\t\t\t\t<\/div>\n\t\t\t\t<\/div>\n\t\t\t\t<\/div>\n\t\t\n","protected":false},"excerpt":{"rendered":"<p>Es un conjunto integral de 21 piezas dise\u00f1ado para equipar totalmente la cocina, fabricado en aluminio de alta calidad con un acabado exterior en color rojo.<\/p>\n","protected":false},"featured_media":8920,"template":"","meta":[],"product_brand":[],"product_cat":[284,75,77],"product_tag":[195],"class_list":{"0":"post-7117","1":"product","2":"type-product","3":"status-publish","4":"has-post-thumbnail","6":"product_cat-tramontina-baterias","7":"product_cat-enseres-de-cocina","8":"product_cat-baterias","9":"product_tag-bateria","11":"first","12":"instock","13":"shipping-taxable","14":"purchasable","15":"product-type-simple"},"_links":{"self":[{"href":"https:\/\/superbodega.mx\/index.php?rest_route=\/wp\/v2\/product\/7117","targetHints":{"allow":["GET"]}}],"collection":[{"href":"https:\/\/superbodega.mx\/index.php?rest_route=\/wp\/v2\/product"}],"about":[{"href":"https:\/\/superbodega.mx\/index.php?rest_route=\/wp\/v2\/types\/product"}],"wp:featuredmedia":[{"embeddable":true,"href":"https:\/\/superbodega.mx\/index.php?rest_route=\/wp\/v2\/media\/8920"}],"wp:attachment":[{"href":"https:\/\/superbodega.mx\/index.php?rest_route=%2Fwp%2Fv2%2Fmedia&parent=7117"}],"wp:term":[{"taxonomy":"product_brand","embeddable":true,"href":"https:\/\/superbodega.mx\/index.php?rest_route=%2Fwp%2Fv2%2Fproduct_brand&post=7117"},{"taxonomy":"product_cat","embeddable":true,"href":"https:\/\/superbodega.mx\/index.php?rest_route=%2Fwp%2Fv2%2Fproduct_cat&post=7117"},{"taxonomy":"product_tag","embeddable":true,"href":"https:\/\/superbodega.mx\/index.php?rest_route=%2Fwp%2Fv2%2Fproduct_tag&post=7117"}],"curies":[{"name":"wp","href":"https:\/\/api.w.org\/{rel}","templated":true}]}}