{"id":7105,"date":"2026-01-13T10:45:11","date_gmt":"2026-01-13T16:45:11","guid":{"rendered":"https:\/\/superbodega.mx\/?post_type=product&#038;p=7105"},"modified":"2026-02-06T17:37:47","modified_gmt":"2026-02-06T23:37:47","slug":"bateria-de-cocina-de-9-piezas","status":"publish","type":"product","link":"https:\/\/superbodega.mx\/?product=bateria-de-cocina-de-9-piezas","title":{"rendered":"Bater\u00eda de cocina de 9 piezas."},"content":{"rendered":"\t\t<div data-elementor-type=\"section\" data-elementor-id=\"7114\" class=\"elementor elementor-7114\" data-elementor-post-type=\"elementor_library\">\n\t\t\t<div class=\"elementor-element elementor-element-15d756c e-flex e-con-boxed kitify-col-width-auto-no ignore-docs-style-no kitify-disable-relative-no e-root-container elementor-top-section e-con e-parent\" data-id=\"15d756c\" data-element_type=\"container\">\n\t\t\t\t\t<div class=\"e-con-inner\">\n\t\t\t\t<div class=\"elementor-element elementor-element-2d29746 elementor-widget__width-initial elementor-widget elementor-widget-heading\" data-id=\"2d29746\" data-element_type=\"widget\" data-widget_type=\"heading.default\">\n\t\t\t\t\t<h3 class=\"elementor-heading-title elementor-size-default\">Este modelo cuenta con un vibrante acabado en color rojo e incorpora un revestimiento antiadherente Starflon Max tanto en el interior como en el exterior, lo que evita que los alimentos se peguen y simplifica la limpieza.<\/h3>\t\t\t\t<\/div>\n\t\t\t\t\t<\/div>\n\t\t\t\t<\/div>\n\t\t<div class=\"elementor-element elementor-element-04a884f e-flex e-con-boxed kitify-col-width-auto-no ignore-docs-style-no kitify-disable-relative-no e-root-container elementor-top-section e-con e-parent\" data-id=\"04a884f\" data-element_type=\"container\">\n\t\t\t\t\t<div class=\"e-con-inner\">\n\t\t\t\t<div class=\"elementor-element elementor-element-f66a25a elementor-widget elementor-widget-image\" data-id=\"f66a25a\" data-element_type=\"widget\" data-widget_type=\"image.default\">\n\t\t\t\t\t\t\t\t\t\t\t\t\t\t\t<img fetchpriority=\"high\" decoding=\"async\" width=\"1700\" height=\"1070\" src=\"https:\/\/superbodega.mx\/wp-content\/uploads\/2026\/01\/1_27899480_1700-x-1070_SITIO-WEB_2.png\" class=\"attachment-full size-full wp-image-7108\" alt=\"\" srcset=\"https:\/\/superbodega.mx\/wp-content\/uploads\/2026\/01\/1_27899480_1700-x-1070_SITIO-WEB_2.png 1700w, https:\/\/superbodega.mx\/wp-content\/uploads\/2026\/01\/1_27899480_1700-x-1070_SITIO-WEB_2-300x189.png 300w, https:\/\/superbodega.mx\/wp-content\/uploads\/2026\/01\/1_27899480_1700-x-1070_SITIO-WEB_2-1024x645.png 1024w, https:\/\/superbodega.mx\/wp-content\/uploads\/2026\/01\/1_27899480_1700-x-1070_SITIO-WEB_2-768x483.png 768w, https:\/\/superbodega.mx\/wp-content\/uploads\/2026\/01\/1_27899480_1700-x-1070_SITIO-WEB_2-1536x967.png 1536w, https:\/\/superbodega.mx\/wp-content\/uploads\/2026\/01\/1_27899480_1700-x-1070_SITIO-WEB_2-1000x629.png 1000w, https:\/\/superbodega.mx\/wp-content\/uploads\/2026\/01\/1_27899480_1700-x-1070_SITIO-WEB_2-64x40.png 64w\" sizes=\"(max-width: 1700px) 100vw, 1700px\" \/>\t\t\t\t\t\t\t\t\t\t\t\t\t\t\t<\/div>\n\t\t\t\t\t<\/div>\n\t\t\t\t<\/div>\n\t\t<div class=\"elementor-element elementor-element-1c9d168 e-flex e-con-boxed kitify-col-width-auto-no ignore-docs-style-no kitify-disable-relative-no e-root-container elementor-top-section e-con e-parent\" data-id=\"1c9d168\" data-element_type=\"container\">\n\t\t\t\t\t<div class=\"e-con-inner\">\n\t\t\t\t<div class=\"elementor-element elementor-element-7668461 elementor-widget elementor-widget-heading\" data-id=\"7668461\" data-element_type=\"widget\" data-widget_type=\"heading.default\">\n\t\t\t\t\t<p class=\"elementor-heading-title elementor-size-default\">Equipada con mangos de baquelita antit\u00e9rmica y tapas de vidrio, esta bater\u00eda combina seguridad y funcionalidad, siendo ideal para hogares con espacios compactos, departamentos o casas peque\u00f1as.<\/p>\t\t\t\t<\/div>\n\t\t\t\t\t<\/div>\n\t\t\t\t<\/div>\n\t\t<div class=\"elementor-element elementor-element-b96aa6f e-con-full e-flex kitify-col-width-auto-no ignore-docs-style-no kitify-disable-relative-no e-root-container elementor-top-section e-con e-parent\" data-id=\"b96aa6f\" data-element_type=\"container\">\n\t\t<div class=\"elementor-element elementor-element-505396a e-con-full e-flex kitify-col-width-auto-no ignore-docs-style-no kitify-disable-relative-no e-con e-child\" data-id=\"505396a\" data-element_type=\"container\">\n\t\t\t\t<div class=\"elementor-element elementor-element-26ccae1 kitify-equal-height-disable elementor-widget kitify elementor-kitify-icon-box\" data-id=\"26ccae1\" data-element_type=\"widget\" data-widget_type=\"kitify-icon-box.default\">\n\t\t\t\t<div class=\"elementor-widget-container\">\n\t\t\t\t\t<div class=\"kitify-iconbox kitify-iconbox__icon-align-top elementor-animation- \" data-kitify-element-link=\"{&quot;url&quot;:&quot;#&quot;,&quot;is_external&quot;:&quot;&quot;,&quot;nofollow&quot;:&quot;&quot;,&quot;custom_attributes&quot;:&quot;&quot;}\" style=\"cursor: pointer\"><div class=\"kitify-iconbox__box_header elementor-animation-\"><div class=\"kitify-iconbox__box_icon icon_pos_top\"><img decoding=\"async\" src=\"https:\/\/superbodega.mx\/wp-content\/uploads\/2026\/01\/1_27899480_1350-x-990_SITIO-WEB_2.png\" alt=\"1_27899480_1350 x 990_SITIO WEB_2\" class=\"kitify-iconbox__main_img\" loading=\"lazy\"><\/div><\/div><div class=\"kitify-iconbox__box_body\"><h3 class=\"kitify-iconbox__title\">Tecnolog\u00eda Starflon Max: Cocina Saludable y Limpieza Sin Esfuerzo<\/h3><div class=\"kitify-iconbox__desc\">El atributo principal es su revestimiento antiadherente de alta calidad, libre de PFOA. Esta tecnolog\u00eda permite cocinar con menos grasa, garantiza que nada se pegue a la superficie y facilita el lavado manual de cada pieza, manteniendo su apariencia por m\u00e1s tiempo.<\/div><\/div><\/div>\t\t\t\t<\/div>\n\t\t\t\t<\/div>\n\t\t\t\t<\/div>\n\t\t<div class=\"elementor-element elementor-element-c584536 e-con-full e-flex kitify-col-width-auto-no ignore-docs-style-no kitify-disable-relative-no e-con e-child\" data-id=\"c584536\" data-element_type=\"container\">\n\t\t\t\t<div class=\"elementor-element elementor-element-e850582 kitify-equal-height-disable elementor-widget kitify elementor-kitify-icon-box\" data-id=\"e850582\" data-element_type=\"widget\" data-widget_type=\"kitify-icon-box.default\">\n\t\t\t\t<div class=\"elementor-widget-container\">\n\t\t\t\t\t<div class=\"kitify-iconbox kitify-iconbox__icon-align-top elementor-animation- \" data-kitify-element-link=\"{&quot;url&quot;:&quot;#&quot;,&quot;is_external&quot;:&quot;&quot;,&quot;nofollow&quot;:&quot;&quot;,&quot;custom_attributes&quot;:&quot;&quot;}\" style=\"cursor: pointer\"><div class=\"kitify-iconbox__box_header elementor-animation-\"><div class=\"kitify-iconbox__box_icon icon_pos_top\"><img decoding=\"async\" src=\"https:\/\/superbodega.mx\/wp-content\/uploads\/2026\/01\/2_27899480_1350-x-990_SITIO-WEB_2.png\" alt=\"2_27899480_1350 x 990_SITIO WEB_2\" class=\"kitify-iconbox__main_img\" loading=\"lazy\"><\/div><\/div><div class=\"kitify-iconbox__box_body\"><h3 class=\"kitify-iconbox__title\">Seguridad T\u00e9rmica: Mangos y Asas de Baquelita Antit\u00e9rmica<\/h3><div class=\"kitify-iconbox__desc\">Destaca por sus elementos de sujeci\u00f3n ergon\u00f3micos fabricados en baquelita, un material que no conduce el calor. Esto permite manipular las ollas y sartenes con total seguridad durante la cocci\u00f3n, reduciendo el riesgo de quemaduras accidentales.<\/div><\/div><\/div>\t\t\t\t<\/div>\n\t\t\t\t<\/div>\n\t\t\t\t<\/div>\n\t\t<div class=\"elementor-element elementor-element-d7abce1 e-con-full e-flex kitify-col-width-auto-no ignore-docs-style-no kitify-disable-relative-no e-con e-child\" data-id=\"d7abce1\" data-element_type=\"container\">\n\t\t\t\t<div class=\"elementor-element elementor-element-38404c5 kitify-equal-height-disable elementor-widget kitify elementor-kitify-icon-box\" data-id=\"38404c5\" data-element_type=\"widget\" data-widget_type=\"kitify-icon-box.default\">\n\t\t\t\t<div class=\"elementor-widget-container\">\n\t\t\t\t\t<div class=\"kitify-iconbox kitify-iconbox__icon-align-top elementor-animation- \" data-kitify-element-link=\"{&quot;url&quot;:&quot;#&quot;,&quot;is_external&quot;:&quot;&quot;,&quot;nofollow&quot;:&quot;&quot;,&quot;custom_attributes&quot;:&quot;&quot;}\" style=\"cursor: pointer\"><div class=\"kitify-iconbox__box_header elementor-animation-\"><div class=\"kitify-iconbox__box_icon icon_pos_top\"><img decoding=\"async\" src=\"https:\/\/superbodega.mx\/wp-content\/uploads\/2026\/01\/3_27899480_1350-x-990_SITIO-WEB_2.png\" alt=\"3_27899480_1350 x 990_SITIO WEB_2\" class=\"kitify-iconbox__main_img\" loading=\"lazy\"><\/div><\/div><div class=\"kitify-iconbox__box_body\"><h3 class=\"kitify-iconbox__title\">Cuerpo de Aluminio de Gran Espesor: Distribuci\u00f3n de Calor Uniforme<\/h3><div class=\"kitify-iconbox__desc\">Su estructura de aluminio s\u00f3lido permite una distribuci\u00f3n r\u00e1pida y homog\u00e9nea de la temperatura en toda la base. Esto optimiza el tiempo de cocci\u00f3n de los alimentos y evita puntos calientes que podr\u00edan quemar la comida, asegurando resultados consistentes.<\/div><\/div><\/div>\t\t\t\t<\/div>\n\t\t\t\t<\/div>\n\t\t\t\t<\/div>\n\t\t\t\t<\/div>\n\t\t<div class=\"elementor-element elementor-element-e60f0de e-flex e-con-boxed kitify-col-width-auto-no ignore-docs-style-no kitify-disable-relative-no e-root-container elementor-top-section e-con e-parent\" data-id=\"e60f0de\" data-element_type=\"container\">\n\t\t\t\t\t<div class=\"e-con-inner\">\n\t\t\t\t<div class=\"elementor-element elementor-element-fb8b39d elementor-widget elementor-widget-spacer\" data-id=\"fb8b39d\" data-element_type=\"widget\" data-widget_type=\"spacer.default\">\n\t\t\t\t\t\t\t<div class=\"elementor-spacer\">\n\t\t\t<div class=\"elementor-spacer-inner\"><\/div>\n\t\t<\/div>\n\t\t\t\t\t\t<\/div>\n\t\t<div class=\"elementor-element elementor-element-96ca684 e-con-full e-flex kitify-col-width-auto-no ignore-docs-style-no kitify-disable-relative-no e-con e-child\" data-id=\"96ca684\" data-element_type=\"container\">\n\t\t\t\t<div class=\"elementor-element elementor-element-e2b0570 elementor-widget elementor-widget-image\" data-id=\"e2b0570\" data-element_type=\"widget\" data-widget_type=\"image.default\">\n\t\t\t\t\t\t\t\t\t\t\t\t\t\t\t<img decoding=\"async\" width=\"1700\" height=\"1070\" src=\"https:\/\/superbodega.mx\/wp-content\/uploads\/2026\/01\/2_27899480_1700-x-1070_SITIO-WEB_2.png\" class=\"attachment-full size-full wp-image-7111\" alt=\"\" srcset=\"https:\/\/superbodega.mx\/wp-content\/uploads\/2026\/01\/2_27899480_1700-x-1070_SITIO-WEB_2.png 1700w, https:\/\/superbodega.mx\/wp-content\/uploads\/2026\/01\/2_27899480_1700-x-1070_SITIO-WEB_2-300x189.png 300w, https:\/\/superbodega.mx\/wp-content\/uploads\/2026\/01\/2_27899480_1700-x-1070_SITIO-WEB_2-1024x645.png 1024w, https:\/\/superbodega.mx\/wp-content\/uploads\/2026\/01\/2_27899480_1700-x-1070_SITIO-WEB_2-768x483.png 768w, https:\/\/superbodega.mx\/wp-content\/uploads\/2026\/01\/2_27899480_1700-x-1070_SITIO-WEB_2-1536x967.png 1536w, https:\/\/superbodega.mx\/wp-content\/uploads\/2026\/01\/2_27899480_1700-x-1070_SITIO-WEB_2-1000x629.png 1000w, https:\/\/superbodega.mx\/wp-content\/uploads\/2026\/01\/2_27899480_1700-x-1070_SITIO-WEB_2-64x40.png 64w\" sizes=\"(max-width: 1700px) 100vw, 1700px\" \/>\t\t\t\t\t\t\t\t\t\t\t\t\t\t\t<\/div>\n\t\t\t\t<\/div>\n\t\t\t\t\t<\/div>\n\t\t\t\t<\/div>\n\t\t<div class=\"elementor-element elementor-element-d648c80 e-flex e-con-boxed kitify-col-width-auto-no ignore-docs-style-no kitify-disable-relative-no e-root-container elementor-top-section e-con e-parent\" data-id=\"d648c80\" data-element_type=\"container\">\n\t\t\t\t\t<div class=\"e-con-inner\">\n\t\t\t\t<div class=\"elementor-element elementor-element-e4fa54b elementor-widget elementor-widget-heading\" data-id=\"e4fa54b\" data-element_type=\"widget\" data-widget_type=\"heading.default\">\n\t\t\t\t\t<p class=\"elementor-heading-title elementor-size-default\">\n\n<\/p>\t\t\t\t<\/div>\n\t\t\t\t<div class=\"elementor-element elementor-element-4b12574 elementor-widget elementor-widget-text-editor\" data-id=\"4b12574\" data-element_type=\"widget\" data-widget_type=\"text-editor.default\">\n\t\t\t\t\t\t\t\t\t<h1 class=\"a-size-base-plus a-text-bold\">Acerca de este art\u00edculo<\/h1><ul><li>Color: Rojo<\/li><li>Material del cuerpo: Aluminio de gran espesor<\/li><li>Revestimiento: Antiadherente Starflon Max (interno y externo)<\/li><li>Mangos y asas: Baquelita antit\u00e9rmica<\/li><li>Tapas: Vidrio templado con bordes de acero inoxidable<\/li><li>N\u00famero de piezas: 9 piezas totales (incluyendo tapas)<\/li><li>Composici\u00f3n del set:<ul><li>1 Cacerola con tapa de 0.9 Litros<\/li><li>1 Cacerola con tapa de 1.9 Litros<\/li><li>1 Olla con tapa de 3.8 Litros (Horno holand\u00e9s peque\u00f1o)<\/li><li>1 Sart\u00e9n profundo con tapa de 22.9 cm<\/li><li>1 Sart\u00e9n de 17.8 cm<\/li><\/ul><\/li><li>Certificaciones: Libre de PFOA<\/li><li>Compatibilidad: Estufas de gas, el\u00e9ctricas y vitrocer\u00e1micas (no compatible con inducci\u00f3n seg\u00fan tipo de material est\u00e1ndar)<\/li><\/ul>\t\t\t\t\t\t\t\t<\/div>\n\t\t\t\t\t<\/div>\n\t\t\t\t<\/div>\n\t\t\t\t<\/div>\n\t\t\n","protected":false},"excerpt":{"rendered":"<p>La bater\u00eda Tramontina Simple Cooking de 9 piezas es un conjunto vers\u00e1til fabricado en aluminio de gran espesor, dise\u00f1ado para ofrecer una cocci\u00f3n uniforme y facilitar las tareas diarias en la cocina.<\/p>\n","protected":false},"featured_media":8919,"template":"","meta":[],"product_brand":[196],"product_cat":[284,75,77],"product_tag":[195],"class_list":{"0":"post-7105","1":"product","2":"type-product","3":"status-publish","4":"has-post-thumbnail","6":"product_brand-tramontina","7":"product_cat-tramontina-baterias","8":"product_cat-enseres-de-cocina","9":"product_cat-baterias","10":"product_tag-bateria","12":"first","13":"instock","14":"shipping-taxable","15":"purchasable","16":"product-type-simple"},"_links":{"self":[{"href":"https:\/\/superbodega.mx\/index.php?rest_route=\/wp\/v2\/product\/7105","targetHints":{"allow":["GET"]}}],"collection":[{"href":"https:\/\/superbodega.mx\/index.php?rest_route=\/wp\/v2\/product"}],"about":[{"href":"https:\/\/superbodega.mx\/index.php?rest_route=\/wp\/v2\/types\/product"}],"wp:featuredmedia":[{"embeddable":true,"href":"https:\/\/superbodega.mx\/index.php?rest_route=\/wp\/v2\/media\/8919"}],"wp:attachment":[{"href":"https:\/\/superbodega.mx\/index.php?rest_route=%2Fwp%2Fv2%2Fmedia&parent=7105"}],"wp:term":[{"taxonomy":"product_brand","embeddable":true,"href":"https:\/\/superbodega.mx\/index.php?rest_route=%2Fwp%2Fv2%2Fproduct_brand&post=7105"},{"taxonomy":"product_cat","embeddable":true,"href":"https:\/\/superbodega.mx\/index.php?rest_route=%2Fwp%2Fv2%2Fproduct_cat&post=7105"},{"taxonomy":"product_tag","embeddable":true,"href":"https:\/\/superbodega.mx\/index.php?rest_route=%2Fwp%2Fv2%2Fproduct_tag&post=7105"}],"curies":[{"name":"wp","href":"https:\/\/api.w.org\/{rel}","templated":true}]}}