{"id":7068,"date":"2026-01-12T11:10:20","date_gmt":"2026-01-12T17:10:20","guid":{"rendered":"https:\/\/superbodega.mx\/?post_type=product&#038;p=7068"},"modified":"2026-02-06T17:35:35","modified_gmt":"2026-02-06T23:35:35","slug":"bateria-ekco-de-12-piezas-en-estilo-de-peltre","status":"publish","type":"product","link":"https:\/\/superbodega.mx\/?product=bateria-ekco-de-12-piezas-en-estilo-de-peltre","title":{"rendered":"Bater\u00eda EKCO de 12 piezas en estilo de peltre."},"content":{"rendered":"\t\t<div data-elementor-type=\"section\" data-elementor-id=\"7077\" class=\"elementor elementor-7077\" data-elementor-post-type=\"elementor_library\">\n\t\t\t<div class=\"elementor-element elementor-element-15d756c e-flex e-con-boxed kitify-col-width-auto-no ignore-docs-style-no kitify-disable-relative-no e-root-container elementor-top-section e-con e-parent\" data-id=\"15d756c\" data-element_type=\"container\">\n\t\t\t\t\t<div class=\"e-con-inner\">\n\t\t\t\t<div class=\"elementor-element elementor-element-2d29746 elementor-widget__width-initial elementor-widget elementor-widget-heading\" data-id=\"2d29746\" data-element_type=\"widget\" data-widget_type=\"heading.default\">\n\t\t\t\t\t<h3 class=\"elementor-heading-title elementor-size-default\">Este conjunto destaca por su versatilidad tecnol\u00f3gica, ya que su base y materiales permiten una compatibilidad total con estufas de inducci\u00f3n, gas y el\u00e9ctricas, adapt\u00e1ndose a cualquier hogar moderno.<\/h3>\t\t\t\t<\/div>\n\t\t\t\t\t<\/div>\n\t\t\t\t<\/div>\n\t\t<div class=\"elementor-element elementor-element-04a884f e-flex e-con-boxed kitify-col-width-auto-no ignore-docs-style-no kitify-disable-relative-no e-root-container elementor-top-section e-con e-parent\" data-id=\"04a884f\" data-element_type=\"container\">\n\t\t\t\t\t<div class=\"e-con-inner\">\n\t\t\t\t<div class=\"elementor-element elementor-element-f66a25a elementor-widget elementor-widget-image\" data-id=\"f66a25a\" data-element_type=\"widget\" data-widget_type=\"image.default\">\n\t\t\t\t\t\t\t\t\t\t\t\t\t\t\t<img fetchpriority=\"high\" decoding=\"async\" width=\"1700\" height=\"1070\" src=\"https:\/\/superbodega.mx\/wp-content\/uploads\/2026\/01\/1_28855_1700-x-1070_SITIO-WEB_2.png\" class=\"attachment-full size-full wp-image-7071\" alt=\"\" srcset=\"https:\/\/superbodega.mx\/wp-content\/uploads\/2026\/01\/1_28855_1700-x-1070_SITIO-WEB_2.png 1700w, https:\/\/superbodega.mx\/wp-content\/uploads\/2026\/01\/1_28855_1700-x-1070_SITIO-WEB_2-300x189.png 300w, https:\/\/superbodega.mx\/wp-content\/uploads\/2026\/01\/1_28855_1700-x-1070_SITIO-WEB_2-1024x645.png 1024w, https:\/\/superbodega.mx\/wp-content\/uploads\/2026\/01\/1_28855_1700-x-1070_SITIO-WEB_2-768x483.png 768w, https:\/\/superbodega.mx\/wp-content\/uploads\/2026\/01\/1_28855_1700-x-1070_SITIO-WEB_2-1536x967.png 1536w, https:\/\/superbodega.mx\/wp-content\/uploads\/2026\/01\/1_28855_1700-x-1070_SITIO-WEB_2-1000x629.png 1000w, https:\/\/superbodega.mx\/wp-content\/uploads\/2026\/01\/1_28855_1700-x-1070_SITIO-WEB_2-64x40.png 64w\" sizes=\"(max-width: 1700px) 100vw, 1700px\" \/>\t\t\t\t\t\t\t\t\t\t\t\t\t\t\t<\/div>\n\t\t\t\t\t<\/div>\n\t\t\t\t<\/div>\n\t\t<div class=\"elementor-element elementor-element-1c9d168 e-flex e-con-boxed kitify-col-width-auto-no ignore-docs-style-no kitify-disable-relative-no e-root-container elementor-top-section e-con e-parent\" data-id=\"1c9d168\" data-element_type=\"container\">\n\t\t\t\t\t<div class=\"e-con-inner\">\n\t\t\t\t<div class=\"elementor-element elementor-element-7668461 elementor-widget elementor-widget-heading\" data-id=\"7668461\" data-element_type=\"widget\" data-widget_type=\"heading.default\">\n\t\t\t\t\t<p class=\"elementor-heading-title elementor-size-default\">Presenta un elegante acabado exterior en color azul marino que no solo aporta estilo a la cocina, sino que tambi\u00e9n facilita la limpieza gracias a su superficie lisa y vitrificada que no retiene olores ni bacterias.<\/p>\t\t\t\t<\/div>\n\t\t\t\t\t<\/div>\n\t\t\t\t<\/div>\n\t\t<div class=\"elementor-element elementor-element-b96aa6f e-con-full e-flex kitify-col-width-auto-no ignore-docs-style-no kitify-disable-relative-no e-root-container elementor-top-section e-con e-parent\" data-id=\"b96aa6f\" data-element_type=\"container\">\n\t\t<div class=\"elementor-element elementor-element-505396a e-con-full e-flex kitify-col-width-auto-no ignore-docs-style-no kitify-disable-relative-no e-con e-child\" data-id=\"505396a\" data-element_type=\"container\">\n\t\t\t\t<div class=\"elementor-element elementor-element-26ccae1 kitify-equal-height-disable elementor-widget kitify elementor-kitify-icon-box\" data-id=\"26ccae1\" data-element_type=\"widget\" data-widget_type=\"kitify-icon-box.default\">\n\t\t\t\t<div class=\"elementor-widget-container\">\n\t\t\t\t\t<div class=\"kitify-iconbox kitify-iconbox__icon-align-top elementor-animation- \" data-kitify-element-link=\"{&quot;url&quot;:&quot;#&quot;,&quot;is_external&quot;:&quot;&quot;,&quot;nofollow&quot;:&quot;&quot;,&quot;custom_attributes&quot;:&quot;&quot;}\" style=\"cursor: pointer\"><div class=\"kitify-iconbox__box_header elementor-animation-\"><div class=\"kitify-iconbox__box_icon icon_pos_top\"><img decoding=\"async\" src=\"https:\/\/superbodega.mx\/wp-content\/uploads\/2026\/01\/1_28855_1350-x-990_SITIO-WEB_2.png\" alt=\"1_28855_1350 x 990_SITIO WEB_2\" class=\"kitify-iconbox__main_img\" loading=\"lazy\"><\/div><\/div><div class=\"kitify-iconbox__box_body\"><h3 class=\"kitify-iconbox__title\">M\u00e1xima Eficiencia: Tecnolog\u00eda para Inducci\u00f3n<\/h3><div class=\"kitify-iconbox__desc\">El atributo principal de esta bater\u00eda es su fabricaci\u00f3n en acero esmaltado, un material conductor por excelencia que permite su uso en parrillas de inducci\u00f3n. Esta caracter\u00edstica asegura una distribuci\u00f3n de calor r\u00e1pida y uniforme, optimizando el tiempo de cocci\u00f3n y el ahorro de energ\u00eda.<\/div><\/div><\/div>\t\t\t\t<\/div>\n\t\t\t\t<\/div>\n\t\t\t\t<\/div>\n\t\t<div class=\"elementor-element elementor-element-c584536 e-con-full e-flex kitify-col-width-auto-no ignore-docs-style-no kitify-disable-relative-no e-con e-child\" data-id=\"c584536\" data-element_type=\"container\">\n\t\t\t\t<div class=\"elementor-element elementor-element-e850582 kitify-equal-height-disable elementor-widget kitify elementor-kitify-icon-box\" data-id=\"e850582\" data-element_type=\"widget\" data-widget_type=\"kitify-icon-box.default\">\n\t\t\t\t<div class=\"elementor-widget-container\">\n\t\t\t\t\t<div class=\"kitify-iconbox kitify-iconbox__icon-align-top elementor-animation- \" data-kitify-element-link=\"{&quot;url&quot;:&quot;#&quot;,&quot;is_external&quot;:&quot;&quot;,&quot;nofollow&quot;:&quot;&quot;,&quot;custom_attributes&quot;:&quot;&quot;}\" style=\"cursor: pointer\"><div class=\"kitify-iconbox__box_header elementor-animation-\"><div class=\"kitify-iconbox__box_icon icon_pos_top\"><img decoding=\"async\" src=\"https:\/\/superbodega.mx\/wp-content\/uploads\/2026\/01\/2_28855_1350-x-990_SITIO-WEB_2.png\" alt=\"2_28855_1350 x 990_SITIO WEB_2\" class=\"kitify-iconbox__main_img\" loading=\"lazy\"><\/div><\/div><div class=\"kitify-iconbox__box_body\"><h3 class=\"kitify-iconbox__title\">Higiene Total: Superficie Vitrificada Antiadherente<\/h3><div class=\"kitify-iconbox__desc\">Gracias a su recubrimiento de esmalte vitrificado, las piezas poseen una superficie no porosa que evita la absorci\u00f3n de residuos y sabores. Esto garantiza una cocina m\u00e1s saludable y una limpieza sin esfuerzo, manteniendo el color azul marino brillante por mucho m\u00e1s tiempo.<\/div><\/div><\/div>\t\t\t\t<\/div>\n\t\t\t\t<\/div>\n\t\t\t\t<\/div>\n\t\t<div class=\"elementor-element elementor-element-d7abce1 e-con-full e-flex kitify-col-width-auto-no ignore-docs-style-no kitify-disable-relative-no e-con e-child\" data-id=\"d7abce1\" data-element_type=\"container\">\n\t\t\t\t<div class=\"elementor-element elementor-element-38404c5 kitify-equal-height-disable elementor-widget kitify elementor-kitify-icon-box\" data-id=\"38404c5\" data-element_type=\"widget\" data-widget_type=\"kitify-icon-box.default\">\n\t\t\t\t<div class=\"elementor-widget-container\">\n\t\t\t\t\t<div class=\"kitify-iconbox kitify-iconbox__icon-align-top elementor-animation- \" data-kitify-element-link=\"{&quot;url&quot;:&quot;#&quot;,&quot;is_external&quot;:&quot;&quot;,&quot;nofollow&quot;:&quot;&quot;,&quot;custom_attributes&quot;:&quot;&quot;}\" style=\"cursor: pointer\"><div class=\"kitify-iconbox__box_header elementor-animation-\"><div class=\"kitify-iconbox__box_icon icon_pos_top\"><img decoding=\"async\" src=\"https:\/\/superbodega.mx\/wp-content\/uploads\/2026\/01\/3_28855_1350-x-990_SITIO-WEB_2.png\" alt=\"3_28855_1350 x 990_SITIO WEB_2\" class=\"kitify-iconbox__main_img\" loading=\"lazy\"><\/div><\/div><div class=\"kitify-iconbox__box_body\"><h3 class=\"kitify-iconbox__title\">Ergonom\u00eda y Seguridad: Accesorios de Baquelita<\/h3><div class=\"kitify-iconbox__desc\">Las piezas est\u00e1n equipadas con mangos y asas de baquelita, un material aislante del calor que permite un manejo seguro y c\u00f3modo durante la preparaci\u00f3n de los alimentos. Este dise\u00f1o ergon\u00f3mico previene quemaduras y facilita el control total de las ollas y sartenes mientras est\u00e1n en el fuego.<\/div><\/div><\/div>\t\t\t\t<\/div>\n\t\t\t\t<\/div>\n\t\t\t\t<\/div>\n\t\t\t\t<\/div>\n\t\t<div class=\"elementor-element elementor-element-e60f0de e-flex e-con-boxed kitify-col-width-auto-no ignore-docs-style-no kitify-disable-relative-no e-root-container elementor-top-section e-con e-parent\" data-id=\"e60f0de\" data-element_type=\"container\">\n\t\t\t\t\t<div class=\"e-con-inner\">\n\t\t\t\t<div class=\"elementor-element elementor-element-fb8b39d elementor-widget elementor-widget-spacer\" data-id=\"fb8b39d\" data-element_type=\"widget\" data-widget_type=\"spacer.default\">\n\t\t\t\t\t\t\t<div class=\"elementor-spacer\">\n\t\t\t<div class=\"elementor-spacer-inner\"><\/div>\n\t\t<\/div>\n\t\t\t\t\t\t<\/div>\n\t\t<div class=\"elementor-element elementor-element-96ca684 e-con-full e-flex kitify-col-width-auto-no ignore-docs-style-no kitify-disable-relative-no e-con e-child\" data-id=\"96ca684\" data-element_type=\"container\">\n\t\t\t\t<div class=\"elementor-element elementor-element-e2b0570 elementor-widget elementor-widget-image\" data-id=\"e2b0570\" data-element_type=\"widget\" data-widget_type=\"image.default\">\n\t\t\t\t\t\t\t\t\t\t\t\t\t\t\t<img decoding=\"async\" width=\"1700\" height=\"1070\" src=\"https:\/\/superbodega.mx\/wp-content\/uploads\/2026\/01\/2_28855_1700-x-1070_SITIO-WEB_2.png\" class=\"attachment-full size-full wp-image-7074\" alt=\"\" srcset=\"https:\/\/superbodega.mx\/wp-content\/uploads\/2026\/01\/2_28855_1700-x-1070_SITIO-WEB_2.png 1700w, https:\/\/superbodega.mx\/wp-content\/uploads\/2026\/01\/2_28855_1700-x-1070_SITIO-WEB_2-300x189.png 300w, https:\/\/superbodega.mx\/wp-content\/uploads\/2026\/01\/2_28855_1700-x-1070_SITIO-WEB_2-1024x645.png 1024w, https:\/\/superbodega.mx\/wp-content\/uploads\/2026\/01\/2_28855_1700-x-1070_SITIO-WEB_2-768x483.png 768w, https:\/\/superbodega.mx\/wp-content\/uploads\/2026\/01\/2_28855_1700-x-1070_SITIO-WEB_2-1536x967.png 1536w, https:\/\/superbodega.mx\/wp-content\/uploads\/2026\/01\/2_28855_1700-x-1070_SITIO-WEB_2-1000x629.png 1000w, https:\/\/superbodega.mx\/wp-content\/uploads\/2026\/01\/2_28855_1700-x-1070_SITIO-WEB_2-64x40.png 64w\" sizes=\"(max-width: 1700px) 100vw, 1700px\" \/>\t\t\t\t\t\t\t\t\t\t\t\t\t\t\t<\/div>\n\t\t\t\t<\/div>\n\t\t\t\t\t<\/div>\n\t\t\t\t<\/div>\n\t\t<div class=\"elementor-element elementor-element-d648c80 e-flex e-con-boxed kitify-col-width-auto-no ignore-docs-style-no kitify-disable-relative-no e-root-container elementor-top-section e-con e-parent\" data-id=\"d648c80\" data-element_type=\"container\">\n\t\t\t\t\t<div class=\"e-con-inner\">\n\t\t\t\t<div class=\"elementor-element elementor-element-e4fa54b elementor-widget elementor-widget-heading\" data-id=\"e4fa54b\" data-element_type=\"widget\" data-widget_type=\"heading.default\">\n\t\t\t\t\t<p class=\"elementor-heading-title elementor-size-default\">\n\n<\/p>\t\t\t\t<\/div>\n\t\t\t\t<div class=\"elementor-element elementor-element-4b12574 elementor-widget elementor-widget-text-editor\" data-id=\"4b12574\" data-element_type=\"widget\" data-widget_type=\"text-editor.default\">\n\t\t\t\t\t\t\t\t\t<h1 class=\"a-size-base-plus a-text-bold\">Acerca de este art\u00edculo<\/h1><ul><li>Material principal: Acero esmaltado (Peltre)<\/li><li>Color exterior: Azul Marino<\/li><li>Color interior: Blanco vitrificado<\/li><li>Mangos y asas: Baquelita aislante de calor<\/li><li>Tapas: Vidrio templado con escape de vapor<\/li><li>Acabado: Brillante de alta resistencia<\/li><li>N\u00famero de piezas: 12<\/li><li>Compatibilidad: Estufas de inducci\u00f3n, gas, el\u00e9ctrica y vitrocer\u00e1mica<\/li><li>Resistencia: Soporta altas temperaturas sin deformarse<\/li><li>Recubrimiento: Capa v\u00edtrea que no desprende sustancias t\u00f3xicas<\/li><li>Componentes del juego: Arroceras, cacerolas, sartenes, hervidor y utensilios de nylon<\/li><li>Apto para lavavajillas: S\u00ed<\/li><\/ul><p>\u00a0<\/p><p>\u00a0<\/p>\t\t\t\t\t\t\t\t<\/div>\n\t\t\t\t\t<\/div>\n\t\t\t\t<\/div>\n\t\t\t\t<\/div>\n\t\t\n","protected":false},"excerpt":{"rendered":"<p>La bater\u00eda de cocina Ekco modelo 28855 es un juego completo de 12 piezas fabricado en acero esmaltado de alta resistencia, dise\u00f1ado para ofrecer durabilidad y un rendimiento \u00f3ptimo en la cocina diaria.<\/p>\n","protected":false},"featured_media":8917,"template":"","meta":[],"product_brand":[107],"product_cat":[283,75,77],"product_tag":[195],"class_list":{"0":"post-7068","1":"product","2":"type-product","3":"status-publish","4":"has-post-thumbnail","6":"product_brand-ekco","7":"product_cat-vasconia-baterias","8":"product_cat-enseres-de-cocina","9":"product_cat-baterias","10":"product_tag-bateria","12":"first","13":"instock","14":"shipping-taxable","15":"purchasable","16":"product-type-simple"},"_links":{"self":[{"href":"https:\/\/superbodega.mx\/index.php?rest_route=\/wp\/v2\/product\/7068","targetHints":{"allow":["GET"]}}],"collection":[{"href":"https:\/\/superbodega.mx\/index.php?rest_route=\/wp\/v2\/product"}],"about":[{"href":"https:\/\/superbodega.mx\/index.php?rest_route=\/wp\/v2\/types\/product"}],"wp:featuredmedia":[{"embeddable":true,"href":"https:\/\/superbodega.mx\/index.php?rest_route=\/wp\/v2\/media\/8917"}],"wp:attachment":[{"href":"https:\/\/superbodega.mx\/index.php?rest_route=%2Fwp%2Fv2%2Fmedia&parent=7068"}],"wp:term":[{"taxonomy":"product_brand","embeddable":true,"href":"https:\/\/superbodega.mx\/index.php?rest_route=%2Fwp%2Fv2%2Fproduct_brand&post=7068"},{"taxonomy":"product_cat","embeddable":true,"href":"https:\/\/superbodega.mx\/index.php?rest_route=%2Fwp%2Fv2%2Fproduct_cat&post=7068"},{"taxonomy":"product_tag","embeddable":true,"href":"https:\/\/superbodega.mx\/index.php?rest_route=%2Fwp%2Fv2%2Fproduct_tag&post=7068"}],"curies":[{"name":"wp","href":"https:\/\/api.w.org\/{rel}","templated":true}]}}