{"id":6877,"date":"2025-12-17T15:40:57","date_gmt":"2025-12-17T21:40:57","guid":{"rendered":"https:\/\/superbodega.mx\/?post_type=product&#038;p=6877"},"modified":"2026-02-06T19:13:27","modified_gmt":"2026-02-07T01:13:27","slug":"bocina-de-15-y-una-potencia-de-26900","status":"publish","type":"product","link":"https:\/\/superbodega.mx\/?product=bocina-de-15-y-una-potencia-de-26900","title":{"rendered":"Bocina de 15\u201d y una potencia de 26,900"},"content":{"rendered":"\t\t<div data-elementor-type=\"section\" data-elementor-id=\"6886\" class=\"elementor elementor-6886\" data-elementor-post-type=\"elementor_library\">\n\t\t\t<div class=\"elementor-element elementor-element-15d756c e-flex e-con-boxed kitify-col-width-auto-no ignore-docs-style-no kitify-disable-relative-no e-root-container elementor-top-section e-con e-parent\" data-id=\"15d756c\" data-element_type=\"container\">\n\t\t\t\t\t<div class=\"e-con-inner\">\n\t\t\t\t<div class=\"elementor-element elementor-element-2d29746 elementor-widget__width-initial elementor-widget elementor-widget-heading\" data-id=\"2d29746\" data-element_type=\"widget\" data-widget_type=\"heading.default\">\n\t\t\t\t\t<h3 class=\"elementor-heading-title elementor-size-default\">Este modelo ofrece m\u00faltiples opciones de conectividad, incluyendo Bluetooth\u00ae con 10 metros de alcance, puertos USB\/microSD y Radio FM, permitiendo la reproducci\u00f3n de audio desde diversas fuentes.<\/h3>\t\t\t\t<\/div>\n\t\t\t\t\t<\/div>\n\t\t\t\t<\/div>\n\t\t<div class=\"elementor-element elementor-element-04a884f e-flex e-con-boxed kitify-col-width-auto-no ignore-docs-style-no kitify-disable-relative-no e-root-container elementor-top-section e-con e-parent\" data-id=\"04a884f\" data-element_type=\"container\">\n\t\t\t\t\t<div class=\"e-con-inner\">\n\t\t\t\t<div class=\"elementor-element elementor-element-f66a25a elementor-widget elementor-widget-image\" data-id=\"f66a25a\" data-element_type=\"widget\" data-widget_type=\"image.default\">\n\t\t\t\t\t\t\t\t\t\t\t\t\t\t\t<img fetchpriority=\"high\" decoding=\"async\" width=\"1700\" height=\"1070\" src=\"https:\/\/superbodega.mx\/wp-content\/uploads\/2025\/12\/1_MSA-7515MX_1700-x-1070_SITIO-WEB_2.png\" class=\"attachment-full size-full wp-image-6880\" alt=\"\" srcset=\"https:\/\/superbodega.mx\/wp-content\/uploads\/2025\/12\/1_MSA-7515MX_1700-x-1070_SITIO-WEB_2.png 1700w, https:\/\/superbodega.mx\/wp-content\/uploads\/2025\/12\/1_MSA-7515MX_1700-x-1070_SITIO-WEB_2-300x189.png 300w, https:\/\/superbodega.mx\/wp-content\/uploads\/2025\/12\/1_MSA-7515MX_1700-x-1070_SITIO-WEB_2-1024x645.png 1024w, https:\/\/superbodega.mx\/wp-content\/uploads\/2025\/12\/1_MSA-7515MX_1700-x-1070_SITIO-WEB_2-768x483.png 768w, https:\/\/superbodega.mx\/wp-content\/uploads\/2025\/12\/1_MSA-7515MX_1700-x-1070_SITIO-WEB_2-1536x967.png 1536w, https:\/\/superbodega.mx\/wp-content\/uploads\/2025\/12\/1_MSA-7515MX_1700-x-1070_SITIO-WEB_2-1000x629.png 1000w, https:\/\/superbodega.mx\/wp-content\/uploads\/2025\/12\/1_MSA-7515MX_1700-x-1070_SITIO-WEB_2-64x40.png 64w\" sizes=\"(max-width: 1700px) 100vw, 1700px\" \/>\t\t\t\t\t\t\t\t\t\t\t\t\t\t\t<\/div>\n\t\t\t\t\t<\/div>\n\t\t\t\t<\/div>\n\t\t<div class=\"elementor-element elementor-element-1c9d168 e-flex e-con-boxed kitify-col-width-auto-no ignore-docs-style-no kitify-disable-relative-no e-root-container elementor-top-section e-con e-parent\" data-id=\"1c9d168\" data-element_type=\"container\">\n\t\t\t\t\t<div class=\"e-con-inner\">\n\t\t\t\t<div class=\"elementor-element elementor-element-7668461 elementor-widget elementor-widget-heading\" data-id=\"7668461\" data-element_type=\"widget\" data-widget_type=\"heading.default\">\n\t\t\t\t\t<p class=\"elementor-heading-title elementor-size-default\">El equipo est\u00e1 dise\u00f1ado para presentaciones en vivo y karaoke, ya que incluye un micr\u00f3fono al\u00e1mbrico y un tripi\u00e9 como accesorios, adem\u00e1s de entradas dedicadas para micr\u00f3fono y guitarra.<\/p>\t\t\t\t<\/div>\n\t\t\t\t\t<\/div>\n\t\t\t\t<\/div>\n\t\t<div class=\"elementor-element elementor-element-b96aa6f e-con-full e-flex kitify-col-width-auto-no ignore-docs-style-no kitify-disable-relative-no e-root-container elementor-top-section e-con e-parent\" data-id=\"b96aa6f\" data-element_type=\"container\">\n\t\t<div class=\"elementor-element elementor-element-505396a e-con-full e-flex kitify-col-width-auto-no ignore-docs-style-no kitify-disable-relative-no e-con e-child\" data-id=\"505396a\" data-element_type=\"container\">\n\t\t\t\t<div class=\"elementor-element elementor-element-26ccae1 kitify-equal-height-disable elementor-widget kitify elementor-kitify-icon-box\" data-id=\"26ccae1\" data-element_type=\"widget\" data-widget_type=\"kitify-icon-box.default\">\n\t\t\t\t<div class=\"elementor-widget-container\">\n\t\t\t\t\t<div class=\"kitify-iconbox kitify-iconbox__icon-align-top elementor-animation- \" data-kitify-element-link=\"{&quot;url&quot;:&quot;#&quot;,&quot;is_external&quot;:&quot;&quot;,&quot;nofollow&quot;:&quot;&quot;,&quot;custom_attributes&quot;:&quot;&quot;}\" style=\"cursor: pointer\"><div class=\"kitify-iconbox__box_header elementor-animation-\"><div class=\"kitify-iconbox__box_icon icon_pos_top\"><img decoding=\"async\" src=\"https:\/\/superbodega.mx\/wp-content\/uploads\/2025\/12\/1_MSA-7515MX_1350-x-990_SITIO-WEB_2.png\" alt=\"1_MSA-7515MX_1350 x 990_SITIO WEB_2\" class=\"kitify-iconbox__main_img\" loading=\"lazy\"><\/div><\/div><div class=\"kitify-iconbox__box_body\"><h3 class=\"kitify-iconbox__title\">Potencia Extrema: 30,000 W PMPO<\/h3><div class=\"kitify-iconbox__desc\">Su principal atributo es la Potencia de 30,000 W PMPO. Este nivel de potencia garantiza un sonido fuerte y claro, adecuado para amplificar m\u00fasica y voz en eventos, fiestas o conciertos informales, destacando su capacidad de rendimiento m\u00e1ximo.<\/div><\/div><\/div>\t\t\t\t<\/div>\n\t\t\t\t<\/div>\n\t\t\t\t<\/div>\n\t\t<div class=\"elementor-element elementor-element-c584536 e-con-full e-flex kitify-col-width-auto-no ignore-docs-style-no kitify-disable-relative-no e-con e-child\" data-id=\"c584536\" data-element_type=\"container\">\n\t\t\t\t<div class=\"elementor-element elementor-element-e850582 kitify-equal-height-disable elementor-widget kitify elementor-kitify-icon-box\" data-id=\"e850582\" data-element_type=\"widget\" data-widget_type=\"kitify-icon-box.default\">\n\t\t\t\t<div class=\"elementor-widget-container\">\n\t\t\t\t\t<div class=\"kitify-iconbox kitify-iconbox__icon-align-top elementor-animation- \" data-kitify-element-link=\"{&quot;url&quot;:&quot;#&quot;,&quot;is_external&quot;:&quot;&quot;,&quot;nofollow&quot;:&quot;&quot;,&quot;custom_attributes&quot;:&quot;&quot;}\" style=\"cursor: pointer\"><div class=\"kitify-iconbox__box_header elementor-animation-\"><div class=\"kitify-iconbox__box_icon icon_pos_top\"><img decoding=\"async\" src=\"https:\/\/superbodega.mx\/wp-content\/uploads\/2025\/12\/2_MSA-7515MX_1350-x-990_SITIO-WEB_2.png\" alt=\"2_MSA-7515MX_1350 x 990_SITIO WEB_2\" class=\"kitify-iconbox__main_img\" loading=\"lazy\"><\/div><\/div><div class=\"kitify-iconbox__box_body\"><h3 class=\"kitify-iconbox__title\">M\u00fasico al Mando: Controles de Mezcla y Grabaci\u00f3n<\/h3><div class=\"kitify-iconbox__desc\">El bafle est\u00e1 optimizado para m\u00fasicos al ofrecer perillas independientes para controlar el volumen, los agudos, los bajos, el eco, el micr\u00f3fono y la guitarra. Adicionalmente, cuenta con una funci\u00f3n especial de Grabaci\u00f3n de audio, permitiendo capturar shows o ensayos directamente.<\/div><\/div><\/div>\t\t\t\t<\/div>\n\t\t\t\t<\/div>\n\t\t\t\t<\/div>\n\t\t<div class=\"elementor-element elementor-element-d7abce1 e-con-full e-flex kitify-col-width-auto-no ignore-docs-style-no kitify-disable-relative-no e-con e-child\" data-id=\"d7abce1\" data-element_type=\"container\">\n\t\t\t\t<div class=\"elementor-element elementor-element-38404c5 kitify-equal-height-disable elementor-widget kitify elementor-kitify-icon-box\" data-id=\"38404c5\" data-element_type=\"widget\" data-widget_type=\"kitify-icon-box.default\">\n\t\t\t\t<div class=\"elementor-widget-container\">\n\t\t\t\t\t<div class=\"kitify-iconbox kitify-iconbox__icon-align-top elementor-animation- \" data-kitify-element-link=\"{&quot;url&quot;:&quot;#&quot;,&quot;is_external&quot;:&quot;&quot;,&quot;nofollow&quot;:&quot;&quot;,&quot;custom_attributes&quot;:&quot;&quot;}\" style=\"cursor: pointer\"><div class=\"kitify-iconbox__box_header elementor-animation-\"><div class=\"kitify-iconbox__box_icon icon_pos_top\"><img decoding=\"async\" src=\"https:\/\/superbodega.mx\/wp-content\/uploads\/2025\/12\/3_MSA-7515MX_1350-x-990_SITIO-WEB_2.png\" alt=\"3_MSA-7515MX_1350 x 990_SITIO WEB_2\" class=\"kitify-iconbox__main_img\" loading=\"lazy\"><\/div><\/div><div class=\"kitify-iconbox__box_body\"><h3 class=\"kitify-iconbox__title\">Conexi\u00f3n Inal\u00e1mbrica Avanzada: KSR-LINK 9.2<\/h3><div class=\"kitify-iconbox__desc\">Dispone de la tecnolog\u00eda KSR-LINK 9.2. Esta caracter\u00edstica permite enlazar de forma inal\u00e1mbrica dos bafles compatibles de la marca (TWS - True Wireless Stereo) para crear un sistema de sonido est\u00e9reo, ampliando la cobertura y la inmersi\u00f3n sonora en el evento.<\/div><\/div><\/div>\t\t\t\t<\/div>\n\t\t\t\t<\/div>\n\t\t\t\t<\/div>\n\t\t\t\t<\/div>\n\t\t<div class=\"elementor-element elementor-element-e60f0de e-flex e-con-boxed kitify-col-width-auto-no ignore-docs-style-no kitify-disable-relative-no e-root-container elementor-top-section e-con e-parent\" data-id=\"e60f0de\" data-element_type=\"container\">\n\t\t\t\t\t<div class=\"e-con-inner\">\n\t\t\t\t<div class=\"elementor-element elementor-element-fb8b39d elementor-widget elementor-widget-spacer\" data-id=\"fb8b39d\" data-element_type=\"widget\" data-widget_type=\"spacer.default\">\n\t\t\t\t\t\t\t<div class=\"elementor-spacer\">\n\t\t\t<div class=\"elementor-spacer-inner\"><\/div>\n\t\t<\/div>\n\t\t\t\t\t\t<\/div>\n\t\t\t\t<div class=\"elementor-element elementor-element-1d73bd4 elementor-widget elementor-widget-image\" data-id=\"1d73bd4\" data-element_type=\"widget\" data-widget_type=\"image.default\">\n\t\t\t\t\t\t\t\t\t\t\t\t\t\t\t<img decoding=\"async\" width=\"1700\" height=\"1070\" src=\"https:\/\/superbodega.mx\/wp-content\/uploads\/2025\/12\/2_MSA-7515MX_1700-x-1070_SITIO-WEB_2.png\" class=\"attachment-full size-full wp-image-6883\" alt=\"\" srcset=\"https:\/\/superbodega.mx\/wp-content\/uploads\/2025\/12\/2_MSA-7515MX_1700-x-1070_SITIO-WEB_2.png 1700w, https:\/\/superbodega.mx\/wp-content\/uploads\/2025\/12\/2_MSA-7515MX_1700-x-1070_SITIO-WEB_2-300x189.png 300w, https:\/\/superbodega.mx\/wp-content\/uploads\/2025\/12\/2_MSA-7515MX_1700-x-1070_SITIO-WEB_2-1024x645.png 1024w, https:\/\/superbodega.mx\/wp-content\/uploads\/2025\/12\/2_MSA-7515MX_1700-x-1070_SITIO-WEB_2-768x483.png 768w, https:\/\/superbodega.mx\/wp-content\/uploads\/2025\/12\/2_MSA-7515MX_1700-x-1070_SITIO-WEB_2-1536x967.png 1536w, https:\/\/superbodega.mx\/wp-content\/uploads\/2025\/12\/2_MSA-7515MX_1700-x-1070_SITIO-WEB_2-1000x629.png 1000w, https:\/\/superbodega.mx\/wp-content\/uploads\/2025\/12\/2_MSA-7515MX_1700-x-1070_SITIO-WEB_2-64x40.png 64w\" sizes=\"(max-width: 1700px) 100vw, 1700px\" \/>\t\t\t\t\t\t\t\t\t\t\t\t\t\t\t<\/div>\n\t\t\t\t\t<\/div>\n\t\t\t\t<\/div>\n\t\t<div class=\"elementor-element elementor-element-d648c80 e-flex e-con-boxed kitify-col-width-auto-no ignore-docs-style-no kitify-disable-relative-no e-root-container elementor-top-section e-con e-parent\" data-id=\"d648c80\" data-element_type=\"container\">\n\t\t\t\t\t<div class=\"e-con-inner\">\n\t\t\t\t<div class=\"elementor-element elementor-element-e4fa54b elementor-widget elementor-widget-heading\" data-id=\"e4fa54b\" data-element_type=\"widget\" data-widget_type=\"heading.default\">\n\t\t\t\t\t<p class=\"elementor-heading-title elementor-size-default\">\n\n<\/p>\t\t\t\t<\/div>\n\t\t\t\t<div class=\"elementor-element elementor-element-4b12574 elementor-widget elementor-widget-text-editor\" data-id=\"4b12574\" data-element_type=\"widget\" data-widget_type=\"text-editor.default\">\n\t\t\t\t\t\t\t\t\t<h1 class=\"a-size-base-plus a-text-bold\">Acerca de este art\u00edculo<\/h1><ul><li>Tecnolog\u00eda KSR-LINK 9.2 que permite enlazar otra bocina con la misma tecnolog\u00eda<\/li><li>Bluetooth\u00ae 5.3 con alcance de hasta 10 m y rango de frecuencia de 2,4 GHz<\/li><li>Potencia de audio 30,000 W PMPO \/ 50 W RMS<\/li><li>Alimentaci\u00f3n (voltaje \/ Frecuencia \/ Watts): 7,4 Vcc 4,400 mAh (bater\u00eda recargable), para 3.5 h de uso<\/li><li>Recarga: 100-240 Vca 50-60 Hz 60 W<\/li><li>Woofer de 15\u201d (38,1 cm) \/ \u2022 Tweeter: 1,5\u201d (38,1 cm)<\/li><li>Impedancia 3 ohm \/ Sensibilidad: 92 dB<\/li><li>Respuesta en frecuencia: 45 Hz \u2013 8 kHz<\/li><li>Bot\u00f3n MODO para seleccionar Auxiliar, Micro SD, USB, Bluetooth y Radio FM<\/li><li>Perillas independientes de volumen gral y de guitarra, graves, agudos, medios, micr\u00f3fono, eco, retraso<\/li><li>Funciones: grabar audio y prioridad de audio del micr\u00f3fono<\/li><li>Display y controles de reproducci\u00f3n. Switch para encendido\/apagado y para luz LED<\/li><li>Terminales para bater\u00eda externa<\/li><li>Incluye asa superior, inferior y laterales, as\u00ed como perilla para fijar a tripi\u00e9<\/li><\/ul><p>ENTRADAS:<\/p><ul><li>3,5 mm para dispositivos de audio<\/li><li>3 entradas tipo 6,3 mm (2 para micr\u00f3fono y 1 para guitarra)<\/li><li>USB y micro SD<\/li><\/ul><p>INCLUYE:<\/p><ul><li>Micr\u00f3fono al\u00e1mbrico<\/li><li>Control remoto con bater\u00eda<\/li><li>Tripi\u00e9<\/li><li>Cable de alimentaci\u00f3n<\/li><li>Manual de usuario<\/li><\/ul>\t\t\t\t\t\t\t\t<\/div>\n\t\t\t\t\t<\/div>\n\t\t\t\t<\/div>\n\t\t\t\t<\/div>\n\t\t\n","protected":false},"excerpt":{"rendered":"<p>El bafle KAISER MSA-7515MX es un potente sistema de audio port\u00e1til con un altavoz de 15 pulgadas y una potencia de 30,000 W PMPO, ideal para m\u00fasicos y eventos.<\/p>\n","protected":false},"featured_media":8937,"template":"","meta":[],"product_brand":[126],"product_cat":[276,72,74],"product_tag":[194,192],"class_list":{"0":"post-6877","1":"product","2":"type-product","3":"status-publish","4":"has-post-thumbnail","6":"product_brand-kaiser","7":"product_cat-mitzu-ksr","8":"product_cat-tecnologia","9":"product_cat-audio","10":"product_tag-audio","11":"product_tag-bocina","13":"first","14":"instock","15":"shipping-taxable","16":"purchasable","17":"product-type-simple"},"_links":{"self":[{"href":"https:\/\/superbodega.mx\/index.php?rest_route=\/wp\/v2\/product\/6877","targetHints":{"allow":["GET"]}}],"collection":[{"href":"https:\/\/superbodega.mx\/index.php?rest_route=\/wp\/v2\/product"}],"about":[{"href":"https:\/\/superbodega.mx\/index.php?rest_route=\/wp\/v2\/types\/product"}],"wp:featuredmedia":[{"embeddable":true,"href":"https:\/\/superbodega.mx\/index.php?rest_route=\/wp\/v2\/media\/8937"}],"wp:attachment":[{"href":"https:\/\/superbodega.mx\/index.php?rest_route=%2Fwp%2Fv2%2Fmedia&parent=6877"}],"wp:term":[{"taxonomy":"product_brand","embeddable":true,"href":"https:\/\/superbodega.mx\/index.php?rest_route=%2Fwp%2Fv2%2Fproduct_brand&post=6877"},{"taxonomy":"product_cat","embeddable":true,"href":"https:\/\/superbodega.mx\/index.php?rest_route=%2Fwp%2Fv2%2Fproduct_cat&post=6877"},{"taxonomy":"product_tag","embeddable":true,"href":"https:\/\/superbodega.mx\/index.php?rest_route=%2Fwp%2Fv2%2Fproduct_tag&post=6877"}],"curies":[{"name":"wp","href":"https:\/\/api.w.org\/{rel}","templated":true}]}}