{"id":6222,"date":"2025-11-21T16:02:41","date_gmt":"2025-11-21T22:02:41","guid":{"rendered":"https:\/\/superbodega.mx\/?post_type=product&#038;p=6222"},"modified":"2026-02-05T17:41:45","modified_gmt":"2026-02-05T23:41:45","slug":"plancha-color-pearl-white","status":"publish","type":"product","link":"https:\/\/superbodega.mx\/?product=plancha-color-pearl-white","title":{"rendered":"Plancha color Pearl White."},"content":{"rendered":"","protected":false},"excerpt":{"rendered":"<p>La plancha Oster GCSTAC6901 est\u00e1 dise\u00f1ada para un planchado meticuloso, utilizando la innovadora tecnolog\u00eda aerocer\u00e1mica patentada en su suela para un deslizamiento y distribuci\u00f3n de vapor superiores.<\/p>\n","protected":false},"featured_media":8808,"template":"","meta":[],"product_brand":[104],"product_cat":[254,68,71],"product_tag":[188],"class_list":{"0":"post-6222","1":"product","2":"type-product","3":"status-publish","4":"has-post-thumbnail","6":"product_brand-oster","7":"product_cat-oster-planchas","8":"product_cat-electrodomesticos","9":"product_cat-planchas","10":"product_tag-planchas","12":"first","13":"instock","14":"shipping-taxable","15":"purchasable","16":"product-type-simple"},"_links":{"self":[{"href":"https:\/\/superbodega.mx\/index.php?rest_route=\/wp\/v2\/product\/6222","targetHints":{"allow":["GET"]}}],"collection":[{"href":"https:\/\/superbodega.mx\/index.php?rest_route=\/wp\/v2\/product"}],"about":[{"href":"https:\/\/superbodega.mx\/index.php?rest_route=\/wp\/v2\/types\/product"}],"wp:featuredmedia":[{"embeddable":true,"href":"https:\/\/superbodega.mx\/index.php?rest_route=\/wp\/v2\/media\/8808"}],"wp:attachment":[{"href":"https:\/\/superbodega.mx\/index.php?rest_route=%2Fwp%2Fv2%2Fmedia&parent=6222"}],"wp:term":[{"taxonomy":"product_brand","embeddable":true,"href":"https:\/\/superbodega.mx\/index.php?rest_route=%2Fwp%2Fv2%2Fproduct_brand&post=6222"},{"taxonomy":"product_cat","embeddable":true,"href":"https:\/\/superbodega.mx\/index.php?rest_route=%2Fwp%2Fv2%2Fproduct_cat&post=6222"},{"taxonomy":"product_tag","embeddable":true,"href":"https:\/\/superbodega.mx\/index.php?rest_route=%2Fwp%2Fv2%2Fproduct_tag&post=6222"}],"curies":[{"name":"wp","href":"https:\/\/api.w.org\/{rel}","templated":true}]}}