{"id":5606,"date":"2025-11-12T18:39:33","date_gmt":"2025-11-13T00:39:33","guid":{"rendered":"https:\/\/superbodega.mx\/?post_type=product&#038;p=5606"},"modified":"2026-02-03T18:16:01","modified_gmt":"2026-02-04T00:16:01","slug":"5606","status":"publish","type":"product","link":"https:\/\/superbodega.mx\/?product=5606","title":{"rendered":"Lavadora autom\u00e1tica 18 kg en color blanco."},"content":{"rendered":"\t\t<div data-elementor-type=\"section\" data-elementor-id=\"5612\" class=\"elementor elementor-5612\" data-elementor-post-type=\"elementor_library\">\n\t\t\t<div class=\"elementor-element elementor-element-15d756c e-flex e-con-boxed kitify-col-width-auto-no ignore-docs-style-no kitify-disable-relative-no e-root-container elementor-top-section e-con e-parent\" data-id=\"15d756c\" data-element_type=\"container\">\n\t\t\t\t\t<div class=\"e-con-inner\">\n\t\t\t\t<div class=\"elementor-element elementor-element-2d29746 elementor-widget__width-initial elementor-widget elementor-widget-heading\" data-id=\"2d29746\" data-element_type=\"widget\" data-widget_type=\"heading.default\">\n\t\t\t\t\t<h3 class=\"elementor-heading-title elementor-size-default\">Destaca por su tecnolog\u00eda Aqua Saver Green, dise\u00f1ada para un ahorro significativo de agua y energ\u00eda en cada ciclo de lavado.<\/h3>\t\t\t\t<\/div>\n\t\t\t\t\t<\/div>\n\t\t\t\t<\/div>\n\t\t<div class=\"elementor-element elementor-element-04a884f e-flex e-con-boxed kitify-col-width-auto-no ignore-docs-style-no kitify-disable-relative-no e-root-container elementor-top-section e-con e-parent\" data-id=\"04a884f\" data-element_type=\"container\">\n\t\t\t\t\t<div class=\"e-con-inner\">\n\t\t\t\t<div class=\"elementor-element elementor-element-f66a25a elementor-widget elementor-widget-image\" data-id=\"f66a25a\" data-element_type=\"widget\" data-widget_type=\"image.default\">\n\t\t\t\t\t\t\t\t\t\t\t\t\t\t\t<img fetchpriority=\"high\" decoding=\"async\" width=\"1700\" height=\"1070\" src=\"https:\/\/superbodega.mx\/wp-content\/uploads\/2025\/11\/1_LMA78112CBAB0_1700-x-1070_SITIO-WEB.png\" class=\"attachment-full size-full wp-image-5609\" alt=\"\" srcset=\"https:\/\/superbodega.mx\/wp-content\/uploads\/2025\/11\/1_LMA78112CBAB0_1700-x-1070_SITIO-WEB.png 1700w, https:\/\/superbodega.mx\/wp-content\/uploads\/2025\/11\/1_LMA78112CBAB0_1700-x-1070_SITIO-WEB-300x189.png 300w, https:\/\/superbodega.mx\/wp-content\/uploads\/2025\/11\/1_LMA78112CBAB0_1700-x-1070_SITIO-WEB-1024x645.png 1024w, https:\/\/superbodega.mx\/wp-content\/uploads\/2025\/11\/1_LMA78112CBAB0_1700-x-1070_SITIO-WEB-768x483.png 768w, https:\/\/superbodega.mx\/wp-content\/uploads\/2025\/11\/1_LMA78112CBAB0_1700-x-1070_SITIO-WEB-1536x967.png 1536w, https:\/\/superbodega.mx\/wp-content\/uploads\/2025\/11\/1_LMA78112CBAB0_1700-x-1070_SITIO-WEB-1000x629.png 1000w, https:\/\/superbodega.mx\/wp-content\/uploads\/2025\/11\/1_LMA78112CBAB0_1700-x-1070_SITIO-WEB-64x40.png 64w\" sizes=\"(max-width: 1700px) 100vw, 1700px\" \/>\t\t\t\t\t\t\t\t\t\t\t\t\t\t\t<\/div>\n\t\t\t\t\t<\/div>\n\t\t\t\t<\/div>\n\t\t<div class=\"elementor-element elementor-element-1c9d168 e-flex e-con-boxed kitify-col-width-auto-no ignore-docs-style-no kitify-disable-relative-no e-root-container elementor-top-section e-con e-parent\" data-id=\"1c9d168\" data-element_type=\"container\">\n\t\t\t\t\t<div class=\"e-con-inner\">\n\t\t\t\t<div class=\"elementor-element elementor-element-7668461 elementor-widget elementor-widget-heading\" data-id=\"7668461\" data-element_type=\"widget\" data-widget_type=\"heading.default\">\n\t\t\t\t\t<p class=\"elementor-heading-title elementor-size-default\">Cuenta con un sistema de lavado por Infusor Aqua Energy y una tina de acero inoxidable, lo que asegura un lavado eficiente y un mayor cuidado de las prendas.\n\n\n<\/p>\t\t\t\t<\/div>\n\t\t\t\t\t<\/div>\n\t\t\t\t<\/div>\n\t\t<div class=\"elementor-element elementor-element-b96aa6f e-con-full e-flex kitify-col-width-auto-no ignore-docs-style-no kitify-disable-relative-no e-root-container elementor-top-section e-con e-parent\" data-id=\"b96aa6f\" data-element_type=\"container\">\n\t\t<div class=\"elementor-element elementor-element-505396a e-con-full e-flex kitify-col-width-auto-no ignore-docs-style-no kitify-disable-relative-no e-con e-child\" data-id=\"505396a\" data-element_type=\"container\">\n\t\t\t\t<div class=\"elementor-element elementor-element-26ccae1 kitify-equal-height-disable elementor-widget kitify elementor-kitify-icon-box\" data-id=\"26ccae1\" data-element_type=\"widget\" data-widget_type=\"kitify-icon-box.default\">\n\t\t\t\t<div class=\"elementor-widget-container\">\n\t\t\t\t\t<div class=\"kitify-iconbox kitify-iconbox__icon-align-top elementor-animation- \" data-kitify-element-link=\"{&quot;url&quot;:&quot;#&quot;,&quot;is_external&quot;:&quot;&quot;,&quot;nofollow&quot;:&quot;&quot;,&quot;custom_attributes&quot;:&quot;&quot;}\" style=\"cursor: pointer\"><div class=\"kitify-iconbox__box_header elementor-animation-\"><div class=\"kitify-iconbox__box_icon icon_pos_top\"><img decoding=\"async\" src=\"https:\/\/superbodega.mx\/wp-content\/uploads\/2025\/11\/1_LMA78112CBAB0_1350-x-990_SITIO-WEB_2.png\" alt=\"1_LMA78112CBAB0_1350 x 990_SITIO WEB_2\" class=\"kitify-iconbox__main_img\" loading=\"lazy\"><\/div><\/div><div class=\"kitify-iconbox__box_body\"><h3 class=\"kitify-iconbox__title\">Canasta Sphere Care<\/h3><div class=\"kitify-iconbox__desc\">De acero inoxidable y m\u00e1xima capadidad. El dise\u00f1o de la canasta ayuda a una mayor salida de agua y pronto secado de la ropa. Balance de la tina para evitar que pegue o se cargue hacia un lado por el peso de la ropa.<\/div><\/div><\/div>\t\t\t\t<\/div>\n\t\t\t\t<\/div>\n\t\t\t\t<\/div>\n\t\t<div class=\"elementor-element elementor-element-c584536 e-con-full e-flex kitify-col-width-auto-no ignore-docs-style-no kitify-disable-relative-no e-con e-child\" data-id=\"c584536\" data-element_type=\"container\">\n\t\t\t\t<div class=\"elementor-element elementor-element-e850582 kitify-equal-height-disable elementor-widget kitify elementor-kitify-icon-box\" data-id=\"e850582\" data-element_type=\"widget\" data-widget_type=\"kitify-icon-box.default\">\n\t\t\t\t<div class=\"elementor-widget-container\">\n\t\t\t\t\t<div class=\"kitify-iconbox kitify-iconbox__icon-align-top elementor-animation- \" data-kitify-element-link=\"{&quot;url&quot;:&quot;#&quot;,&quot;is_external&quot;:&quot;&quot;,&quot;nofollow&quot;:&quot;&quot;,&quot;custom_attributes&quot;:&quot;&quot;}\" style=\"cursor: pointer\"><div class=\"kitify-iconbox__box_header elementor-animation-\"><div class=\"kitify-iconbox__box_icon icon_pos_top\"><img decoding=\"async\" src=\"https:\/\/superbodega.mx\/wp-content\/uploads\/2025\/11\/3_LMA78112CBAB0_1350-x-990_SITIO-WEB_2.png\" alt=\"3_LMA78112CBAB0_1350 x 990_SITIO WEB_2\" class=\"kitify-iconbox__main_img\" loading=\"lazy\"><\/div><\/div><div class=\"kitify-iconbox__box_body\"><h3 class=\"kitify-iconbox__title\">Sistema de Lavado Agitador<\/h3><div class=\"kitify-iconbox__desc\">Gracias a la nueva tecnolog\u00eda del infusor, potencializa el ahorro de agua, reduce el enrededo de las prendas y ayuda a mover cargas de ropa extra grandes.<\/div><\/div><\/div>\t\t\t\t<\/div>\n\t\t\t\t<\/div>\n\t\t\t\t<\/div>\n\t\t<div class=\"elementor-element elementor-element-d7abce1 e-con-full e-flex kitify-col-width-auto-no ignore-docs-style-no kitify-disable-relative-no e-con e-child\" data-id=\"d7abce1\" data-element_type=\"container\">\n\t\t\t\t<div class=\"elementor-element elementor-element-38404c5 kitify-equal-height-disable elementor-widget kitify elementor-kitify-icon-box\" data-id=\"38404c5\" data-element_type=\"widget\" data-widget_type=\"kitify-icon-box.default\">\n\t\t\t\t<div class=\"elementor-widget-container\">\n\t\t\t\t\t<div class=\"kitify-iconbox kitify-iconbox__icon-align-top elementor-animation- \" data-kitify-element-link=\"{&quot;url&quot;:&quot;#&quot;,&quot;is_external&quot;:&quot;&quot;,&quot;nofollow&quot;:&quot;&quot;,&quot;custom_attributes&quot;:&quot;&quot;}\" style=\"cursor: pointer\"><div class=\"kitify-iconbox__box_header elementor-animation-\"><div class=\"kitify-iconbox__box_icon icon_pos_top\"><img decoding=\"async\" src=\"https:\/\/superbodega.mx\/wp-content\/uploads\/2025\/11\/3_LMA76112CBAB0_1350-x-990_SITIO-WEB_2.png\" alt=\"3_LMA76112CBAB0_1350 x 990_SITIO WEB_2\" class=\"kitify-iconbox__main_img\" loading=\"lazy\"><\/div><\/div><div class=\"kitify-iconbox__box_body\"><h3 class=\"kitify-iconbox__title\">Tecnolog\u00eda Consciente e Intuitiva<\/h3><div class=\"kitify-iconbox__desc\">As\u00ed deber\u00eda ser la Tecnolog\u00eda: CONSCIENTE Ahorra hasta un 76% de agua por lavada*. *Ahorro comprado contra nuestras lavadoras autom\u00e1ticas. Ahorra hasta 55% de energ\u00eda*.*Contra capacidades comparables. INTUITIVA La m\u00e1s f\u00e1cil de usar*.\n\n\n<\/div><\/div><\/div>\t\t\t\t<\/div>\n\t\t\t\t<\/div>\n\t\t\t\t<\/div>\n\t\t\t\t<\/div>\n\t\t<div class=\"elementor-element elementor-element-e60f0de e-flex e-con-boxed kitify-col-width-auto-no ignore-docs-style-no kitify-disable-relative-no e-root-container elementor-top-section e-con e-parent\" data-id=\"e60f0de\" data-element_type=\"container\">\n\t\t\t\t\t<div class=\"e-con-inner\">\n\t\t\t\t<div class=\"elementor-element elementor-element-fb8b39d elementor-widget elementor-widget-spacer\" data-id=\"fb8b39d\" data-element_type=\"widget\" data-widget_type=\"spacer.default\">\n\t\t\t\t\t\t\t<div class=\"elementor-spacer\">\n\t\t\t<div class=\"elementor-spacer-inner\"><\/div>\n\t\t<\/div>\n\t\t\t\t\t\t<\/div>\n\t\t\t\t<div class=\"elementor-element elementor-element-1d73bd4 elementor-widget elementor-widget-image\" data-id=\"1d73bd4\" data-element_type=\"widget\" data-widget_type=\"image.default\">\n\t\t\t\t\t\t\t\t\t\t\t\t\t\t\t<img decoding=\"async\" width=\"1700\" height=\"1070\" src=\"https:\/\/superbodega.mx\/wp-content\/uploads\/2025\/11\/2_LMA78112CBAB0_1700-x-1070_SITIO-WEB.png\" class=\"attachment-full size-full wp-image-5615\" alt=\"\" srcset=\"https:\/\/superbodega.mx\/wp-content\/uploads\/2025\/11\/2_LMA78112CBAB0_1700-x-1070_SITIO-WEB.png 1700w, https:\/\/superbodega.mx\/wp-content\/uploads\/2025\/11\/2_LMA78112CBAB0_1700-x-1070_SITIO-WEB-300x189.png 300w, https:\/\/superbodega.mx\/wp-content\/uploads\/2025\/11\/2_LMA78112CBAB0_1700-x-1070_SITIO-WEB-1024x645.png 1024w, https:\/\/superbodega.mx\/wp-content\/uploads\/2025\/11\/2_LMA78112CBAB0_1700-x-1070_SITIO-WEB-768x483.png 768w, https:\/\/superbodega.mx\/wp-content\/uploads\/2025\/11\/2_LMA78112CBAB0_1700-x-1070_SITIO-WEB-1536x967.png 1536w, https:\/\/superbodega.mx\/wp-content\/uploads\/2025\/11\/2_LMA78112CBAB0_1700-x-1070_SITIO-WEB-1000x629.png 1000w, https:\/\/superbodega.mx\/wp-content\/uploads\/2025\/11\/2_LMA78112CBAB0_1700-x-1070_SITIO-WEB-64x40.png 64w\" sizes=\"(max-width: 1700px) 100vw, 1700px\" \/>\t\t\t\t\t\t\t\t\t\t\t\t\t\t\t<\/div>\n\t\t\t\t\t<\/div>\n\t\t\t\t<\/div>\n\t\t<div class=\"elementor-element elementor-element-d648c80 e-flex e-con-boxed kitify-col-width-auto-no ignore-docs-style-no kitify-disable-relative-no e-root-container elementor-top-section e-con e-parent\" data-id=\"d648c80\" data-element_type=\"container\">\n\t\t\t\t\t<div class=\"e-con-inner\">\n\t\t\t\t<div class=\"elementor-element elementor-element-e4fa54b elementor-widget elementor-widget-heading\" data-id=\"e4fa54b\" data-element_type=\"widget\" data-widget_type=\"heading.default\">\n\t\t\t\t\t<p class=\"elementor-heading-title elementor-size-default\">\n\n<\/p>\t\t\t\t<\/div>\n\t\t\t\t<div class=\"elementor-element elementor-element-4b12574 elementor-widget elementor-widget-text-editor\" data-id=\"4b12574\" data-element_type=\"widget\" data-widget_type=\"text-editor.default\">\n\t\t\t\t\t\t\t\t\t<h1 class=\"a-size-base-plus a-text-bold\">Acerca de este art\u00edculo<\/h1><ul><li>Ciclo de Sanitizado<\/li><li>Tapa met\u00e1lica<\/li><li>Panel con 2 perillas<\/li><li>5 tama\u00f1os de carga + autom\u00e1tico<\/li><li>Sensor de carga<\/li><li>Selecci\u00f3n etapas de lavado<\/li><li>7 ciclos autom\u00e1ticos<\/li><li>Despachador de blanqueador en cubierta<\/li><li>Black Out Recovery<\/li><li>670 RPM<\/li><li>127V\/60Hz<\/li><\/ul><p>Dimensiones y peso:<\/p><ul><li>Altura: 111.63 cm<\/li><li>Ancho: 68 cm<\/li><li>Profundidad: 67.8 cm<\/li><li>Peso: 45.6 kg<\/li><\/ul>\t\t\t\t\t\t\t\t<\/div>\n\t\t\t\t\t<\/div>\n\t\t\t\t<\/div>\n\t\t\t\t<\/div>\n\t\t\n","protected":false},"excerpt":{"rendered":"<p><span style=\"font-family: 'Arial',sans-serif;\">La Mabe LMA78112CBAB0 es una lavadora autom\u00e1tica de carga superior con una capacidad de 18 kg, ideal para familias.<\/span><\/p>\n","protected":false},"featured_media":8683,"template":"","meta":[],"product_brand":[88],"product_cat":[229,64,67],"product_tag":[185],"class_list":{"0":"post-5606","1":"product","2":"type-product","3":"status-publish","4":"has-post-thumbnail","6":"product_brand-mabe","7":"product_cat-lavadoras-automaticas","8":"product_cat-linea-blanca","9":"product_cat-lavado","10":"product_tag-lavadora","12":"first","13":"instock","14":"shipping-taxable","15":"purchasable","16":"product-type-simple"},"_links":{"self":[{"href":"https:\/\/superbodega.mx\/index.php?rest_route=\/wp\/v2\/product\/5606","targetHints":{"allow":["GET"]}}],"collection":[{"href":"https:\/\/superbodega.mx\/index.php?rest_route=\/wp\/v2\/product"}],"about":[{"href":"https:\/\/superbodega.mx\/index.php?rest_route=\/wp\/v2\/types\/product"}],"wp:featuredmedia":[{"embeddable":true,"href":"https:\/\/superbodega.mx\/index.php?rest_route=\/wp\/v2\/media\/8683"}],"wp:attachment":[{"href":"https:\/\/superbodega.mx\/index.php?rest_route=%2Fwp%2Fv2%2Fmedia&parent=5606"}],"wp:term":[{"taxonomy":"product_brand","embeddable":true,"href":"https:\/\/superbodega.mx\/index.php?rest_route=%2Fwp%2Fv2%2Fproduct_brand&post=5606"},{"taxonomy":"product_cat","embeddable":true,"href":"https:\/\/superbodega.mx\/index.php?rest_route=%2Fwp%2Fv2%2Fproduct_cat&post=5606"},{"taxonomy":"product_tag","embeddable":true,"href":"https:\/\/superbodega.mx\/index.php?rest_route=%2Fwp%2Fv2%2Fproduct_tag&post=5606"}],"curies":[{"name":"wp","href":"https:\/\/api.w.org\/{rel}","templated":true}]}}