{"id":5121,"date":"2025-11-03T16:48:38","date_gmt":"2025-11-03T22:48:38","guid":{"rendered":"https:\/\/superbodega.mx\/?post_type=product&#038;p=5121"},"modified":"2026-02-04T18:19:37","modified_gmt":"2026-02-05T00:19:37","slug":"microondas-de-1-1-pies-cubicos-en-acabado-espejo","status":"publish","type":"product","link":"https:\/\/superbodega.mx\/?product=microondas-de-1-1-pies-cubicos-en-acabado-espejo","title":{"rendered":"Microondas de 1.1\u201d en acabado espejo."},"content":{"rendered":"\t\t<div data-elementor-type=\"section\" data-elementor-id=\"5131\" class=\"elementor elementor-5131\" data-elementor-post-type=\"elementor_library\">\n\t\t\t<div class=\"elementor-element elementor-element-15d756c e-flex e-con-boxed kitify-col-width-auto-no ignore-docs-style-no kitify-disable-relative-no e-root-container elementor-top-section e-con e-parent\" data-id=\"15d756c\" data-element_type=\"container\">\n\t\t\t\t\t<div class=\"e-con-inner\">\n\t\t\t\t<div class=\"elementor-element elementor-element-2d29746 elementor-widget__width-initial elementor-widget elementor-widget-heading\" data-id=\"2d29746\" data-element_type=\"widget\" data-widget_type=\"heading.default\">\n\t\t\t\t\t<h3 class=\"elementor-heading-title elementor-size-default\">Este modelo incorpora la Tecnolog\u00eda ECO, un sistema inteligente que ayuda a ahorrar energ\u00eda al apagar autom\u00e1ticamente la pantalla digital (display) cuando el microondas no est\u00e1 en uso. Adem\u00e1s, cuenta con 6 programas especiales de autococci\u00f3n (como palomitas, papas o pizza) y funciones de descongelado autom\u00e1tico por peso, simplificando la preparaci\u00f3n diaria de comidas con solo presionar un bot\u00f3n.<\/h3>\t\t\t\t<\/div>\n\t\t\t\t\t<\/div>\n\t\t\t\t<\/div>\n\t\t<div class=\"elementor-element elementor-element-04a884f e-flex e-con-boxed kitify-col-width-auto-no ignore-docs-style-no kitify-disable-relative-no e-root-container elementor-top-section e-con e-parent\" data-id=\"04a884f\" data-element_type=\"container\">\n\t\t\t\t\t<div class=\"e-con-inner\">\n\t\t\t\t<div class=\"elementor-element elementor-element-f66a25a elementor-widget elementor-widget-image\" data-id=\"f66a25a\" data-element_type=\"widget\" data-widget_type=\"image.default\">\n\t\t\t\t\t\t\t\t\t\t\t\t\t\t\t<img fetchpriority=\"high\" decoding=\"async\" width=\"1700\" height=\"1070\" src=\"https:\/\/superbodega.mx\/wp-content\/uploads\/2025\/11\/1_HMM111SEJ_1700-x-1070_SITIO-WEB.png\" class=\"attachment-full size-full wp-image-5125\" alt=\"\" srcset=\"https:\/\/superbodega.mx\/wp-content\/uploads\/2025\/11\/1_HMM111SEJ_1700-x-1070_SITIO-WEB.png 1700w, https:\/\/superbodega.mx\/wp-content\/uploads\/2025\/11\/1_HMM111SEJ_1700-x-1070_SITIO-WEB-300x189.png 300w, https:\/\/superbodega.mx\/wp-content\/uploads\/2025\/11\/1_HMM111SEJ_1700-x-1070_SITIO-WEB-1024x645.png 1024w, https:\/\/superbodega.mx\/wp-content\/uploads\/2025\/11\/1_HMM111SEJ_1700-x-1070_SITIO-WEB-768x483.png 768w, https:\/\/superbodega.mx\/wp-content\/uploads\/2025\/11\/1_HMM111SEJ_1700-x-1070_SITIO-WEB-1536x967.png 1536w, https:\/\/superbodega.mx\/wp-content\/uploads\/2025\/11\/1_HMM111SEJ_1700-x-1070_SITIO-WEB-1000x629.png 1000w, https:\/\/superbodega.mx\/wp-content\/uploads\/2025\/11\/1_HMM111SEJ_1700-x-1070_SITIO-WEB-64x40.png 64w\" sizes=\"(max-width: 1700px) 100vw, 1700px\" \/>\t\t\t\t\t\t\t\t\t\t\t\t\t\t\t<\/div>\n\t\t\t\t\t<\/div>\n\t\t\t\t<\/div>\n\t\t<div class=\"elementor-element elementor-element-1c9d168 e-flex e-con-boxed kitify-col-width-auto-no ignore-docs-style-no kitify-disable-relative-no e-root-container elementor-top-section e-con e-parent\" data-id=\"1c9d168\" data-element_type=\"container\">\n\t\t\t\t\t<div class=\"e-con-inner\">\n\t\t\t\t<div class=\"elementor-element elementor-element-7668461 elementor-widget elementor-widget-heading\" data-id=\"7668461\" data-element_type=\"widget\" data-widget_type=\"heading.default\">\n\t\t\t\t\t<p class=\"elementor-heading-title elementor-size-default\">La seguridad y la conveniencia son caracter\u00edsticas centrales del HMM111SEJ. Est\u00e1 equipado con un bloqueo de seguridad para ni\u00f1os que previene el uso accidental o no supervisado. Incluye una funci\u00f3n de memoria que permite al usuario guardar su configuraci\u00f3n de cocci\u00f3n favorita para un acceso r\u00e1pido en el futuro, y su plato giratorio asegura que el calor se distribuya de manera homog\u00e9nea en todos los platillos.<\/p>\t\t\t\t<\/div>\n\t\t\t\t\t<\/div>\n\t\t\t\t<\/div>\n\t\t<div class=\"elementor-element elementor-element-b96aa6f e-con-full e-flex kitify-col-width-auto-no ignore-docs-style-no kitify-disable-relative-no e-root-container elementor-top-section e-con e-parent\" data-id=\"b96aa6f\" data-element_type=\"container\">\n\t\t<div class=\"elementor-element elementor-element-505396a e-con-full e-flex kitify-col-width-auto-no ignore-docs-style-no kitify-disable-relative-no e-con e-child\" data-id=\"505396a\" data-element_type=\"container\">\n\t\t\t\t<div class=\"elementor-element elementor-element-26ccae1 kitify-equal-height-disable elementor-widget kitify elementor-kitify-icon-box\" data-id=\"26ccae1\" data-element_type=\"widget\" data-widget_type=\"kitify-icon-box.default\">\n\t\t\t\t<div class=\"elementor-widget-container\">\n\t\t\t\t\t<div class=\"kitify-iconbox kitify-iconbox__icon-align-top elementor-animation- \" data-kitify-element-link=\"{&quot;url&quot;:&quot;#&quot;,&quot;is_external&quot;:&quot;&quot;,&quot;nofollow&quot;:&quot;&quot;,&quot;custom_attributes&quot;:&quot;&quot;}\" style=\"cursor: pointer\"><div class=\"kitify-iconbox__box_header elementor-animation-\"><div class=\"kitify-iconbox__box_icon icon_pos_top\"><img decoding=\"async\" src=\"https:\/\/superbodega.mx\/wp-content\/uploads\/2025\/11\/1_HMM111SEJ_1350-x-990_SITIO-WEB.png\" alt=\"1_HMM111SEJ_1350 x 990_SITIO WEB\" class=\"kitify-iconbox__main_img\" loading=\"lazy\"><\/div><\/div><div class=\"kitify-iconbox__box_body\"><h3 class=\"kitify-iconbox__title\">Ahorra Energ\u00eda sin Esfuerzo<\/h3><div class=\"kitify-iconbox__desc\">El atributo principal de esta lavadora es su Tecnolog\u00eda ECO de ahorro de energ\u00eda. Este sistema est\u00e1 dise\u00f1ado para optimizar el consumo el\u00e9ctrico al apagar autom\u00e1ticamente la pantalla digital cuando no se est\u00e1 utilizando el microondas. Es la elecci\u00f3n perfecta para el hogar consciente que busca reducir su impacto ambiental y disminuir el gasto en la factura el\u00e9ctrica, manteniendo una potencia de 1000 W lista cuando la necesitas.<\/div><\/div><\/div>\t\t\t\t<\/div>\n\t\t\t\t<\/div>\n\t\t\t\t<\/div>\n\t\t<div class=\"elementor-element elementor-element-c584536 e-con-full e-flex kitify-col-width-auto-no ignore-docs-style-no kitify-disable-relative-no e-con e-child\" data-id=\"c584536\" data-element_type=\"container\">\n\t\t\t\t<div class=\"elementor-element elementor-element-e850582 kitify-equal-height-disable elementor-widget kitify elementor-kitify-icon-box\" data-id=\"e850582\" data-element_type=\"widget\" data-widget_type=\"kitify-icon-box.default\">\n\t\t\t\t<div class=\"elementor-widget-container\">\n\t\t\t\t\t<div class=\"kitify-iconbox kitify-iconbox__icon-align-top elementor-animation- \" data-kitify-element-link=\"{&quot;url&quot;:&quot;#&quot;,&quot;is_external&quot;:&quot;&quot;,&quot;nofollow&quot;:&quot;&quot;,&quot;custom_attributes&quot;:&quot;&quot;}\" style=\"cursor: pointer\"><div class=\"kitify-iconbox__box_header elementor-animation-\"><div class=\"kitify-iconbox__box_icon icon_pos_top\"><img decoding=\"async\" src=\"https:\/\/superbodega.mx\/wp-content\/uploads\/2025\/11\/2_HMM111SEJ_1350-x-990_SITIO-WEB.png\" alt=\"2_HMM111SEJ_1350 x 990_SITIO WEB\" class=\"kitify-iconbox__main_img\" loading=\"lazy\"><\/div><\/div><div class=\"kitify-iconbox__box_body\"><h3 class=\"kitify-iconbox__title\">Espejo y Estilo: La Elegancia en tu Cocina<\/h3><div class=\"kitify-iconbox__desc\">Este modelo resalta por su puerta con acabado tipo espejo. Este dise\u00f1o moderno y sofisticado no solo le da un aspecto limpio y de alta gama, sino que tambi\u00e9n se integra perfectamente con el resto de los electrodom\u00e9sticos de acero inoxidable o de tonos oscuros de tu cocina. Su panel digital con display visible complementa la est\u00e9tica, haciendo de este microondas un elemento decorativo y funcional.<\/div><\/div><\/div>\t\t\t\t<\/div>\n\t\t\t\t<\/div>\n\t\t\t\t<\/div>\n\t\t<div class=\"elementor-element elementor-element-d7abce1 e-con-full e-flex kitify-col-width-auto-no ignore-docs-style-no kitify-disable-relative-no e-con e-child\" data-id=\"d7abce1\" data-element_type=\"container\">\n\t\t\t\t<div class=\"elementor-element elementor-element-38404c5 kitify-equal-height-disable elementor-widget kitify elementor-kitify-icon-box\" data-id=\"38404c5\" data-element_type=\"widget\" data-widget_type=\"kitify-icon-box.default\">\n\t\t\t\t<div class=\"elementor-widget-container\">\n\t\t\t\t\t<div class=\"kitify-iconbox kitify-iconbox__icon-align-top elementor-animation- \" data-kitify-element-link=\"{&quot;url&quot;:&quot;#&quot;,&quot;is_external&quot;:&quot;&quot;,&quot;nofollow&quot;:&quot;&quot;,&quot;custom_attributes&quot;:&quot;&quot;}\" style=\"cursor: pointer\"><div class=\"kitify-iconbox__box_header elementor-animation-\"><div class=\"kitify-iconbox__box_icon icon_pos_top\"><img decoding=\"async\" src=\"https:\/\/superbodega.mx\/wp-content\/uploads\/2025\/11\/3_HMM111SEJ_1350-x-990_SITIO-WEB.png\" alt=\"3_HMM111SEJ_1350 x 990_SITIO WEB\" class=\"kitify-iconbox__main_img\" loading=\"lazy\"><\/div><\/div><div class=\"kitify-iconbox__box_body\"><h3 class=\"kitify-iconbox__title\">Tu Receta Perfecta, Siempre Lista<\/h3><div class=\"kitify-iconbox__desc\">La caracter\u00edstica clave de conveniencia es la funci\u00f3n de Memoria y sus 6 programas preestablecidos. La funci\u00f3n de memoria te permite guardar tu tiempo y nivel de potencia favoritos para una comida recurrente (como recalentar el caf\u00e9 o una porci\u00f3n de cena) y acceder a ella con un solo bot\u00f3n. Junto con los men\u00fas autom\u00e1ticos para alimentos comunes, garantiza que tus platillos se preparen siempre con la configuraci\u00f3n exacta que prefieres, eliminando la necesidad de programar manualmente.<\/div><\/div><\/div>\t\t\t\t<\/div>\n\t\t\t\t<\/div>\n\t\t\t\t<\/div>\n\t\t\t\t<\/div>\n\t\t<div class=\"elementor-element elementor-element-e60f0de e-flex e-con-boxed kitify-col-width-auto-no ignore-docs-style-no kitify-disable-relative-no e-root-container elementor-top-section e-con e-parent\" data-id=\"e60f0de\" data-element_type=\"container\">\n\t\t\t\t\t<div class=\"e-con-inner\">\n\t\t\t\t<div class=\"elementor-element elementor-element-fb8b39d elementor-widget elementor-widget-spacer\" data-id=\"fb8b39d\" data-element_type=\"widget\" data-widget_type=\"spacer.default\">\n\t\t\t\t\t\t\t<div class=\"elementor-spacer\">\n\t\t\t<div class=\"elementor-spacer-inner\"><\/div>\n\t\t<\/div>\n\t\t\t\t\t\t<\/div>\n\t\t\t\t<div class=\"elementor-element elementor-element-1d73bd4 elementor-widget elementor-widget-image\" data-id=\"1d73bd4\" data-element_type=\"widget\" data-widget_type=\"image.default\">\n\t\t\t\t\t\t\t\t\t\t\t\t\t\t\t<img decoding=\"async\" width=\"1700\" height=\"1070\" src=\"https:\/\/superbodega.mx\/wp-content\/uploads\/2025\/11\/2_HMM111SEJ_1700-x-1070_SITIO-WEB.png\" class=\"attachment-full size-full wp-image-5128\" alt=\"\" srcset=\"https:\/\/superbodega.mx\/wp-content\/uploads\/2025\/11\/2_HMM111SEJ_1700-x-1070_SITIO-WEB.png 1700w, https:\/\/superbodega.mx\/wp-content\/uploads\/2025\/11\/2_HMM111SEJ_1700-x-1070_SITIO-WEB-300x189.png 300w, https:\/\/superbodega.mx\/wp-content\/uploads\/2025\/11\/2_HMM111SEJ_1700-x-1070_SITIO-WEB-1024x645.png 1024w, https:\/\/superbodega.mx\/wp-content\/uploads\/2025\/11\/2_HMM111SEJ_1700-x-1070_SITIO-WEB-768x483.png 768w, https:\/\/superbodega.mx\/wp-content\/uploads\/2025\/11\/2_HMM111SEJ_1700-x-1070_SITIO-WEB-1536x967.png 1536w, https:\/\/superbodega.mx\/wp-content\/uploads\/2025\/11\/2_HMM111SEJ_1700-x-1070_SITIO-WEB-1000x629.png 1000w, https:\/\/superbodega.mx\/wp-content\/uploads\/2025\/11\/2_HMM111SEJ_1700-x-1070_SITIO-WEB-64x40.png 64w\" sizes=\"(max-width: 1700px) 100vw, 1700px\" \/>\t\t\t\t\t\t\t\t\t\t\t\t\t\t\t<\/div>\n\t\t\t\t\t<\/div>\n\t\t\t\t<\/div>\n\t\t<div class=\"elementor-element elementor-element-d648c80 e-flex e-con-boxed kitify-col-width-auto-no ignore-docs-style-no kitify-disable-relative-no e-root-container elementor-top-section e-con e-parent\" data-id=\"d648c80\" data-element_type=\"container\">\n\t\t\t\t\t<div class=\"e-con-inner\">\n\t\t\t\t<div class=\"elementor-element elementor-element-e4fa54b elementor-widget elementor-widget-heading\" data-id=\"e4fa54b\" data-element_type=\"widget\" data-widget_type=\"heading.default\">\n\t\t\t\t\t<p class=\"elementor-heading-title elementor-size-default\">\n\n<\/p>\t\t\t\t<\/div>\n\t\t\t\t<div class=\"elementor-element elementor-element-4b12574 elementor-widget elementor-widget-text-editor\" data-id=\"4b12574\" data-element_type=\"widget\" data-widget_type=\"text-editor.default\">\n\t\t\t\t\t\t\t\t\t<h1 class=\"a-size-base-plus a-text-bold\">Acerca de este art\u00edculo<\/h1><ul><li>Agregar tiempo: S\u00ed<\/li><li>Apertura: Jaladera<\/li><li>Aviso ciclo finalizado: S\u00ed<\/li><li>Bloqueo de seguridad: S\u00ed<\/li><li>Campana incluida: No<\/li><li>Capacidad (cu. ft.): 1.1<\/li><li>Capacidad: 1.1 a 1.6 cuft<\/li><li>Cocci\u00f3n con vapor: No<\/li><li>Cocinado expr\u00e9s: No<\/li><li>Color: Inoxidable<\/li><li>Descongelar: Programable<\/li><li>Display: S\u00ed<\/li><li>Grill: No<\/li><li>Inicio programable: No<\/li><li>Jaladera: S\u00ed<\/li><li>Memoria: No<\/li><li>Niveles de potencia: 10<\/li><li>N\u00famero de selecciones r\u00e1pidas: 6<\/li><li>Selecciones r\u00e1pidas: Papas, Palomitas, Pizza, Bebidas, Verduras, Recalentar<\/li><li>Sistema: Tradicional<\/li><li>Temporizador\/Timer: S\u00ed<\/li><li>Tipo de control: Digital<\/li><li>Tipo de instalaci\u00f3n: Sobre mesa \/ counter top<\/li><li>Trim: No<\/li><\/ul><p>Dimensiones y peso:<\/p><ul><li>Altura: 30.7 cm<\/li><li>Ancho: 51.3 cm<\/li><li>Profundidad: 43 cm<\/li><li>Peso: 14.5 kg<\/li><\/ul><p>\u00a0<\/p>\t\t\t\t\t\t\t\t<\/div>\n\t\t\t\t\t<\/div>\n\t\t\t\t<\/div>\n\t\t\t\t<\/div>\n\t\t\n","protected":false},"excerpt":{"rendered":"<p>El microondas Mabe HMM111SEJ es un electrodom\u00e9stico de carga frontal con una capacidad de 1.1 pies c\u00fabicos (aproximadamente 31 litros), dise\u00f1ado para la eficiencia en cocinas modernas. Ofrece una potencia de 1000 Watts y 10 niveles de cocci\u00f3n, lo que permite un calentamiento r\u00e1pido y uniforme de los alimentos. Su panel de control digital en espa\u00f1ol y su dise\u00f1o con puerta de acabado tipo espejo lo convierten en una opci\u00f3n pr\u00e1ctica y elegante.<\/p>\n","protected":false},"featured_media":8767,"template":"","meta":[],"product_brand":[88],"product_cat":[240,68,69],"product_tag":[171],"class_list":{"0":"post-5121","1":"product","2":"type-product","3":"status-publish","4":"has-post-thumbnail","6":"product_brand-mabe","7":"product_cat-mabe","8":"product_cat-electrodomesticos","9":"product_cat-microondas","10":"product_tag-microondas","12":"first","13":"instock","14":"shipping-taxable","15":"purchasable","16":"product-type-simple"},"_links":{"self":[{"href":"https:\/\/superbodega.mx\/index.php?rest_route=\/wp\/v2\/product\/5121","targetHints":{"allow":["GET"]}}],"collection":[{"href":"https:\/\/superbodega.mx\/index.php?rest_route=\/wp\/v2\/product"}],"about":[{"href":"https:\/\/superbodega.mx\/index.php?rest_route=\/wp\/v2\/types\/product"}],"wp:featuredmedia":[{"embeddable":true,"href":"https:\/\/superbodega.mx\/index.php?rest_route=\/wp\/v2\/media\/8767"}],"wp:attachment":[{"href":"https:\/\/superbodega.mx\/index.php?rest_route=%2Fwp%2Fv2%2Fmedia&parent=5121"}],"wp:term":[{"taxonomy":"product_brand","embeddable":true,"href":"https:\/\/superbodega.mx\/index.php?rest_route=%2Fwp%2Fv2%2Fproduct_brand&post=5121"},{"taxonomy":"product_cat","embeddable":true,"href":"https:\/\/superbodega.mx\/index.php?rest_route=%2Fwp%2Fv2%2Fproduct_cat&post=5121"},{"taxonomy":"product_tag","embeddable":true,"href":"https:\/\/superbodega.mx\/index.php?rest_route=%2Fwp%2Fv2%2Fproduct_tag&post=5121"}],"curies":[{"name":"wp","href":"https:\/\/api.w.org\/{rel}","templated":true}]}}