{"id":4500,"date":"2025-10-22T16:26:19","date_gmt":"2025-10-22T22:26:19","guid":{"rendered":"https:\/\/superbodega.mx\/?post_type=product&#038;p=4500"},"modified":"2026-02-04T16:27:34","modified_gmt":"2026-02-04T22:27:34","slug":"4500","status":"publish","type":"product","link":"https:\/\/superbodega.mx\/?product=4500","title":{"rendered":"Parrilla de anaquel de 2 quemadores con cubierta porcelanizada."},"content":{"rendered":"\t\t<div data-elementor-type=\"section\" data-elementor-id=\"4606\" class=\"elementor elementor-4606\" data-elementor-post-type=\"elementor_library\">\n\t\t\t<div class=\"elementor-element elementor-element-15d756c e-flex e-con-boxed kitify-col-width-auto-no ignore-docs-style-no kitify-disable-relative-no e-root-container elementor-top-section e-con e-parent\" data-id=\"15d756c\" data-element_type=\"container\">\n\t\t\t\t\t<div class=\"e-con-inner\">\n\t\t\t\t<div class=\"elementor-element elementor-element-2d29746 elementor-widget__width-initial elementor-widget elementor-widget-heading\" data-id=\"2d29746\" data-element_type=\"widget\" data-widget_type=\"heading.default\">\n\t\t\t\t\t<h3 class=\"elementor-heading-title elementor-size-default\">Una de sus caracter\u00edsticas principales es la cubierta porcelanizada (a veces descrita como esmaltada o de peltre), que les proporciona una resistencia superior a las altas temperaturas y facilita la limpieza al evitar que los residuos se adhieran fuertemente a la superficie.<\/h3>\t\t\t\t<\/div>\n\t\t\t\t\t<\/div>\n\t\t\t\t<\/div>\n\t\t<div class=\"elementor-element elementor-element-04a884f e-flex e-con-boxed kitify-col-width-auto-no ignore-docs-style-no kitify-disable-relative-no e-root-container elementor-top-section e-con e-parent\" data-id=\"04a884f\" data-element_type=\"container\">\n\t\t\t\t\t<div class=\"e-con-inner\">\n\t\t\t\t<div class=\"elementor-element elementor-element-f66a25a elementor-widget elementor-widget-image\" data-id=\"f66a25a\" data-element_type=\"widget\" data-widget_type=\"image.default\">\n\t\t\t\t\t\t\t\t\t\t\t\t\t\t\t<img fetchpriority=\"high\" decoding=\"async\" width=\"1700\" height=\"1070\" src=\"https:\/\/superbodega.mx\/wp-content\/uploads\/2025\/10\/1_403_1700-x-1070_SITIO-WEB.png\" class=\"attachment-full size-full wp-image-4504\" alt=\"\" srcset=\"https:\/\/superbodega.mx\/wp-content\/uploads\/2025\/10\/1_403_1700-x-1070_SITIO-WEB.png 1700w, https:\/\/superbodega.mx\/wp-content\/uploads\/2025\/10\/1_403_1700-x-1070_SITIO-WEB-300x189.png 300w, https:\/\/superbodega.mx\/wp-content\/uploads\/2025\/10\/1_403_1700-x-1070_SITIO-WEB-1024x645.png 1024w, https:\/\/superbodega.mx\/wp-content\/uploads\/2025\/10\/1_403_1700-x-1070_SITIO-WEB-768x483.png 768w, https:\/\/superbodega.mx\/wp-content\/uploads\/2025\/10\/1_403_1700-x-1070_SITIO-WEB-1536x967.png 1536w, https:\/\/superbodega.mx\/wp-content\/uploads\/2025\/10\/1_403_1700-x-1070_SITIO-WEB-1000x629.png 1000w, https:\/\/superbodega.mx\/wp-content\/uploads\/2025\/10\/1_403_1700-x-1070_SITIO-WEB-64x40.png 64w\" sizes=\"(max-width: 1700px) 100vw, 1700px\" \/>\t\t\t\t\t\t\t\t\t\t\t\t\t\t\t<\/div>\n\t\t\t\t\t<\/div>\n\t\t\t\t<\/div>\n\t\t<div class=\"elementor-element elementor-element-1c9d168 e-flex e-con-boxed kitify-col-width-auto-no ignore-docs-style-no kitify-disable-relative-no e-root-container elementor-top-section e-con e-parent\" data-id=\"1c9d168\" data-element_type=\"container\">\n\t\t\t\t\t<div class=\"e-con-inner\">\n\t\t\t\t<div class=\"elementor-element elementor-element-7668461 elementor-widget elementor-widget-heading\" data-id=\"7668461\" data-element_type=\"widget\" data-widget_type=\"heading.default\">\n\t\t\t\t\t<p class=\"elementor-heading-title elementor-size-default\">Funciona con Gas LP y ofrece un sistema de cocci\u00f3n confiable y seguro. Est\u00e1 construida con un cuerpo de pintura electrost\u00e1tica que combate la corrosi\u00f3n y equipada con v\u00e1lvulas de seguridad para controlar el suministro de gas de manera precisa y evitar aperturas accidentales.<\/p>\t\t\t\t<\/div>\n\t\t\t\t\t<\/div>\n\t\t\t\t<\/div>\n\t\t<div class=\"elementor-element elementor-element-b96aa6f e-con-full e-flex kitify-col-width-auto-no ignore-docs-style-no kitify-disable-relative-no e-root-container elementor-top-section e-con e-parent\" data-id=\"b96aa6f\" data-element_type=\"container\">\n\t\t<div class=\"elementor-element elementor-element-505396a e-con-full e-flex kitify-col-width-auto-no ignore-docs-style-no kitify-disable-relative-no e-con e-child\" data-id=\"505396a\" data-element_type=\"container\">\n\t\t\t\t<div class=\"elementor-element elementor-element-26ccae1 kitify-equal-height-disable elementor-widget kitify elementor-kitify-icon-box\" data-id=\"26ccae1\" data-element_type=\"widget\" data-widget_type=\"kitify-icon-box.default\">\n\t\t\t\t<div class=\"elementor-widget-container\">\n\t\t\t\t\t<div class=\"kitify-iconbox kitify-iconbox__icon-align-top elementor-animation- \" data-kitify-element-link=\"{&quot;url&quot;:&quot;#&quot;,&quot;is_external&quot;:&quot;&quot;,&quot;nofollow&quot;:&quot;&quot;,&quot;custom_attributes&quot;:&quot;&quot;}\" style=\"cursor: pointer\"><div class=\"kitify-iconbox__box_header elementor-animation-\"><div class=\"kitify-iconbox__box_icon icon_pos_top\"><img decoding=\"async\" src=\"https:\/\/superbodega.mx\/wp-content\/uploads\/2025\/10\/1_403_1350-x-990_SITIO-WEB.png\" alt=\"1_403_1350 x 990_SITIO WEB\" class=\"kitify-iconbox__main_img\" loading=\"lazy\"><\/div><\/div><div class=\"kitify-iconbox__box_body\"><h3 class=\"kitify-iconbox__title\">El Mueble de Cocina Compacto y Funcional<\/h3><div class=\"kitify-iconbox__desc\">La Parrilla 403 est\u00e1 dise\u00f1ada con un mueble de anaquel fijo que eleva el \u00e1rea de cocci\u00f3n a una altura ergon\u00f3mica (aproximadamente 84 cm). Este dise\u00f1o no solo ofrece la comodidad de una estufa de piso, sino que tambi\u00e9n proporciona estabilidad y un perfil estrecho, siendo la opci\u00f3n perfecta para cocinas con limitaciones de espacio horizontal.<\/div><\/div><\/div>\t\t\t\t<\/div>\n\t\t\t\t<\/div>\n\t\t\t\t<\/div>\n\t\t<div class=\"elementor-element elementor-element-c584536 e-con-full e-flex kitify-col-width-auto-no ignore-docs-style-no kitify-disable-relative-no e-con e-child\" data-id=\"c584536\" data-element_type=\"container\">\n\t\t\t\t<div class=\"elementor-element elementor-element-e850582 kitify-equal-height-disable elementor-widget kitify elementor-kitify-icon-box\" data-id=\"e850582\" data-element_type=\"widget\" data-widget_type=\"kitify-icon-box.default\">\n\t\t\t\t<div class=\"elementor-widget-container\">\n\t\t\t\t\t<div class=\"kitify-iconbox kitify-iconbox__icon-align-top elementor-animation- \" data-kitify-element-link=\"{&quot;url&quot;:&quot;#&quot;,&quot;is_external&quot;:&quot;&quot;,&quot;nofollow&quot;:&quot;&quot;,&quot;custom_attributes&quot;:&quot;&quot;}\" style=\"cursor: pointer\"><div class=\"kitify-iconbox__box_header elementor-animation-\"><div class=\"kitify-iconbox__box_icon icon_pos_top\"><img decoding=\"async\" src=\"https:\/\/superbodega.mx\/wp-content\/uploads\/2025\/10\/2_403_1350-x-990_SITIO-WEB.png\" alt=\"2_403_1350 x 990_SITIO WEB\" class=\"kitify-iconbox__main_img\" loading=\"lazy\"><\/div><\/div><div class=\"kitify-iconbox__box_body\"><h3 class=\"kitify-iconbox__title\">Limpieza R\u00e1pida y Resistencia al Calor<\/h3><div class=\"kitify-iconbox__desc\">El revestimiento de la parrilla es una cubierta porcelanizada que proporciona una superficie lisa, dura y no porosa. Este material es altamente resistente al calor y a las manchas, permitiendo que la limpieza se realice de forma sencilla, con solo agua y jab\u00f3n, manteniendo el brillo y la higiene del equipo con el tiempo.<\/div><\/div><\/div>\t\t\t\t<\/div>\n\t\t\t\t<\/div>\n\t\t\t\t<\/div>\n\t\t<div class=\"elementor-element elementor-element-d7abce1 e-con-full e-flex kitify-col-width-auto-no ignore-docs-style-no kitify-disable-relative-no e-con e-child\" data-id=\"d7abce1\" data-element_type=\"container\">\n\t\t\t\t<div class=\"elementor-element elementor-element-38404c5 kitify-equal-height-disable elementor-widget kitify elementor-kitify-icon-box\" data-id=\"38404c5\" data-element_type=\"widget\" data-widget_type=\"kitify-icon-box.default\">\n\t\t\t\t<div class=\"elementor-widget-container\">\n\t\t\t\t\t<div class=\"kitify-iconbox kitify-iconbox__icon-align-top elementor-animation- \" data-kitify-element-link=\"{&quot;url&quot;:&quot;#&quot;,&quot;is_external&quot;:&quot;&quot;,&quot;nofollow&quot;:&quot;&quot;,&quot;custom_attributes&quot;:&quot;&quot;}\" style=\"cursor: pointer\"><div class=\"kitify-iconbox__box_header elementor-animation-\"><div class=\"kitify-iconbox__box_icon icon_pos_top\"><img decoding=\"async\" src=\"https:\/\/superbodega.mx\/wp-content\/uploads\/2025\/10\/3_403_1350-x-990_SITIO-WEB.png\" alt=\"3_403_1350 x 990_SITIO WEB\" class=\"kitify-iconbox__main_img\" loading=\"lazy\"><\/div><\/div><div class=\"kitify-iconbox__box_body\"><h3 class=\"kitify-iconbox__title\">Sistema Antifugas con Cuerpo Reforzado<\/h3><div class=\"kitify-iconbox__desc\">La seguridad es clave en la 403, que incorpora v\u00e1lvulas con dispositivos de seguridad para evitar la apertura accidental de gas. Adem\u00e1s, la estructura del mueble est\u00e1 terminada con pintura electrost\u00e1tica, un recubrimiento duradero que protege el metal de la corrosi\u00f3n y las rayaduras, asegurando la integridad estructural de la parrilla.<\/div><\/div><\/div>\t\t\t\t<\/div>\n\t\t\t\t<\/div>\n\t\t\t\t<\/div>\n\t\t\t\t<\/div>\n\t\t<div class=\"elementor-element elementor-element-e60f0de e-flex e-con-boxed kitify-col-width-auto-no ignore-docs-style-no kitify-disable-relative-no e-root-container elementor-top-section e-con e-parent\" data-id=\"e60f0de\" data-element_type=\"container\">\n\t\t\t\t\t<div class=\"e-con-inner\">\n\t\t\t\t<div class=\"elementor-element elementor-element-fb8b39d elementor-widget elementor-widget-spacer\" data-id=\"fb8b39d\" data-element_type=\"widget\" data-widget_type=\"spacer.default\">\n\t\t\t\t\t\t\t<div class=\"elementor-spacer\">\n\t\t\t<div class=\"elementor-spacer-inner\"><\/div>\n\t\t<\/div>\n\t\t\t\t\t\t<\/div>\n\t\t\t\t\t<\/div>\n\t\t\t\t<\/div>\n\t\t<div class=\"elementor-element elementor-element-8e3adb2 e-flex e-con-boxed kitify-col-width-auto-no ignore-docs-style-no kitify-disable-relative-no e-root-container elementor-top-section e-con e-parent\" data-id=\"8e3adb2\" data-element_type=\"container\">\n\t\t\t\t\t<div class=\"e-con-inner\">\n\t\t\t\t<div class=\"elementor-element elementor-element-5bdc2c5 elementor-widget elementor-widget-image\" data-id=\"5bdc2c5\" data-element_type=\"widget\" data-widget_type=\"image.default\">\n\t\t\t\t\t\t\t\t\t\t\t\t\t\t\t<img decoding=\"async\" width=\"1536\" height=\"967\" src=\"https:\/\/superbodega.mx\/wp-content\/uploads\/2025\/10\/2_403_1700-x-1070_SITIO-WEB-1536x967.png\" class=\"attachment-1536x1536 size-1536x1536 wp-image-4507\" alt=\"\" srcset=\"https:\/\/superbodega.mx\/wp-content\/uploads\/2025\/10\/2_403_1700-x-1070_SITIO-WEB-1536x967.png 1536w, https:\/\/superbodega.mx\/wp-content\/uploads\/2025\/10\/2_403_1700-x-1070_SITIO-WEB-300x189.png 300w, https:\/\/superbodega.mx\/wp-content\/uploads\/2025\/10\/2_403_1700-x-1070_SITIO-WEB-1024x645.png 1024w, https:\/\/superbodega.mx\/wp-content\/uploads\/2025\/10\/2_403_1700-x-1070_SITIO-WEB-768x483.png 768w, https:\/\/superbodega.mx\/wp-content\/uploads\/2025\/10\/2_403_1700-x-1070_SITIO-WEB-1000x629.png 1000w, https:\/\/superbodega.mx\/wp-content\/uploads\/2025\/10\/2_403_1700-x-1070_SITIO-WEB-64x40.png 64w, https:\/\/superbodega.mx\/wp-content\/uploads\/2025\/10\/2_403_1700-x-1070_SITIO-WEB.png 1700w\" sizes=\"(max-width: 1536px) 100vw, 1536px\" \/>\t\t\t\t\t\t\t\t\t\t\t\t\t\t\t<\/div>\n\t\t\t\t\t<\/div>\n\t\t\t\t<\/div>\n\t\t<div class=\"elementor-element elementor-element-d648c80 e-flex e-con-boxed kitify-col-width-auto-no ignore-docs-style-no kitify-disable-relative-no e-root-container elementor-top-section e-con e-parent\" data-id=\"d648c80\" data-element_type=\"container\">\n\t\t\t\t\t<div class=\"e-con-inner\">\n\t\t\t\t<div class=\"elementor-element elementor-element-e4fa54b elementor-widget elementor-widget-heading\" data-id=\"e4fa54b\" data-element_type=\"widget\" data-widget_type=\"heading.default\">\n\t\t\t\t\t<p class=\"elementor-heading-title elementor-size-default\">\n\n<\/p>\t\t\t\t<\/div>\n\t\t\t\t<div class=\"elementor-element elementor-element-4b12574 elementor-widget elementor-widget-text-editor\" data-id=\"4b12574\" data-element_type=\"widget\" data-widget_type=\"text-editor.default\">\n\t\t\t\t\t\t\t\t\t<h1 class=\"a-size-base-plus a-text-bold\">Acerca de este art\u00edculo<\/h1><ul><li>Pintura electrost\u00e1tica<\/li><li>Cubierta inoxidable<\/li><li>Dos quemadores<\/li><li>V\u00e1lvulas de seguridad<\/li><\/ul><p>Dimensiones y peso:<\/p><ul><li>Alto: 84.2 cm<\/li><li>Ancho: 47 cm<\/li><li>Fondo: 30 cm<\/li><\/ul>\t\t\t\t\t\t\t\t<\/div>\n\t\t\t\t\t<\/div>\n\t\t\t\t<\/div>\n\t\t\t\t<\/div>\n\t\t\n","protected":false},"excerpt":{"rendered":"<p>La parrilla de anaquel ALFAMEX modelo 403 es una estufa de dos quemadores dise\u00f1ada para colocarse directamente sobre el piso, gracias a su estante o mueble base integrado. Esto la convierte en una soluci\u00f3n de cocci\u00f3n de altura c\u00f3moda, ideal para espacios peque\u00f1os donde no se puede instalar una estufa de piso tradicional.<\/p>\n","protected":false},"featured_media":8732,"template":"","meta":[],"product_brand":[112],"product_cat":[236,64,168],"product_tag":[179],"class_list":{"0":"post-4500","1":"product","2":"type-product","3":"status-publish","4":"has-post-thumbnail","6":"product_brand-alfamex","7":"product_cat-parrillas-de-anaquel","8":"product_cat-linea-blanca","9":"product_cat-cubiertas-ceramicas","10":"product_tag-parrilla","12":"first","13":"instock","14":"shipping-taxable","15":"purchasable","16":"product-type-simple"},"_links":{"self":[{"href":"https:\/\/superbodega.mx\/index.php?rest_route=\/wp\/v2\/product\/4500","targetHints":{"allow":["GET"]}}],"collection":[{"href":"https:\/\/superbodega.mx\/index.php?rest_route=\/wp\/v2\/product"}],"about":[{"href":"https:\/\/superbodega.mx\/index.php?rest_route=\/wp\/v2\/types\/product"}],"wp:featuredmedia":[{"embeddable":true,"href":"https:\/\/superbodega.mx\/index.php?rest_route=\/wp\/v2\/media\/8732"}],"wp:attachment":[{"href":"https:\/\/superbodega.mx\/index.php?rest_route=%2Fwp%2Fv2%2Fmedia&parent=4500"}],"wp:term":[{"taxonomy":"product_brand","embeddable":true,"href":"https:\/\/superbodega.mx\/index.php?rest_route=%2Fwp%2Fv2%2Fproduct_brand&post=4500"},{"taxonomy":"product_cat","embeddable":true,"href":"https:\/\/superbodega.mx\/index.php?rest_route=%2Fwp%2Fv2%2Fproduct_cat&post=4500"},{"taxonomy":"product_tag","embeddable":true,"href":"https:\/\/superbodega.mx\/index.php?rest_route=%2Fwp%2Fv2%2Fproduct_tag&post=4500"}],"curies":[{"name":"wp","href":"https:\/\/api.w.org\/{rel}","templated":true}]}}