{"id":4396,"date":"2025-10-20T18:23:29","date_gmt":"2025-10-21T00:23:29","guid":{"rendered":"https:\/\/superbodega.mx\/?post_type=product&#038;p=4396"},"modified":"2026-02-04T16:54:48","modified_gmt":"2026-02-04T22:54:48","slug":"4396","status":"publish","type":"product","link":"https:\/\/superbodega.mx\/?product=4396","title":{"rendered":"Parrilla de empotre de 4 quemadores en acero inoxidable."},"content":{"rendered":"\t\t<div data-elementor-type=\"section\" data-elementor-id=\"4405\" class=\"elementor elementor-4405\" data-elementor-post-type=\"elementor_library\">\n\t\t\t<div class=\"elementor-element elementor-element-15d756c e-flex e-con-boxed kitify-col-width-auto-no ignore-docs-style-no kitify-disable-relative-no e-root-container elementor-top-section e-con e-parent\" data-id=\"15d756c\" data-element_type=\"container\">\n\t\t\t\t\t<div class=\"e-con-inner\">\n\t\t\t\t<div class=\"elementor-element elementor-element-2d29746 elementor-widget__width-initial elementor-widget elementor-widget-heading\" data-id=\"2d29746\" data-element_type=\"widget\" data-widget_type=\"heading.default\">\n\t\t\t\t\t<h3 class=\"elementor-heading-title elementor-size-default\">Este modelo se posiciona como una parrilla de gas funcional y econ\u00f3mica, que prioriza la sencillez de uso. Cuenta con 4 quemadores y utiliza un sistema de encendido manual (requiere un f\u00f3sforo o chispero) y control de flama mediante perillas giratorias. Sus quemadores est\u00e1n dise\u00f1ados en dos niveles de potencia (un r\u00e1pido y tres semi-r\u00e1pidos) para cubrir las necesidades b\u00e1sicas de cocci\u00f3n.<\/h3>\t\t\t\t<\/div>\n\t\t\t\t\t<\/div>\n\t\t\t\t<\/div>\n\t\t<div class=\"elementor-element elementor-element-04a884f e-flex e-con-boxed kitify-col-width-auto-no ignore-docs-style-no kitify-disable-relative-no e-root-container elementor-top-section e-con e-parent\" data-id=\"04a884f\" data-element_type=\"container\">\n\t\t\t\t\t<div class=\"e-con-inner\">\n\t\t\t\t<div class=\"elementor-element elementor-element-f66a25a elementor-widget elementor-widget-image\" data-id=\"f66a25a\" data-element_type=\"widget\" data-widget_type=\"image.default\">\n\t\t\t\t\t\t\t\t\t\t\t\t\t\t\t<img fetchpriority=\"high\" decoding=\"async\" width=\"1700\" height=\"1070\" src=\"https:\/\/superbodega.mx\/wp-content\/uploads\/2025\/10\/1_4RIV-XMB_1700-x-1070_SITIO-WEB.png\" class=\"attachment-full size-full wp-image-4399\" alt=\"\" srcset=\"https:\/\/superbodega.mx\/wp-content\/uploads\/2025\/10\/1_4RIV-XMB_1700-x-1070_SITIO-WEB.png 1700w, https:\/\/superbodega.mx\/wp-content\/uploads\/2025\/10\/1_4RIV-XMB_1700-x-1070_SITIO-WEB-300x189.png 300w, https:\/\/superbodega.mx\/wp-content\/uploads\/2025\/10\/1_4RIV-XMB_1700-x-1070_SITIO-WEB-1024x645.png 1024w, https:\/\/superbodega.mx\/wp-content\/uploads\/2025\/10\/1_4RIV-XMB_1700-x-1070_SITIO-WEB-768x483.png 768w, https:\/\/superbodega.mx\/wp-content\/uploads\/2025\/10\/1_4RIV-XMB_1700-x-1070_SITIO-WEB-1536x967.png 1536w, https:\/\/superbodega.mx\/wp-content\/uploads\/2025\/10\/1_4RIV-XMB_1700-x-1070_SITIO-WEB-1000x629.png 1000w, https:\/\/superbodega.mx\/wp-content\/uploads\/2025\/10\/1_4RIV-XMB_1700-x-1070_SITIO-WEB-64x40.png 64w\" sizes=\"(max-width: 1700px) 100vw, 1700px\" \/>\t\t\t\t\t\t\t\t\t\t\t\t\t\t\t<\/div>\n\t\t\t\t\t<\/div>\n\t\t\t\t<\/div>\n\t\t<div class=\"elementor-element elementor-element-1c9d168 e-flex e-con-boxed kitify-col-width-auto-no ignore-docs-style-no kitify-disable-relative-no e-root-container elementor-top-section e-con e-parent\" data-id=\"1c9d168\" data-element_type=\"container\">\n\t\t\t\t\t<div class=\"e-con-inner\">\n\t\t\t\t<div class=\"elementor-element elementor-element-7668461 elementor-widget elementor-widget-heading\" data-id=\"7668461\" data-element_type=\"widget\" data-widget_type=\"heading.default\">\n\t\t\t\t\t<p class=\"elementor-heading-title elementor-size-default\">La parrilla 4RIV-XMB est\u00e1 dise\u00f1ada para operar con Gas L.P. (Gas Licuado de Petr\u00f3leo) a una presi\u00f3n de 2.75 kPa. En t\u00e9rminos de materiales de soporte, utiliza rejillas de acero porcelanizado y quemadores tambi\u00e9n porcelanizados, lo que facilita la limpieza y ofrece un nivel adecuado de durabilidad y resistencia al calor.<\/p>\t\t\t\t<\/div>\n\t\t\t\t\t<\/div>\n\t\t\t\t<\/div>\n\t\t<div class=\"elementor-element elementor-element-b96aa6f e-con-full e-flex kitify-col-width-auto-no ignore-docs-style-no kitify-disable-relative-no e-root-container elementor-top-section e-con e-parent\" data-id=\"b96aa6f\" data-element_type=\"container\">\n\t\t<div class=\"elementor-element elementor-element-505396a e-con-full e-flex kitify-col-width-auto-no ignore-docs-style-no kitify-disable-relative-no e-con e-child\" data-id=\"505396a\" data-element_type=\"container\">\n\t\t\t\t<div class=\"elementor-element elementor-element-26ccae1 kitify-equal-height-disable elementor-widget kitify elementor-kitify-icon-box\" data-id=\"26ccae1\" data-element_type=\"widget\" data-widget_type=\"kitify-icon-box.default\">\n\t\t\t\t<div class=\"elementor-widget-container\">\n\t\t\t\t\t<div class=\"kitify-iconbox kitify-iconbox__icon-align-top elementor-animation- \" data-kitify-element-link=\"{&quot;url&quot;:&quot;#&quot;,&quot;is_external&quot;:&quot;&quot;,&quot;nofollow&quot;:&quot;&quot;,&quot;custom_attributes&quot;:&quot;&quot;}\" style=\"cursor: pointer\"><div class=\"kitify-iconbox__box_header elementor-animation-\"><div class=\"kitify-iconbox__box_icon icon_pos_top\"><img decoding=\"async\" src=\"https:\/\/superbodega.mx\/wp-content\/uploads\/2025\/10\/1_4RIV-XMB_1350-x-990_SITIO-WEB.png\" alt=\"1_4RIV-XMB_1350 x 990_SITIO WEB\" class=\"kitify-iconbox__main_img\" loading=\"lazy\"><\/div><\/div><div class=\"kitify-iconbox__box_body\"><h3 class=\"kitify-iconbox__title\">Acero Inoxidable<\/h3><div class=\"kitify-iconbox__desc\">El atributo principal es la combinaci\u00f3n de su cubierta de acero inoxidable con su tama\u00f1o de empotre reducido. <\/div><\/div><\/div>\t\t\t\t<\/div>\n\t\t\t\t<\/div>\n\t\t\t\t<\/div>\n\t\t<div class=\"elementor-element elementor-element-c584536 e-con-full e-flex kitify-col-width-auto-no ignore-docs-style-no kitify-disable-relative-no e-con e-child\" data-id=\"c584536\" data-element_type=\"container\">\n\t\t\t\t<div class=\"elementor-element elementor-element-e850582 kitify-equal-height-disable elementor-widget kitify elementor-kitify-icon-box\" data-id=\"e850582\" data-element_type=\"widget\" data-widget_type=\"kitify-icon-box.default\">\n\t\t\t\t<div class=\"elementor-widget-container\">\n\t\t\t\t\t<div class=\"kitify-iconbox kitify-iconbox__icon-align-top elementor-animation- \" data-kitify-element-link=\"{&quot;url&quot;:&quot;#&quot;,&quot;is_external&quot;:&quot;&quot;,&quot;nofollow&quot;:&quot;&quot;,&quot;custom_attributes&quot;:&quot;&quot;}\" style=\"cursor: pointer\"><div class=\"kitify-iconbox__box_header elementor-animation-\"><div class=\"kitify-iconbox__box_icon icon_pos_top\"><img decoding=\"async\" src=\"https:\/\/superbodega.mx\/wp-content\/uploads\/2025\/10\/2_4RIV-XMB_1350-x-990_SITIO-WEB.png\" alt=\"2_4RIV-XMB_1350 x 990_SITIO WEB\" class=\"kitify-iconbox__main_img\" loading=\"lazy\"><\/div><\/div><div class=\"kitify-iconbox__box_body\"><h3 class=\"kitify-iconbox__title\">Encendido Cl\u00e1sico<\/h3><div class=\"kitify-iconbox__desc\">Se resalta la caracter\u00edstica de su encendido manual, lo cual elimina la necesidad de conexiones el\u00e9ctricas complejas y ofrece una mayor fiabilidad a largo plazo. <\/div><\/div><\/div>\t\t\t\t<\/div>\n\t\t\t\t<\/div>\n\t\t\t\t<\/div>\n\t\t<div class=\"elementor-element elementor-element-d7abce1 e-con-full e-flex kitify-col-width-auto-no ignore-docs-style-no kitify-disable-relative-no e-con e-child\" data-id=\"d7abce1\" data-element_type=\"container\">\n\t\t\t\t<div class=\"elementor-element elementor-element-38404c5 kitify-equal-height-disable elementor-widget kitify elementor-kitify-icon-box\" data-id=\"38404c5\" data-element_type=\"widget\" data-widget_type=\"kitify-icon-box.default\">\n\t\t\t\t<div class=\"elementor-widget-container\">\n\t\t\t\t\t<div class=\"kitify-iconbox kitify-iconbox__icon-align-top elementor-animation- \" data-kitify-element-link=\"{&quot;url&quot;:&quot;#&quot;,&quot;is_external&quot;:&quot;&quot;,&quot;nofollow&quot;:&quot;&quot;,&quot;custom_attributes&quot;:&quot;&quot;}\" style=\"cursor: pointer\"><div class=\"kitify-iconbox__box_header elementor-animation-\"><div class=\"kitify-iconbox__box_icon icon_pos_top\"><img decoding=\"async\" src=\"https:\/\/superbodega.mx\/wp-content\/uploads\/2025\/10\/3_4RIV-XMB_1350-x-990_SITIO-WEB.png\" alt=\"3_4RIV-XMB_1350 x 990_SITIO WEB\" class=\"kitify-iconbox__main_img\" loading=\"lazy\"><\/div><\/div><div class=\"kitify-iconbox__box_body\"><h3 class=\"kitify-iconbox__title\">Dise\u00f1o Eficiente con Rejillas de Acero Porcelanizadas<\/h3><div class=\"kitify-iconbox__desc\">El atributo distintivo son sus rejillas de acero con acabado porcelanizado. Este material es resistente y se destaca por su peso ligero en comparaci\u00f3n con el hierro fundido. Adem\u00e1s, el acabado porcelanizado es f\u00e1cil de limpiar ya que evita que los alimentos y l\u00edquidos derramados se adhieran, simplificando el mantenimiento diario.<\/div><\/div><\/div>\t\t\t\t<\/div>\n\t\t\t\t<\/div>\n\t\t\t\t<\/div>\n\t\t\t\t<\/div>\n\t\t<div class=\"elementor-element elementor-element-e60f0de e-flex e-con-boxed kitify-col-width-auto-no ignore-docs-style-no kitify-disable-relative-no e-root-container elementor-top-section e-con e-parent\" data-id=\"e60f0de\" data-element_type=\"container\">\n\t\t\t\t\t<div class=\"e-con-inner\">\n\t\t\t\t<div class=\"elementor-element elementor-element-fb8b39d elementor-widget elementor-widget-spacer\" data-id=\"fb8b39d\" data-element_type=\"widget\" data-widget_type=\"spacer.default\">\n\t\t\t\t\t\t\t<div class=\"elementor-spacer\">\n\t\t\t<div class=\"elementor-spacer-inner\"><\/div>\n\t\t<\/div>\n\t\t\t\t\t\t<\/div>\n\t\t\t\t\t<\/div>\n\t\t\t\t<\/div>\n\t\t<div class=\"elementor-element elementor-element-8e3adb2 e-flex e-con-boxed kitify-col-width-auto-no ignore-docs-style-no kitify-disable-relative-no e-root-container elementor-top-section e-con e-parent\" data-id=\"8e3adb2\" data-element_type=\"container\">\n\t\t\t\t\t<div class=\"e-con-inner\">\n\t\t\t\t<div class=\"elementor-element elementor-element-5bdc2c5 elementor-widget elementor-widget-image\" data-id=\"5bdc2c5\" data-element_type=\"widget\" data-widget_type=\"image.default\">\n\t\t\t\t\t\t\t\t\t\t\t\t\t\t\t<img decoding=\"async\" width=\"1536\" height=\"967\" src=\"https:\/\/superbodega.mx\/wp-content\/uploads\/2025\/10\/2_4RIV-XMB_1700-x-1070_SITIO-WEB-1536x967.png\" class=\"attachment-1536x1536 size-1536x1536 wp-image-4402\" alt=\"\" srcset=\"https:\/\/superbodega.mx\/wp-content\/uploads\/2025\/10\/2_4RIV-XMB_1700-x-1070_SITIO-WEB-1536x967.png 1536w, https:\/\/superbodega.mx\/wp-content\/uploads\/2025\/10\/2_4RIV-XMB_1700-x-1070_SITIO-WEB-300x189.png 300w, https:\/\/superbodega.mx\/wp-content\/uploads\/2025\/10\/2_4RIV-XMB_1700-x-1070_SITIO-WEB-1024x645.png 1024w, https:\/\/superbodega.mx\/wp-content\/uploads\/2025\/10\/2_4RIV-XMB_1700-x-1070_SITIO-WEB-768x483.png 768w, https:\/\/superbodega.mx\/wp-content\/uploads\/2025\/10\/2_4RIV-XMB_1700-x-1070_SITIO-WEB-1000x629.png 1000w, https:\/\/superbodega.mx\/wp-content\/uploads\/2025\/10\/2_4RIV-XMB_1700-x-1070_SITIO-WEB-64x40.png 64w, https:\/\/superbodega.mx\/wp-content\/uploads\/2025\/10\/2_4RIV-XMB_1700-x-1070_SITIO-WEB.png 1700w\" sizes=\"(max-width: 1536px) 100vw, 1536px\" \/>\t\t\t\t\t\t\t\t\t\t\t\t\t\t\t<\/div>\n\t\t\t\t\t<\/div>\n\t\t\t\t<\/div>\n\t\t<div class=\"elementor-element elementor-element-d648c80 e-flex e-con-boxed kitify-col-width-auto-no ignore-docs-style-no kitify-disable-relative-no e-root-container elementor-top-section e-con e-parent\" data-id=\"d648c80\" data-element_type=\"container\">\n\t\t\t\t\t<div class=\"e-con-inner\">\n\t\t\t\t<div class=\"elementor-element elementor-element-e4fa54b elementor-widget elementor-widget-heading\" data-id=\"e4fa54b\" data-element_type=\"widget\" data-widget_type=\"heading.default\">\n\t\t\t\t\t<p class=\"elementor-heading-title elementor-size-default\">\n\n<\/p>\t\t\t\t<\/div>\n\t\t\t\t<div class=\"elementor-element elementor-element-4b12574 elementor-widget elementor-widget-text-editor\" data-id=\"4b12574\" data-element_type=\"widget\" data-widget_type=\"text-editor.default\">\n\t\t\t\t\t\t\t\t\t<h1 class=\"a-size-base-plus a-text-bold\">Acerca de este art\u00edculo<\/h1><ul><li>Cubierta de acero inoxidable<\/li><li>Encendido: Manual<\/li><li>Rejilla: Acero porcelanizado<\/li><li>Gas: L.P. Presi\u00f3n: 2.75 kPa<\/li><li>Cuatro quemadores porcelanizados: 1 Quemador r\u00e1pido. 3 Quemadores semi-r\u00e1pidos<\/li><\/ul>\t\t\t\t\t\t\t\t<\/div>\n\t\t\t\t\t<\/div>\n\t\t\t\t<\/div>\n\t\t\t\t<\/div>\n\t\t\n","protected":false},"excerpt":{"rendered":"<p>La RIVEL 4RIV-XMB es una parrilla de gas empotrable de formato compacto de 60\u00a0cm (en referencia a su ancho), ideal para optimizar el espacio en cocinas peque\u00f1as, departamentos o kitchenettes. Su dise\u00f1o se basa en una cubierta de acero inoxidable que le proporciona un acabado limpio y moderno. Es una soluci\u00f3n pr\u00e1ctica que se integra en la encimera para lograr una apariencia ordenada.<\/p>\n","protected":false},"featured_media":8746,"template":"","meta":[],"product_brand":[113],"product_cat":[239,64,168],"product_tag":[179],"class_list":{"0":"post-4396","1":"product","2":"type-product","3":"status-publish","4":"has-post-thumbnail","6":"product_brand-rivel","7":"product_cat-parrillas-de-empotre","8":"product_cat-linea-blanca","9":"product_cat-cubiertas-ceramicas","10":"product_tag-parrilla","12":"first","13":"instock","14":"shipping-taxable","15":"purchasable","16":"product-type-simple"},"_links":{"self":[{"href":"https:\/\/superbodega.mx\/index.php?rest_route=\/wp\/v2\/product\/4396","targetHints":{"allow":["GET"]}}],"collection":[{"href":"https:\/\/superbodega.mx\/index.php?rest_route=\/wp\/v2\/product"}],"about":[{"href":"https:\/\/superbodega.mx\/index.php?rest_route=\/wp\/v2\/types\/product"}],"wp:featuredmedia":[{"embeddable":true,"href":"https:\/\/superbodega.mx\/index.php?rest_route=\/wp\/v2\/media\/8746"}],"wp:attachment":[{"href":"https:\/\/superbodega.mx\/index.php?rest_route=%2Fwp%2Fv2%2Fmedia&parent=4396"}],"wp:term":[{"taxonomy":"product_brand","embeddable":true,"href":"https:\/\/superbodega.mx\/index.php?rest_route=%2Fwp%2Fv2%2Fproduct_brand&post=4396"},{"taxonomy":"product_cat","embeddable":true,"href":"https:\/\/superbodega.mx\/index.php?rest_route=%2Fwp%2Fv2%2Fproduct_cat&post=4396"},{"taxonomy":"product_tag","embeddable":true,"href":"https:\/\/superbodega.mx\/index.php?rest_route=%2Fwp%2Fv2%2Fproduct_tag&post=4396"}],"curies":[{"name":"wp","href":"https:\/\/api.w.org\/{rel}","templated":true}]}}