{"id":4259,"date":"2025-10-17T16:29:42","date_gmt":"2025-10-17T22:29:42","guid":{"rendered":"https:\/\/superbodega.mx\/?post_type=product&#038;p=4259"},"modified":"2026-02-04T16:44:54","modified_gmt":"2026-02-04T22:44:54","slug":"parrilla-de-gabinete-de-4-quemadores","status":"publish","type":"product","link":"https:\/\/superbodega.mx\/?product=parrilla-de-gabinete-de-4-quemadores","title":{"rendered":"Parrilla de gabinete de 4 quemadores."},"content":{"rendered":"\t\t<div data-elementor-type=\"section\" data-elementor-id=\"4268\" class=\"elementor elementor-4268\" data-elementor-post-type=\"elementor_library\">\n\t\t\t<div class=\"elementor-element elementor-element-15d756c e-flex e-con-boxed kitify-col-width-auto-no ignore-docs-style-no kitify-disable-relative-no e-root-container elementor-top-section e-con e-parent\" data-id=\"15d756c\" data-element_type=\"container\">\n\t\t\t\t\t<div class=\"e-con-inner\">\n\t\t\t\t<div class=\"elementor-element elementor-element-2d29746 elementor-widget__width-initial elementor-widget elementor-widget-heading\" data-id=\"2d29746\" data-element_type=\"widget\" data-widget_type=\"heading.default\">\n\t\t\t\t\t<h3 class=\"elementor-heading-title elementor-size-default\">El principal atributo de este modelo es su estructura de gabinete, que proporciona una soluci\u00f3n integral de cocci\u00f3n y almacenamiento. La cubierta superior est\u00e1 totalmente porcelanizada, facilitando la limpieza, mientras que el cuerpo del gabinete inferior cuenta con un acabado de pintura electrost\u00e1tica para mayor durabilidad y resistencia al desgaste. Este gabinete ofrece un espacio cerrado ideal para guardar utensilios de cocina o el tanque de gas.<\/h3>\t\t\t\t<\/div>\n\t\t\t\t\t<\/div>\n\t\t\t\t<\/div>\n\t\t<div class=\"elementor-element elementor-element-04a884f e-flex e-con-boxed kitify-col-width-auto-no ignore-docs-style-no kitify-disable-relative-no e-root-container elementor-top-section e-con e-parent\" data-id=\"04a884f\" data-element_type=\"container\">\n\t\t\t\t\t<div class=\"e-con-inner\">\n\t\t\t\t<div class=\"elementor-element elementor-element-f66a25a elementor-widget elementor-widget-image\" data-id=\"f66a25a\" data-element_type=\"widget\" data-widget_type=\"image.default\">\n\t\t\t\t\t\t\t\t\t\t\t\t\t\t\t<img fetchpriority=\"high\" decoding=\"async\" width=\"1700\" height=\"1070\" src=\"https:\/\/superbodega.mx\/wp-content\/uploads\/2025\/10\/1_P225_1700-x-1070_SITIO-WEB.png\" class=\"attachment-full size-full wp-image-4262\" alt=\"\" srcset=\"https:\/\/superbodega.mx\/wp-content\/uploads\/2025\/10\/1_P225_1700-x-1070_SITIO-WEB.png 1700w, https:\/\/superbodega.mx\/wp-content\/uploads\/2025\/10\/1_P225_1700-x-1070_SITIO-WEB-300x189.png 300w, https:\/\/superbodega.mx\/wp-content\/uploads\/2025\/10\/1_P225_1700-x-1070_SITIO-WEB-1024x645.png 1024w, https:\/\/superbodega.mx\/wp-content\/uploads\/2025\/10\/1_P225_1700-x-1070_SITIO-WEB-768x483.png 768w, https:\/\/superbodega.mx\/wp-content\/uploads\/2025\/10\/1_P225_1700-x-1070_SITIO-WEB-1536x967.png 1536w, https:\/\/superbodega.mx\/wp-content\/uploads\/2025\/10\/1_P225_1700-x-1070_SITIO-WEB-1000x629.png 1000w, https:\/\/superbodega.mx\/wp-content\/uploads\/2025\/10\/1_P225_1700-x-1070_SITIO-WEB-64x40.png 64w\" sizes=\"(max-width: 1700px) 100vw, 1700px\" \/>\t\t\t\t\t\t\t\t\t\t\t\t\t\t\t<\/div>\n\t\t\t\t\t<\/div>\n\t\t\t\t<\/div>\n\t\t<div class=\"elementor-element elementor-element-1c9d168 e-flex e-con-boxed kitify-col-width-auto-no ignore-docs-style-no kitify-disable-relative-no e-root-container elementor-top-section e-con e-parent\" data-id=\"1c9d168\" data-element_type=\"container\">\n\t\t\t\t\t<div class=\"e-con-inner\">\n\t\t\t\t<div class=\"elementor-element elementor-element-7668461 elementor-widget elementor-widget-heading\" data-id=\"7668461\" data-element_type=\"widget\" data-widget_type=\"heading.default\">\n\t\t\t\t\t<p class=\"elementor-heading-title elementor-size-default\">Dise\u00f1ada con una altura de 90 cm, la P225 se posiciona como una estufa de piso ergon\u00f3mica y c\u00f3moda para el uso diario. Incluye un copete desmontable que ofrece un respaldo est\u00e9tico y protecci\u00f3n de la pared contra salpicaduras. Al ser un producto Hecho en M\u00e9xico, cuenta con el respaldo de la marca FRAGA y se ha encontrado en algunas fuentes que incluye v\u00e1lvulas de seguridad, reforzando su compromiso con la protecci\u00f3n del hogar.<\/p>\t\t\t\t<\/div>\n\t\t\t\t\t<\/div>\n\t\t\t\t<\/div>\n\t\t<div class=\"elementor-element elementor-element-b96aa6f e-con-full e-flex kitify-col-width-auto-no ignore-docs-style-no kitify-disable-relative-no e-root-container elementor-top-section e-con e-parent\" data-id=\"b96aa6f\" data-element_type=\"container\">\n\t\t<div class=\"elementor-element elementor-element-505396a e-con-full e-flex kitify-col-width-auto-no ignore-docs-style-no kitify-disable-relative-no e-con e-child\" data-id=\"505396a\" data-element_type=\"container\">\n\t\t\t\t<div class=\"elementor-element elementor-element-26ccae1 kitify-equal-height-disable elementor-widget kitify elementor-kitify-icon-box\" data-id=\"26ccae1\" data-element_type=\"widget\" data-widget_type=\"kitify-icon-box.default\">\n\t\t\t\t<div class=\"elementor-widget-container\">\n\t\t\t\t\t<div class=\"kitify-iconbox kitify-iconbox__icon-align-top elementor-animation- \" data-kitify-element-link=\"{&quot;url&quot;:&quot;#&quot;,&quot;is_external&quot;:&quot;&quot;,&quot;nofollow&quot;:&quot;&quot;,&quot;custom_attributes&quot;:&quot;&quot;}\" style=\"cursor: pointer\"><div class=\"kitify-iconbox__box_header elementor-animation-\"><div class=\"kitify-iconbox__box_icon icon_pos_top\"><img decoding=\"async\" src=\"https:\/\/superbodega.mx\/wp-content\/uploads\/2025\/10\/1_P225_1350-x-990_SITIO-WEB.png\" alt=\"1_P225_1350 x 990_SITIO WEB\" class=\"kitify-iconbox__main_img\" loading=\"lazy\"><\/div><\/div><div class=\"kitify-iconbox__box_body\"><h3 class=\"kitify-iconbox__title\">Compacta de Gabinete con Alacena Integrada<\/h3><div class=\"kitify-iconbox__desc\">La caracter\u00edstica distintiva de la P225 es su gabinete inferior integrado (alacena). A diferencia de las parrillas de mesa o anaquel abierto, este modelo proporciona un cuerpo cerrado que maximiza el valor en espacios reducidos. Es una \"cocina completa\" compacta que ofrece organizaci\u00f3n, ya que permite almacenar de forma discreta accesorios, utensilios o la manguera de gas, manteniendo la cocina ordenada y libre de desorden visual.<\/div><\/div><\/div>\t\t\t\t<\/div>\n\t\t\t\t<\/div>\n\t\t\t\t<\/div>\n\t\t<div class=\"elementor-element elementor-element-c584536 e-con-full e-flex kitify-col-width-auto-no ignore-docs-style-no kitify-disable-relative-no e-con e-child\" data-id=\"c584536\" data-element_type=\"container\">\n\t\t\t\t<div class=\"elementor-element elementor-element-e850582 kitify-equal-height-disable elementor-widget kitify elementor-kitify-icon-box\" data-id=\"e850582\" data-element_type=\"widget\" data-widget_type=\"kitify-icon-box.default\">\n\t\t\t\t<div class=\"elementor-widget-container\">\n\t\t\t\t\t<div class=\"kitify-iconbox kitify-iconbox__icon-align-top elementor-animation- \" data-kitify-element-link=\"{&quot;url&quot;:&quot;#&quot;,&quot;is_external&quot;:&quot;&quot;,&quot;nofollow&quot;:&quot;&quot;,&quot;custom_attributes&quot;:&quot;&quot;}\" style=\"cursor: pointer\"><div class=\"kitify-iconbox__box_header elementor-animation-\"><div class=\"kitify-iconbox__box_icon icon_pos_top\"><img decoding=\"async\" src=\"https:\/\/superbodega.mx\/wp-content\/uploads\/2025\/10\/2_P225_1350-x-990_SITIO-WEB.png\" alt=\"2_P225_1350 x 990_SITIO WEB\" class=\"kitify-iconbox__main_img\" loading=\"lazy\"><\/div><\/div><div class=\"kitify-iconbox__box_body\"><h3 class=\"kitify-iconbox__title\">Durabilidad de Dos Capas (Porcelana y Electrost\u00e1tica)<\/h3><div class=\"kitify-iconbox__desc\">La parrilla combina dos acabados de alta resistencia en su construcci\u00f3n. La cubierta superior es de porcelana, un material conocido por su resistencia a manchas y altas temperaturas, y el gabinete inferior utiliza pintura electrost\u00e1tica. Esta combinaci\u00f3n asegura una larga vida \u00fatil y resistencia al \u00f3xido y la corrosi\u00f3n en ambas partes clave del electrodom\u00e9stico, manteniendo la est\u00e9tica y funcionalidad a lo largo del tiempo.<\/div><\/div><\/div>\t\t\t\t<\/div>\n\t\t\t\t<\/div>\n\t\t\t\t<\/div>\n\t\t<div class=\"elementor-element elementor-element-d7abce1 e-con-full e-flex kitify-col-width-auto-no ignore-docs-style-no kitify-disable-relative-no e-con e-child\" data-id=\"d7abce1\" data-element_type=\"container\">\n\t\t\t\t<div class=\"elementor-element elementor-element-38404c5 kitify-equal-height-disable elementor-widget kitify elementor-kitify-icon-box\" data-id=\"38404c5\" data-element_type=\"widget\" data-widget_type=\"kitify-icon-box.default\">\n\t\t\t\t<div class=\"elementor-widget-container\">\n\t\t\t\t\t<div class=\"kitify-iconbox kitify-iconbox__icon-align-top elementor-animation- \" data-kitify-element-link=\"{&quot;url&quot;:&quot;#&quot;,&quot;is_external&quot;:&quot;&quot;,&quot;nofollow&quot;:&quot;&quot;,&quot;custom_attributes&quot;:&quot;&quot;}\" style=\"cursor: pointer\"><div class=\"kitify-iconbox__box_header elementor-animation-\"><div class=\"kitify-iconbox__box_icon icon_pos_top\"><img decoding=\"async\" src=\"https:\/\/superbodega.mx\/wp-content\/uploads\/2025\/10\/3_P225_1350-x-990_SITIO-WEB.png\" alt=\"3_P225_1350 x 990_SITIO WEB\" class=\"kitify-iconbox__main_img\" loading=\"lazy\"><\/div><\/div><div class=\"kitify-iconbox__box_body\"><h3 class=\"kitify-iconbox__title\">Control Superior con Perillas Uniplus Duo<\/h3><div class=\"kitify-iconbox__desc\">La P225 incorpora 4 perillas Uniplus Duo, que se destacan por su dise\u00f1o ergon\u00f3mico y su capacidad para ofrecer un control giratorio preciso de la flama. Esta caracter\u00edstica permite una modulaci\u00f3n m\u00e1s fina de la intensidad del calor en cada uno de los cuatro quemadores, lo que se traduce en una cocci\u00f3n m\u00e1s eficiente y resultados culinarios superiores para el usuario.<\/div><\/div><\/div>\t\t\t\t<\/div>\n\t\t\t\t<\/div>\n\t\t\t\t<\/div>\n\t\t\t\t<\/div>\n\t\t<div class=\"elementor-element elementor-element-e60f0de e-flex e-con-boxed kitify-col-width-auto-no ignore-docs-style-no kitify-disable-relative-no e-root-container elementor-top-section e-con e-parent\" data-id=\"e60f0de\" data-element_type=\"container\">\n\t\t\t\t\t<div class=\"e-con-inner\">\n\t\t\t\t<div class=\"elementor-element elementor-element-fb8b39d elementor-widget elementor-widget-spacer\" data-id=\"fb8b39d\" data-element_type=\"widget\" data-widget_type=\"spacer.default\">\n\t\t\t\t\t\t\t<div class=\"elementor-spacer\">\n\t\t\t<div class=\"elementor-spacer-inner\"><\/div>\n\t\t<\/div>\n\t\t\t\t\t\t<\/div>\n\t\t\t\t\t<\/div>\n\t\t\t\t<\/div>\n\t\t<div class=\"elementor-element elementor-element-8e3adb2 e-flex e-con-boxed kitify-col-width-auto-no ignore-docs-style-no kitify-disable-relative-no e-root-container elementor-top-section e-con e-parent\" data-id=\"8e3adb2\" data-element_type=\"container\">\n\t\t\t\t\t<div class=\"e-con-inner\">\n\t\t\t\t<div class=\"elementor-element elementor-element-5bdc2c5 elementor-widget elementor-widget-image\" data-id=\"5bdc2c5\" data-element_type=\"widget\" data-widget_type=\"image.default\">\n\t\t\t\t\t\t\t\t\t\t\t\t\t\t\t<img decoding=\"async\" width=\"1536\" height=\"967\" src=\"https:\/\/superbodega.mx\/wp-content\/uploads\/2025\/10\/2_P225_1700-x-1070_SITIO-WEB-1536x967.png\" class=\"attachment-1536x1536 size-1536x1536 wp-image-4265\" alt=\"\" srcset=\"https:\/\/superbodega.mx\/wp-content\/uploads\/2025\/10\/2_P225_1700-x-1070_SITIO-WEB-1536x967.png 1536w, https:\/\/superbodega.mx\/wp-content\/uploads\/2025\/10\/2_P225_1700-x-1070_SITIO-WEB-300x189.png 300w, https:\/\/superbodega.mx\/wp-content\/uploads\/2025\/10\/2_P225_1700-x-1070_SITIO-WEB-1024x645.png 1024w, https:\/\/superbodega.mx\/wp-content\/uploads\/2025\/10\/2_P225_1700-x-1070_SITIO-WEB-768x483.png 768w, https:\/\/superbodega.mx\/wp-content\/uploads\/2025\/10\/2_P225_1700-x-1070_SITIO-WEB-1000x629.png 1000w, https:\/\/superbodega.mx\/wp-content\/uploads\/2025\/10\/2_P225_1700-x-1070_SITIO-WEB-64x40.png 64w, https:\/\/superbodega.mx\/wp-content\/uploads\/2025\/10\/2_P225_1700-x-1070_SITIO-WEB.png 1700w\" sizes=\"(max-width: 1536px) 100vw, 1536px\" \/>\t\t\t\t\t\t\t\t\t\t\t\t\t\t\t<\/div>\n\t\t\t\t\t<\/div>\n\t\t\t\t<\/div>\n\t\t<div class=\"elementor-element elementor-element-d648c80 e-flex e-con-boxed kitify-col-width-auto-no ignore-docs-style-no kitify-disable-relative-no e-root-container elementor-top-section e-con e-parent\" data-id=\"d648c80\" data-element_type=\"container\">\n\t\t\t\t\t<div class=\"e-con-inner\">\n\t\t\t\t<div class=\"elementor-element elementor-element-e4fa54b elementor-widget elementor-widget-heading\" data-id=\"e4fa54b\" data-element_type=\"widget\" data-widget_type=\"heading.default\">\n\t\t\t\t\t<p class=\"elementor-heading-title elementor-size-default\">\n\n<\/p>\t\t\t\t<\/div>\n\t\t\t\t<div class=\"elementor-element elementor-element-4b12574 elementor-widget elementor-widget-text-editor\" data-id=\"4b12574\" data-element_type=\"widget\" data-widget_type=\"text-editor.default\">\n\t\t\t\t\t\t\t\t\t<h1 class=\"a-size-base-plus a-text-bold\">Acerca de este art\u00edculo<\/h1><p>\u00a0<\/p><ul><li>Cubierta porcelanizada<\/li><li>Mueble y copete pintado con pintura electrost\u00e1tica<\/li><li>4 Quemadores de l\u00e1mina porcelanizados<\/li><li>Parrilla superior de alambr\u00f3n redondo de di\u00e1metro 3\/16 porcelanizado<\/li><li>Encendido manual<\/li><li>4 perillas premium<\/li><li>Fuente de energ\u00eda Gas L.P.<\/li><li>Capacidad t\u00e9rmica: 5200 kJ\/h<\/li><\/ul><p>Dimensiones y peso:<\/p><ul><li>Alto: 108.7 cm<\/li><li>Ancho: 50 cm<\/li><li>Fondo: 57 cm<\/li><li>Peso: 20.20 kg<\/li><\/ul>\t\t\t\t\t\t\t\t<\/div>\n\t\t\t\t\t<\/div>\n\t\t\t\t<\/div>\n\t\t\t\t<\/div>\n\t\t\n","protected":false},"excerpt":{"rendered":"<p>La FRAGA P225 es una parrilla de gabinete (de piso) de tama\u00f1o compacto, equipada con 4 quemadores que operan con Gas L.P. Esta parrilla funciona como una estufa completa sin horno, ideal para optimizar espacios. El dise\u00f1o de 4 quemadores de l\u00e1mina porcelanizados, controlados manualmente por perillas Uniplus Duo, ofrece una alta eficiencia con una capacidad t\u00e9rmica de 5200\u00a0kJ\/h, permitiendo la cocci\u00f3n simult\u00e1nea y precisa de varios alimentos.<\/p>\n","protected":false},"featured_media":8742,"template":"","meta":[],"product_brand":[111],"product_cat":[237,64,168],"product_tag":[179],"class_list":{"0":"post-4259","1":"product","2":"type-product","3":"status-publish","4":"has-post-thumbnail","6":"product_brand-fraga","7":"product_cat-parrillas-de-gabinete","8":"product_cat-linea-blanca","9":"product_cat-cubiertas-ceramicas","10":"product_tag-parrilla","12":"first","13":"instock","14":"shipping-taxable","15":"purchasable","16":"product-type-simple"},"_links":{"self":[{"href":"https:\/\/superbodega.mx\/index.php?rest_route=\/wp\/v2\/product\/4259","targetHints":{"allow":["GET"]}}],"collection":[{"href":"https:\/\/superbodega.mx\/index.php?rest_route=\/wp\/v2\/product"}],"about":[{"href":"https:\/\/superbodega.mx\/index.php?rest_route=\/wp\/v2\/types\/product"}],"wp:featuredmedia":[{"embeddable":true,"href":"https:\/\/superbodega.mx\/index.php?rest_route=\/wp\/v2\/media\/8742"}],"wp:attachment":[{"href":"https:\/\/superbodega.mx\/index.php?rest_route=%2Fwp%2Fv2%2Fmedia&parent=4259"}],"wp:term":[{"taxonomy":"product_brand","embeddable":true,"href":"https:\/\/superbodega.mx\/index.php?rest_route=%2Fwp%2Fv2%2Fproduct_brand&post=4259"},{"taxonomy":"product_cat","embeddable":true,"href":"https:\/\/superbodega.mx\/index.php?rest_route=%2Fwp%2Fv2%2Fproduct_cat&post=4259"},{"taxonomy":"product_tag","embeddable":true,"href":"https:\/\/superbodega.mx\/index.php?rest_route=%2Fwp%2Fv2%2Fproduct_tag&post=4259"}],"curies":[{"name":"wp","href":"https:\/\/api.w.org\/{rel}","templated":true}]}}