{"id":4221,"date":"2025-10-16T16:12:30","date_gmt":"2025-10-16T22:12:30","guid":{"rendered":"https:\/\/superbodega.mx\/?post_type=product&#038;p=4221"},"modified":"2026-02-04T16:22:47","modified_gmt":"2026-02-04T22:22:47","slug":"parrilla-de-mesa-de-2-quemadores-2","status":"publish","type":"product","link":"https:\/\/superbodega.mx\/?product=parrilla-de-mesa-de-2-quemadores-2","title":{"rendered":"Parrilla de mesa de 2 quemadores."},"content":{"rendered":"","protected":false},"excerpt":{"rendered":"<p>La parrilla de mesa FRAGA P802 es un aparato de cocci\u00f3n de dos quemadores dise\u00f1ado para sobreponer. Su construcci\u00f3n se caracteriza por ser de un mueble de una sola pieza totalmente porcelanizado, lo que le proporciona una superficie lisa, f\u00e1cil de limpiar y con alta resistencia al calor y al deterioro. Incluye dos quemadores de l\u00e1mina y una parrilla superior de alambr\u00f3n redondo, ambos tambi\u00e9n recubiertos con el mismo material porcelanizado, garantizando uniformidad y durabilidad.<\/p>\n","protected":false},"featured_media":8729,"template":"","meta":[],"product_brand":[111],"product_cat":[235,64,168],"product_tag":[179],"class_list":{"0":"post-4221","1":"product","2":"type-product","3":"status-publish","4":"has-post-thumbnail","6":"product_brand-fraga","7":"product_cat-parrillas-de-mesa","8":"product_cat-linea-blanca","9":"product_cat-cubiertas-ceramicas","10":"product_tag-parrilla","12":"first","13":"instock","14":"shipping-taxable","15":"purchasable","16":"product-type-simple"},"_links":{"self":[{"href":"https:\/\/superbodega.mx\/index.php?rest_route=\/wp\/v2\/product\/4221","targetHints":{"allow":["GET"]}}],"collection":[{"href":"https:\/\/superbodega.mx\/index.php?rest_route=\/wp\/v2\/product"}],"about":[{"href":"https:\/\/superbodega.mx\/index.php?rest_route=\/wp\/v2\/types\/product"}],"wp:featuredmedia":[{"embeddable":true,"href":"https:\/\/superbodega.mx\/index.php?rest_route=\/wp\/v2\/media\/8729"}],"wp:attachment":[{"href":"https:\/\/superbodega.mx\/index.php?rest_route=%2Fwp%2Fv2%2Fmedia&parent=4221"}],"wp:term":[{"taxonomy":"product_brand","embeddable":true,"href":"https:\/\/superbodega.mx\/index.php?rest_route=%2Fwp%2Fv2%2Fproduct_brand&post=4221"},{"taxonomy":"product_cat","embeddable":true,"href":"https:\/\/superbodega.mx\/index.php?rest_route=%2Fwp%2Fv2%2Fproduct_cat&post=4221"},{"taxonomy":"product_tag","embeddable":true,"href":"https:\/\/superbodega.mx\/index.php?rest_route=%2Fwp%2Fv2%2Fproduct_tag&post=4221"}],"curies":[{"name":"wp","href":"https:\/\/api.w.org\/{rel}","templated":true}]}}