{"id":3938,"date":"2025-10-10T17:32:46","date_gmt":"2025-10-10T23:32:46","guid":{"rendered":"https:\/\/superbodega.mx\/?post_type=product&#038;p=3938"},"modified":"2026-02-03T16:26:22","modified_gmt":"2026-02-03T22:26:22","slug":"frigobar-coca-cola-de-3-2-pies-cubicos","status":"publish","type":"product","link":"https:\/\/superbodega.mx\/?product=frigobar-coca-cola-de-3-2-pies-cubicos","title":{"rendered":"Frigobar Coca-Cola de 3.2\u201d."},"content":{"rendered":"\t\t<div data-elementor-type=\"section\" data-elementor-id=\"3967\" class=\"elementor elementor-3967\" data-elementor-post-type=\"elementor_library\">\n\t\t\t<div class=\"elementor-element elementor-element-15d756c e-flex e-con-boxed kitify-col-width-auto-no ignore-docs-style-no kitify-disable-relative-no e-root-container elementor-top-section e-con e-parent\" data-id=\"15d756c\" data-element_type=\"container\">\n\t\t\t\t\t<div class=\"e-con-inner\">\n\t\t\t\t<div class=\"elementor-element elementor-element-2d29746 elementor-widget__width-initial elementor-widget elementor-widget-heading\" data-id=\"2d29746\" data-element_type=\"widget\" data-widget_type=\"heading.default\">\n\t\t\t\t\t<h3 class=\"elementor-heading-title elementor-size-default\">Este frigobar se enfoca en la m\u00e1xima funcionalidad y versatilidad de almacenamiento. A pesar de su tama\u00f1o compacto, cuenta con dos parrillas de cristal templado que no solo facilitan la limpieza, sino que tambi\u00e9n ofrecen una gran resistencia (hasta 120 kg), permitiendo organizar botellas y snacks de manera segura. Adem\u00e1s, la puerta est\u00e1 optimizada con un dispensador de latas y un espacio para botellas grandes (2 L).<\/h3>\t\t\t\t<\/div>\n\t\t\t\t\t<\/div>\n\t\t\t\t<\/div>\n\t\t<div class=\"elementor-element elementor-element-04a884f e-flex e-con-boxed kitify-col-width-auto-no ignore-docs-style-no kitify-disable-relative-no e-root-container elementor-top-section e-con e-parent\" data-id=\"04a884f\" data-element_type=\"container\">\n\t\t\t\t\t<div class=\"e-con-inner\">\n\t\t\t\t<div class=\"elementor-element elementor-element-f66a25a elementor-widget elementor-widget-image\" data-id=\"f66a25a\" data-element_type=\"widget\" data-widget_type=\"image.default\">\n\t\t\t\t\t\t\t\t\t\t\t\t\t\t\t<img fetchpriority=\"high\" decoding=\"async\" width=\"1700\" height=\"1070\" src=\"https:\/\/superbodega.mx\/wp-content\/uploads\/2025\/10\/1_FBCOKE32E_1700-x-1070_SITIO-WEB.png\" class=\"attachment-full size-full wp-image-3942\" alt=\"\" srcset=\"https:\/\/superbodega.mx\/wp-content\/uploads\/2025\/10\/1_FBCOKE32E_1700-x-1070_SITIO-WEB.png 1700w, https:\/\/superbodega.mx\/wp-content\/uploads\/2025\/10\/1_FBCOKE32E_1700-x-1070_SITIO-WEB-300x189.png 300w, https:\/\/superbodega.mx\/wp-content\/uploads\/2025\/10\/1_FBCOKE32E_1700-x-1070_SITIO-WEB-1024x645.png 1024w, https:\/\/superbodega.mx\/wp-content\/uploads\/2025\/10\/1_FBCOKE32E_1700-x-1070_SITIO-WEB-768x483.png 768w, https:\/\/superbodega.mx\/wp-content\/uploads\/2025\/10\/1_FBCOKE32E_1700-x-1070_SITIO-WEB-1536x967.png 1536w, https:\/\/superbodega.mx\/wp-content\/uploads\/2025\/10\/1_FBCOKE32E_1700-x-1070_SITIO-WEB-1000x629.png 1000w, https:\/\/superbodega.mx\/wp-content\/uploads\/2025\/10\/1_FBCOKE32E_1700-x-1070_SITIO-WEB-64x40.png 64w\" sizes=\"(max-width: 1700px) 100vw, 1700px\" \/>\t\t\t\t\t\t\t\t\t\t\t\t\t\t\t<\/div>\n\t\t\t\t\t<\/div>\n\t\t\t\t<\/div>\n\t\t<div class=\"elementor-element elementor-element-1c9d168 e-flex e-con-boxed kitify-col-width-auto-no ignore-docs-style-no kitify-disable-relative-no e-root-container elementor-top-section e-con e-parent\" data-id=\"1c9d168\" data-element_type=\"container\">\n\t\t\t\t\t<div class=\"e-con-inner\">\n\t\t\t\t<div class=\"elementor-element elementor-element-7668461 elementor-widget elementor-widget-heading\" data-id=\"7668461\" data-element_type=\"widget\" data-widget_type=\"heading.default\">\n\t\t\t\t\t<p class=\"elementor-heading-title elementor-size-default\">Pensado para la adaptabilidad, el modelo FBCOKE32E ofrece flexibilidad de instalaci\u00f3n y un rendimiento eficiente. Su puerta reversible permite configurarla para que abra a la izquierda o a la derecha, adapt\u00e1ndose a la disposici\u00f3n del mobiliario. Utiliza el refrigerante R600a (seg\u00fan algunas fuentes), lo que contribuye a un ahorro de energ\u00eda y una conservaci\u00f3n de fr\u00edo eficiente, asegurada por un sello magn\u00e9tico robusto.<\/p>\t\t\t\t<\/div>\n\t\t\t\t\t<\/div>\n\t\t\t\t<\/div>\n\t\t<div class=\"elementor-element elementor-element-b96aa6f e-con-full e-flex kitify-col-width-auto-no ignore-docs-style-no kitify-disable-relative-no e-root-container elementor-top-section e-con e-parent\" data-id=\"b96aa6f\" data-element_type=\"container\">\n\t\t<div class=\"elementor-element elementor-element-505396a e-con-full e-flex kitify-col-width-auto-no ignore-docs-style-no kitify-disable-relative-no e-con e-child\" data-id=\"505396a\" data-element_type=\"container\">\n\t\t\t\t<div class=\"elementor-element elementor-element-26ccae1 kitify-equal-height-disable elementor-widget kitify elementor-kitify-icon-box\" data-id=\"26ccae1\" data-element_type=\"widget\" data-widget_type=\"kitify-icon-box.default\">\n\t\t\t\t<div class=\"elementor-widget-container\">\n\t\t\t\t\t<div class=\"kitify-iconbox kitify-iconbox__icon-align-top elementor-animation- \" data-kitify-element-link=\"{&quot;url&quot;:&quot;#&quot;,&quot;is_external&quot;:&quot;&quot;,&quot;nofollow&quot;:&quot;&quot;,&quot;custom_attributes&quot;:&quot;&quot;}\" style=\"cursor: pointer\"><div class=\"kitify-iconbox__box_header elementor-animation-\"><div class=\"kitify-iconbox__box_icon icon_pos_top\"><img decoding=\"async\" src=\"https:\/\/superbodega.mx\/wp-content\/uploads\/2025\/10\/1_FBCOKE32E_1350-x-990_SITIO-WEB.png\" alt=\"1_FBCOKE32E_1350 x 990_SITIO WEB\" class=\"kitify-iconbox__main_img\" loading=\"lazy\"><\/div><\/div><div class=\"kitify-iconbox__box_body\"><h3 class=\"kitify-iconbox__title\">Estilo Retro Cool: Edici\u00f3n Coca-Cola con Destapador Integrado<\/h3><div class=\"kitify-iconbox__desc\">Este atributo se centra en el dise\u00f1o exclusivo y la comodidad. El FBCOKE32E es m\u00e1s que un simple frigobar, es una pieza de estilo con el ic\u00f3nico dise\u00f1o de Coca-Cola en Rojo vibrante. Su caracter\u00edstica estrella para el entretenimiento es el destapador de botellas montado directamente en la puerta, que ofrece un toque retro y una comodidad insuperable para abrir bebidas al instante.<\/div><\/div><\/div>\t\t\t\t<\/div>\n\t\t\t\t<\/div>\n\t\t\t\t<\/div>\n\t\t<div class=\"elementor-element elementor-element-c584536 e-con-full e-flex kitify-col-width-auto-no ignore-docs-style-no kitify-disable-relative-no e-con e-child\" data-id=\"c584536\" data-element_type=\"container\">\n\t\t\t\t<div class=\"elementor-element elementor-element-e850582 kitify-equal-height-disable elementor-widget kitify elementor-kitify-icon-box\" data-id=\"e850582\" data-element_type=\"widget\" data-widget_type=\"kitify-icon-box.default\">\n\t\t\t\t<div class=\"elementor-widget-container\">\n\t\t\t\t\t<div class=\"kitify-iconbox kitify-iconbox__icon-align-top elementor-animation- \" data-kitify-element-link=\"{&quot;url&quot;:&quot;#&quot;,&quot;is_external&quot;:&quot;&quot;,&quot;nofollow&quot;:&quot;&quot;,&quot;custom_attributes&quot;:&quot;&quot;}\" style=\"cursor: pointer\"><div class=\"kitify-iconbox__box_header elementor-animation-\"><div class=\"kitify-iconbox__box_icon icon_pos_top\"><img decoding=\"async\" src=\"https:\/\/superbodega.mx\/wp-content\/uploads\/2025\/10\/2_FBCOKE32E_1350-x-990_SITIO-WEB.png\" alt=\"2_FBCOKE32E_1350 x 990_SITIO WEB\" class=\"kitify-iconbox__main_img\" loading=\"lazy\"><\/div><\/div><div class=\"kitify-iconbox__box_body\"><h3 class=\"kitify-iconbox__title\">Organizaci\u00f3n de Cristal Templado: M\u00e1xima Resistencia y F\u00e1cil Limpieza<\/h3><div class=\"kitify-iconbox__desc\">El foco est\u00e1 en la calidad de los materiales interiores y la durabilidad. A diferencia de las parrillas de alambr\u00f3n comunes, este frigobar incorpora Estantes de Cristal Templado. Este material no solo es m\u00e1s higi\u00e9nico y f\u00e1cil de limpiar de derrames, sino que tambi\u00e9n proporciona una gran resistencia, garantizando una organizaci\u00f3n duradera y segura para una variedad de art\u00edculos.<\/div><\/div><\/div>\t\t\t\t<\/div>\n\t\t\t\t<\/div>\n\t\t\t\t<\/div>\n\t\t<div class=\"elementor-element elementor-element-d7abce1 e-con-full e-flex kitify-col-width-auto-no ignore-docs-style-no kitify-disable-relative-no e-con e-child\" data-id=\"d7abce1\" data-element_type=\"container\">\n\t\t\t\t<div class=\"elementor-element elementor-element-38404c5 kitify-equal-height-disable elementor-widget kitify elementor-kitify-icon-box\" data-id=\"38404c5\" data-element_type=\"widget\" data-widget_type=\"kitify-icon-box.default\">\n\t\t\t\t<div class=\"elementor-widget-container\">\n\t\t\t\t\t<div class=\"kitify-iconbox kitify-iconbox__icon-align-top elementor-animation- \" data-kitify-element-link=\"{&quot;url&quot;:&quot;#&quot;,&quot;is_external&quot;:&quot;&quot;,&quot;nofollow&quot;:&quot;&quot;,&quot;custom_attributes&quot;:&quot;&quot;}\" style=\"cursor: pointer\"><div class=\"kitify-iconbox__box_header elementor-animation-\"><div class=\"kitify-iconbox__box_icon icon_pos_top\"><img decoding=\"async\" src=\"https:\/\/superbodega.mx\/wp-content\/uploads\/2025\/10\/3_FBCOKE32E_1350-x-990_SITIO-WEB.png\" alt=\"3_FBCOKE32E_1350 x 990_SITIO WEB\" class=\"kitify-iconbox__main_img\" loading=\"lazy\"><\/div><\/div><div class=\"kitify-iconbox__box_body\"><h3 class=\"kitify-iconbox__title\">Smart Fit 3.2: Puerta Reversible y Dispensador de Latas Integrado<\/h3><div class=\"kitify-iconbox__desc\">Esta descripci\u00f3n destaca la adaptabilidad y las soluciones de almacenamiento espec\u00edficas para bebidas. El dise\u00f1o Smart Fit es perfecto para espacios peque\u00f1os, potenciado por la Puerta Reversible que asegura la colocaci\u00f3n ideal. Adem\u00e1s, optimiza el espacio de la puerta con un pr\u00e1ctico Dispensador de Latas para mantener tus bebidas favoritas fr\u00edas y ordenadas.<\/div><\/div><\/div>\t\t\t\t<\/div>\n\t\t\t\t<\/div>\n\t\t\t\t<\/div>\n\t\t\t\t<\/div>\n\t\t<div class=\"elementor-element elementor-element-e60f0de e-flex e-con-boxed kitify-col-width-auto-no ignore-docs-style-no kitify-disable-relative-no e-root-container elementor-top-section e-con e-parent\" data-id=\"e60f0de\" data-element_type=\"container\">\n\t\t\t\t\t<div class=\"e-con-inner\">\n\t\t\t\t<div class=\"elementor-element elementor-element-fb8b39d elementor-widget elementor-widget-spacer\" data-id=\"fb8b39d\" data-element_type=\"widget\" data-widget_type=\"spacer.default\">\n\t\t\t\t\t\t\t<div class=\"elementor-spacer\">\n\t\t\t<div class=\"elementor-spacer-inner\"><\/div>\n\t\t<\/div>\n\t\t\t\t\t\t<\/div>\n\t\t\t\t\t<\/div>\n\t\t\t\t<\/div>\n\t\t<div class=\"elementor-element elementor-element-8e3adb2 e-flex e-con-boxed kitify-col-width-auto-no ignore-docs-style-no kitify-disable-relative-no e-root-container elementor-top-section e-con e-parent\" data-id=\"8e3adb2\" data-element_type=\"container\">\n\t\t\t\t\t<div class=\"e-con-inner\">\n\t\t\t\t<div class=\"elementor-element elementor-element-5bdc2c5 elementor-widget elementor-widget-image\" data-id=\"5bdc2c5\" data-element_type=\"widget\" data-widget_type=\"image.default\">\n\t\t\t\t\t\t\t\t\t\t\t\t\t\t\t<img decoding=\"async\" width=\"1536\" height=\"967\" src=\"https:\/\/superbodega.mx\/wp-content\/uploads\/2025\/10\/2_FBCOKE32E_1700-x-1070_SITIO-WEB-1536x967.png\" class=\"attachment-1536x1536 size-1536x1536 wp-image-3945\" alt=\"\" srcset=\"https:\/\/superbodega.mx\/wp-content\/uploads\/2025\/10\/2_FBCOKE32E_1700-x-1070_SITIO-WEB-1536x967.png 1536w, https:\/\/superbodega.mx\/wp-content\/uploads\/2025\/10\/2_FBCOKE32E_1700-x-1070_SITIO-WEB-300x189.png 300w, https:\/\/superbodega.mx\/wp-content\/uploads\/2025\/10\/2_FBCOKE32E_1700-x-1070_SITIO-WEB-1024x645.png 1024w, https:\/\/superbodega.mx\/wp-content\/uploads\/2025\/10\/2_FBCOKE32E_1700-x-1070_SITIO-WEB-768x483.png 768w, https:\/\/superbodega.mx\/wp-content\/uploads\/2025\/10\/2_FBCOKE32E_1700-x-1070_SITIO-WEB-1000x629.png 1000w, https:\/\/superbodega.mx\/wp-content\/uploads\/2025\/10\/2_FBCOKE32E_1700-x-1070_SITIO-WEB-64x40.png 64w, https:\/\/superbodega.mx\/wp-content\/uploads\/2025\/10\/2_FBCOKE32E_1700-x-1070_SITIO-WEB.png 1700w\" sizes=\"(max-width: 1536px) 100vw, 1536px\" \/>\t\t\t\t\t\t\t\t\t\t\t\t\t\t\t<\/div>\n\t\t\t\t\t<\/div>\n\t\t\t\t<\/div>\n\t\t<div class=\"elementor-element elementor-element-d648c80 e-flex e-con-boxed kitify-col-width-auto-no ignore-docs-style-no kitify-disable-relative-no e-root-container elementor-top-section e-con e-parent\" data-id=\"d648c80\" data-element_type=\"container\">\n\t\t\t\t\t<div class=\"e-con-inner\">\n\t\t\t\t<div class=\"elementor-element elementor-element-e4fa54b elementor-widget elementor-widget-heading\" data-id=\"e4fa54b\" data-element_type=\"widget\" data-widget_type=\"heading.default\">\n\t\t\t\t\t<p class=\"elementor-heading-title elementor-size-default\">\n\n<\/p>\t\t\t\t<\/div>\n\t\t\t\t<div class=\"elementor-element elementor-element-4b12574 elementor-widget elementor-widget-text-editor\" data-id=\"4b12574\" data-element_type=\"widget\" data-widget_type=\"text-editor.default\">\n\t\t\t\t\t\t\t\t\t<h1 class=\"a-size-base-plus a-text-bold\">Acerca de este art\u00edculo<\/h1><ul><li>Dise\u00f1o: Tem\u00e1tico Coca-Cola.<\/li><li>Color Exterior: Rojo<\/li><li>Capacidad Nominal: 2\u00a0pies\u00a0cu\u02cabicos.<\/li><li>Puerta: 1 puerta, Reversible con sello magn\u00e9tico.<\/li><li>Accesorios Externos: Destapador de botellas integrado en la puerta.<\/li><li>Organizaci\u00f3n Interior: 2 Parrillas de Cristal Templado.<\/li><li>Organizaci\u00f3n en Puerta: Anaqueles, con porta botellas grandes (2\u00a0L) y Dispensador de Latas.<\/li><li>Congelador: Compartimiento congelador superior (interno).<\/li><li>Base: Patas ajustables.<\/li><li>Capacidad Neta (Volumen): 5\u00a0Litros (o 91\u00a0L).<\/li><li>Tipo de Deshielo: Manual (Semiautom\u00e1tico).<\/li><li>Sistema de Enfriamiento: Compresor (Utiliza Gas Refrigerante R600a seg\u00fan algunas fuentes).<\/li><li>Control de Temperatura: Ajustable (Termostato).<\/li><li>Iluminaci\u00f3n: Luz LED<\/li><li>Voltaje: 115\u00a0V (o 127\u00a0V).<\/li><li>Accesorios incluidos: Recipiente para hielos y charola de goteo.<\/li><\/ul><p>Dimensiones y peso:<\/p><ul><li>Alto: 5\u00a0cm<\/li><li>Ancho: 5\u00a0cm<\/li><li>Profundidad: 5\u00a0cm<\/li><li>Peso: 20\u00a0kg<\/li><\/ul>\t\t\t\t\t\t\t\t<\/div>\n\t\t\t\t\t<\/div>\n\t\t\t\t<\/div>\n\t\t\t\t<\/div>\n\t\t\n","protected":false},"excerpt":{"rendered":"<p>El DACE FBCOKE32E destaca por su dise\u00f1o <em>retro<\/em> y tem\u00e1tico de Coca-Cola, ideal para coleccionistas o para a\u00f1adir un toque de estilo a cualquier espacio de entretenimiento. Su color Rojo y logotipo lo convierten en un elemento decorativo distintivo. M\u00e1s all\u00e1 de la est\u00e9tica, incluye una caracter\u00edstica de conveniencia \u00fanica: un destapador de botellas integrado en la puerta, eliminando la necesidad de buscar herramientas al servir bebidas.<\/p>\n","protected":false},"featured_media":7248,"template":"","meta":[],"product_brand":[96],"product_cat":[221,64,65],"product_tag":[176],"class_list":{"0":"post-3938","1":"product","2":"type-product","3":"status-publish","4":"has-post-thumbnail","6":"product_brand-dace","7":"product_cat-frigobares","8":"product_cat-linea-blanca","9":"product_cat-refrigeracion","10":"product_tag-frigobar","12":"first","13":"instock","14":"shipping-taxable","15":"purchasable","16":"product-type-simple"},"_links":{"self":[{"href":"https:\/\/superbodega.mx\/index.php?rest_route=\/wp\/v2\/product\/3938","targetHints":{"allow":["GET"]}}],"collection":[{"href":"https:\/\/superbodega.mx\/index.php?rest_route=\/wp\/v2\/product"}],"about":[{"href":"https:\/\/superbodega.mx\/index.php?rest_route=\/wp\/v2\/types\/product"}],"wp:featuredmedia":[{"embeddable":true,"href":"https:\/\/superbodega.mx\/index.php?rest_route=\/wp\/v2\/media\/7248"}],"wp:attachment":[{"href":"https:\/\/superbodega.mx\/index.php?rest_route=%2Fwp%2Fv2%2Fmedia&parent=3938"}],"wp:term":[{"taxonomy":"product_brand","embeddable":true,"href":"https:\/\/superbodega.mx\/index.php?rest_route=%2Fwp%2Fv2%2Fproduct_brand&post=3938"},{"taxonomy":"product_cat","embeddable":true,"href":"https:\/\/superbodega.mx\/index.php?rest_route=%2Fwp%2Fv2%2Fproduct_cat&post=3938"},{"taxonomy":"product_tag","embeddable":true,"href":"https:\/\/superbodega.mx\/index.php?rest_route=%2Fwp%2Fv2%2Fproduct_tag&post=3938"}],"curies":[{"name":"wp","href":"https:\/\/api.w.org\/{rel}","templated":true}]}}