{"id":2932,"date":"2025-09-29T17:15:02","date_gmt":"2025-09-29T23:15:02","guid":{"rendered":"https:\/\/superbodega.mx\/?post_type=product&#038;p=2932"},"modified":"2026-02-03T16:06:23","modified_gmt":"2026-02-03T22:06:23","slug":"refrigerador-de-20-pies-cubicos-liso-en-color-plata","status":"publish","type":"product","link":"https:\/\/superbodega.mx\/?product=refrigerador-de-20-pies-cubicos-liso-en-color-plata","title":{"rendered":"Refrigerador de 20\u201d liso en color plata"},"content":{"rendered":"\t\t<div data-elementor-type=\"section\" data-elementor-id=\"2942\" class=\"elementor elementor-2942\" data-elementor-post-type=\"elementor_library\">\n\t\t\t<div class=\"elementor-element elementor-element-15d756c e-flex e-con-boxed kitify-col-width-auto-no ignore-docs-style-no kitify-disable-relative-no e-root-container elementor-top-section e-con e-parent\" data-id=\"15d756c\" data-element_type=\"container\">\n\t\t\t\t\t<div class=\"e-con-inner\">\n\t\t\t\t<div class=\"elementor-element elementor-element-2d29746 elementor-widget__width-initial elementor-widget elementor-widget-heading\" data-id=\"2d29746\" data-element_type=\"widget\" data-widget_type=\"heading.default\">\n\t\t\t\t\t<h3 class=\"elementor-heading-title elementor-size-default\">Este modelo ofrece una \u00f3ptima conservaci\u00f3n de los alimentos gracias a su sistema de enfriamiento Multi Air Flow, que distribuye el aire fr\u00edo de manera uniforme. Adem\u00e1s, incorpora un dispensador de agua y hielo en la puerta para una conveniencia superior.<\/h3>\t\t\t\t<\/div>\n\t\t\t\t\t<\/div>\n\t\t\t\t<\/div>\n\t\t<div class=\"elementor-element elementor-element-04a884f e-flex e-con-boxed kitify-col-width-auto-no ignore-docs-style-no kitify-disable-relative-no e-root-container elementor-top-section e-con e-parent\" data-id=\"04a884f\" data-element_type=\"container\">\n\t\t\t\t\t<div class=\"e-con-inner\">\n\t\t\t\t<div class=\"elementor-element elementor-element-f66a25a elementor-widget elementor-widget-image\" data-id=\"f66a25a\" data-element_type=\"widget\" data-widget_type=\"image.default\">\n\t\t\t\t\t\t\t\t\t\t\t\t\t\t\t<img fetchpriority=\"high\" decoding=\"async\" width=\"1700\" height=\"1070\" src=\"https:\/\/superbodega.mx\/wp-content\/uploads\/2025\/09\/1_LT57BPSX_1700-x-1070_SITIO-WEB.png\" class=\"attachment-full size-full wp-image-2935\" alt=\"\" srcset=\"https:\/\/superbodega.mx\/wp-content\/uploads\/2025\/09\/1_LT57BPSX_1700-x-1070_SITIO-WEB.png 1700w, https:\/\/superbodega.mx\/wp-content\/uploads\/2025\/09\/1_LT57BPSX_1700-x-1070_SITIO-WEB-300x189.png 300w, https:\/\/superbodega.mx\/wp-content\/uploads\/2025\/09\/1_LT57BPSX_1700-x-1070_SITIO-WEB-1024x645.png 1024w, https:\/\/superbodega.mx\/wp-content\/uploads\/2025\/09\/1_LT57BPSX_1700-x-1070_SITIO-WEB-768x483.png 768w, https:\/\/superbodega.mx\/wp-content\/uploads\/2025\/09\/1_LT57BPSX_1700-x-1070_SITIO-WEB-1536x967.png 1536w, https:\/\/superbodega.mx\/wp-content\/uploads\/2025\/09\/1_LT57BPSX_1700-x-1070_SITIO-WEB-1000x629.png 1000w, https:\/\/superbodega.mx\/wp-content\/uploads\/2025\/09\/1_LT57BPSX_1700-x-1070_SITIO-WEB-64x40.png 64w\" sizes=\"(max-width: 1700px) 100vw, 1700px\" \/>\t\t\t\t\t\t\t\t\t\t\t\t\t\t\t<\/div>\n\t\t\t\t\t<\/div>\n\t\t\t\t<\/div>\n\t\t<div class=\"elementor-element elementor-element-1c9d168 e-flex e-con-boxed kitify-col-width-auto-no ignore-docs-style-no kitify-disable-relative-no e-root-container elementor-top-section e-con e-parent\" data-id=\"1c9d168\" data-element_type=\"container\">\n\t\t\t\t\t<div class=\"e-con-inner\">\n\t\t\t\t<div class=\"elementor-element elementor-element-7668461 elementor-widget elementor-widget-heading\" data-id=\"7668461\" data-element_type=\"widget\" data-widget_type=\"heading.default\">\n\t\t\t\t\t<p class=\"elementor-heading-title elementor-size-default\">Con un elegante acabado en acero inoxidable platino (Platinum Silver) y un dise\u00f1o moderno, el LT57BPSX tambi\u00e9n destaca por su iluminaci\u00f3n interior LED y sus robustas parrillas de cristal templado, combinando est\u00e9tica, durabilidad y alta tecnolog\u00eda para el hogar.<\/p>\t\t\t\t<\/div>\n\t\t\t\t<div class=\"elementor-element elementor-element-a55f287 elementor-widget elementor-widget-heading\" data-id=\"a55f287\" data-element_type=\"widget\" data-widget_type=\"heading.default\">\n\t\t\t\t\t<p class=\"elementor-heading-title elementor-size-default\">No esperes m\u00e1s y dale a tu cocina el aliado perfecto para licuar con nuestras incre\u00edbles licuadoras. \u00a1Haz de cada preparaci\u00f3n una experiencia \u00fanica!<\/p>\t\t\t\t<\/div>\n\t\t\t\t\t<\/div>\n\t\t\t\t<\/div>\n\t\t<div class=\"elementor-element elementor-element-b96aa6f e-flex e-con-boxed kitify-col-width-auto-no ignore-docs-style-no kitify-disable-relative-no e-root-container elementor-top-section e-con e-parent\" data-id=\"b96aa6f\" data-element_type=\"container\">\n\t\t\t\t\t<div class=\"e-con-inner\">\n\t\t<div class=\"elementor-element elementor-element-505396a e-con-full e-flex kitify-col-width-auto-no ignore-docs-style-no kitify-disable-relative-no e-con e-child\" data-id=\"505396a\" data-element_type=\"container\">\n\t\t\t\t<div class=\"elementor-element elementor-element-26ccae1 kitify-equal-height-disable elementor-widget kitify elementor-kitify-icon-box\" data-id=\"26ccae1\" data-element_type=\"widget\" data-widget_type=\"kitify-icon-box.default\">\n\t\t\t\t<div class=\"elementor-widget-container\">\n\t\t\t\t\t<div class=\"kitify-iconbox kitify-iconbox__icon-align-top elementor-animation- \" data-kitify-element-link=\"{&quot;url&quot;:&quot;#&quot;,&quot;is_external&quot;:&quot;&quot;,&quot;nofollow&quot;:&quot;&quot;,&quot;custom_attributes&quot;:&quot;&quot;}\" style=\"cursor: pointer\"><div class=\"kitify-iconbox__box_header elementor-animation-\"><div class=\"kitify-iconbox__box_icon icon_pos_top\"><img decoding=\"async\" src=\"https:\/\/superbodega.mx\/wp-content\/uploads\/2025\/09\/1_LT57BPSX_1350-x-990_SITIO-WEB.png\" alt=\"1_LT57BPSX_1350 x 990_SITIO WEB\" class=\"kitify-iconbox__main_img\" loading=\"lazy\"><\/div><\/div><div class=\"kitify-iconbox__box_body\"><h3 class=\"kitify-iconbox__title\">Frescura Uniforme de Puerta a Puerta con DoorCooling+\u2122<\/h3><div class=\"kitify-iconbox__desc\">Experimenta una frescura sin igual en cada rinc\u00f3n de tu refrigerador LG LT57BPSX. La tecnolog\u00eda exclusiva DoorCooling+\u2122 enfr\u00eda de manera r\u00e1pida y uniforme hasta la parte frontal.<\/div><\/div><\/div>\t\t\t\t<\/div>\n\t\t\t\t<\/div>\n\t\t\t\t<\/div>\n\t\t<div class=\"elementor-element elementor-element-c584536 e-con-full e-flex kitify-col-width-auto-no ignore-docs-style-no kitify-disable-relative-no e-con e-child\" data-id=\"c584536\" data-element_type=\"container\">\n\t\t\t\t<div class=\"elementor-element elementor-element-e850582 kitify-equal-height-disable elementor-widget kitify elementor-kitify-icon-box\" data-id=\"e850582\" data-element_type=\"widget\" data-widget_type=\"kitify-icon-box.default\">\n\t\t\t\t<div class=\"elementor-widget-container\">\n\t\t\t\t\t<div class=\"kitify-iconbox kitify-iconbox__icon-align-top elementor-animation- \" data-kitify-element-link=\"{&quot;url&quot;:&quot;#&quot;,&quot;is_external&quot;:&quot;&quot;,&quot;nofollow&quot;:&quot;&quot;,&quot;custom_attributes&quot;:&quot;&quot;}\" style=\"cursor: pointer\"><div class=\"kitify-iconbox__box_header elementor-animation-\"><div class=\"kitify-iconbox__box_icon icon_pos_top\"><img decoding=\"async\" src=\"https:\/\/superbodega.mx\/wp-content\/uploads\/2025\/09\/2_LT57BPSX_1350-x-990_SITIO-WEB.png\" alt=\"2_LT57BPSX_1350 x 990_SITIO WEB\" class=\"kitify-iconbox__main_img\" loading=\"lazy\"><\/div><\/div><div class=\"kitify-iconbox__box_body\"><h3 class=\"kitify-iconbox__title\">Eficiencia Silenciosa y Duradera con Compresor Inverter Linear\u2122<\/h3><div class=\"kitify-iconbox__desc\">Reduce tus facturas de energ\u00eda y disfruta de la tranquilidad en tu cocina. El Compresor Inverter Linear\u2122 de LG optimiza la potencia de enfriamiento con menos fluctuaciones de temperatura, resultando en un funcionamiento silencioso, duradero y con una eficiencia energ\u00e9tica sobresaliente.<\/div><\/div><\/div>\t\t\t\t<\/div>\n\t\t\t\t<\/div>\n\t\t\t\t<\/div>\n\t\t<div class=\"elementor-element elementor-element-d7abce1 e-con-full e-flex kitify-col-width-auto-no ignore-docs-style-no kitify-disable-relative-no e-con e-child\" data-id=\"d7abce1\" data-element_type=\"container\">\n\t\t\t\t<div class=\"elementor-element elementor-element-38404c5 kitify-equal-height-disable elementor-widget kitify elementor-kitify-icon-box\" data-id=\"38404c5\" data-element_type=\"widget\" data-widget_type=\"kitify-icon-box.default\">\n\t\t\t\t<div class=\"elementor-widget-container\">\n\t\t\t\t\t<div class=\"kitify-iconbox kitify-iconbox__icon-align-top elementor-animation- \" data-kitify-element-link=\"{&quot;url&quot;:&quot;#&quot;,&quot;is_external&quot;:&quot;&quot;,&quot;nofollow&quot;:&quot;&quot;,&quot;custom_attributes&quot;:&quot;&quot;}\" style=\"cursor: pointer\"><div class=\"kitify-iconbox__box_header elementor-animation-\"><div class=\"kitify-iconbox__box_icon icon_pos_top\"><img decoding=\"async\" src=\"https:\/\/superbodega.mx\/wp-content\/uploads\/2025\/09\/3_LT57BPSX_1350-x-990_SITIO-WEB.png\" alt=\"3_LT57BPSX_1350 x 990_SITIO WEB\" class=\"kitify-iconbox__main_img\" loading=\"lazy\"><\/div><\/div><div class=\"kitify-iconbox__box_body\"><h3 class=\"kitify-iconbox__title\">Multi Air Flow<\/h3><div class=\"kitify-iconbox__desc\">Enfriamiento R\u00e1pido y Uniforme. El aire fr\u00edo es distribuido a cada espacio del refrigerador gracias a sus m\u00faltiples salidas de aire.<\/div><\/div><\/div>\t\t\t\t<\/div>\n\t\t\t\t<\/div>\n\t\t\t\t<\/div>\n\t\t\t\t\t<\/div>\n\t\t\t\t<\/div>\n\t\t<div class=\"elementor-element elementor-element-7a6fafc e-flex e-con-boxed kitify-col-width-auto-no ignore-docs-style-no kitify-disable-relative-no e-root-container elementor-top-section e-con e-parent\" data-id=\"7a6fafc\" data-element_type=\"container\">\n\t\t\t\t\t<div class=\"e-con-inner\">\n\t\t\t\t<div class=\"elementor-element elementor-element-bbcfba8 elementor-widget elementor-widget-spacer\" data-id=\"bbcfba8\" data-element_type=\"widget\" data-widget_type=\"spacer.default\">\n\t\t\t\t\t\t\t<div class=\"elementor-spacer\">\n\t\t\t<div class=\"elementor-spacer-inner\"><\/div>\n\t\t<\/div>\n\t\t\t\t\t\t<\/div>\n\t\t\t\t\t<\/div>\n\t\t\t\t<\/div>\n\t\t<div class=\"elementor-element elementor-element-92ac5ca e-flex e-con-boxed kitify-col-width-auto-no ignore-docs-style-no kitify-disable-relative-no e-root-container elementor-top-section e-con e-parent\" data-id=\"92ac5ca\" data-element_type=\"container\">\n\t\t\t\t\t<div class=\"e-con-inner\">\n\t\t\t\t<div class=\"elementor-element elementor-element-6698a65 elementor-widget elementor-widget-image\" data-id=\"6698a65\" data-element_type=\"widget\" data-widget_type=\"image.default\">\n\t\t\t\t\t\t\t\t\t\t\t\t\t\t\t<img decoding=\"async\" width=\"1024\" height=\"645\" src=\"https:\/\/superbodega.mx\/wp-content\/uploads\/2025\/09\/2_LT57BPSX_1700-x-1070_SITIO-WEB-1024x645.png\" class=\"attachment-large size-large wp-image-2938\" alt=\"\" srcset=\"https:\/\/superbodega.mx\/wp-content\/uploads\/2025\/09\/2_LT57BPSX_1700-x-1070_SITIO-WEB-1024x645.png 1024w, https:\/\/superbodega.mx\/wp-content\/uploads\/2025\/09\/2_LT57BPSX_1700-x-1070_SITIO-WEB-300x189.png 300w, https:\/\/superbodega.mx\/wp-content\/uploads\/2025\/09\/2_LT57BPSX_1700-x-1070_SITIO-WEB-768x483.png 768w, https:\/\/superbodega.mx\/wp-content\/uploads\/2025\/09\/2_LT57BPSX_1700-x-1070_SITIO-WEB-1536x967.png 1536w, https:\/\/superbodega.mx\/wp-content\/uploads\/2025\/09\/2_LT57BPSX_1700-x-1070_SITIO-WEB-1000x629.png 1000w, https:\/\/superbodega.mx\/wp-content\/uploads\/2025\/09\/2_LT57BPSX_1700-x-1070_SITIO-WEB-64x40.png 64w, https:\/\/superbodega.mx\/wp-content\/uploads\/2025\/09\/2_LT57BPSX_1700-x-1070_SITIO-WEB.png 1700w\" sizes=\"(max-width: 1024px) 100vw, 1024px\" \/>\t\t\t\t\t\t\t\t\t\t\t\t\t\t\t<\/div>\n\t\t\t\t\t<\/div>\n\t\t\t\t<\/div>\n\t\t<div class=\"elementor-element elementor-element-d648c80 e-flex e-con-boxed kitify-col-width-auto-no ignore-docs-style-no kitify-disable-relative-no e-root-container elementor-top-section e-con e-parent\" data-id=\"d648c80\" data-element_type=\"container\">\n\t\t\t\t\t<div class=\"e-con-inner\">\n\t\t\t\t<div class=\"elementor-element elementor-element-e4fa54b elementor-widget elementor-widget-heading\" data-id=\"e4fa54b\" data-element_type=\"widget\" data-widget_type=\"heading.default\">\n\t\t\t\t\t<p class=\"elementor-heading-title elementor-size-default\">\n\n<\/p>\t\t\t\t<\/div>\n\t\t\t\t<div class=\"elementor-element elementor-element-4b12574 elementor-widget elementor-widget-text-editor\" data-id=\"4b12574\" data-element_type=\"widget\" data-widget_type=\"text-editor.default\">\n\t\t\t\t\t\t\t\t\t<h1 class=\"a-size-base-plus a-text-bold\">Acerca de este art\u00edculo<\/h1><ul class=\"a-unordered-list a-vertical a-spacing-mini\"><li class=\"a-spacing-mini\"><p>Caracter\u00edsticas F\u00edsicas y Especificaciones T\u00e9cnicas<\/p><ul><li>Tipo de Refrigerador: Top Mount (Congelador Superior)<\/li><li>Color \/ Acabado: Platinum Silver (Acero Inoxidable Platino)<\/li><li>N\u00famero de Puertas: 2<\/li><li>Dispensador: Agua y Hielo (en la puerta del congelador)<\/li><li>Tipo de Luz Interior: LED<\/li><li>Material de Parrillas: Cristal templado de alta resistencia<\/li><li>Material de Cajones: Pl\u00e1stico transparente<\/li><li>F\u00e1brica de Hielo: Autom\u00e1tica (en el congelador)<\/li><li>Puertas Reversibles: No (debido al dispensador)<\/li><\/ul><p>Especificaciones T\u00e9cnicas<\/p><ul><li>Capacidad (Pies C\u00fabicos): 20\u00a0p3 (aprox. 20.1\u00a0p3 \/ 569\u00a0Litros)<\/li><li>Tipo de Compresor: Inverter Linear\u2122 Compressor<\/li><li>Sistema de Enfriamiento: Multi Air Flow<\/li><li>Tecnolog\u00eda Adicional: DoorCooling+\u2122<\/li><li>Tipo de Deshielo: Auto Frost \/ No Frost<\/li><li>Control de Temperatura: Digital (interno o externo, seg\u00fan modelo exacto)<\/li><li>Voltaje 115\u00a0V\/60\u00a0Hz<\/li><li>Eficiencia Energ\u00e9tica: Alta (certificaci\u00f3n Energy Star en algunos mercados)<\/li><li>Consumo de Energ\u00eda: Bajo (optimizado por Compresor Inverter Linear\u2122)<\/li><li>Despachador de Agua: S\u00ed (con filtro de agua)<\/li><li>F\u00e1brica de Hielo Autom\u00e1tica: S\u00ed (tipo SpacePlus\u2122 Icemaker o est\u00e1ndar)<\/li><li>Alarma en Puerta: S\u00ed<\/li><li>Modo Vacaciones: S\u00ed<\/li><li>Diagn\u00f3stico Inteligente: Smart Diagnosis\u2122<\/li><li>N\u00famero de Parrillas (Refrigerador): 3 (2 ajustables, 1 fija)<\/li><li>N\u00famero de Cajones (Refrigerador): 2 (Caj\u00f3n para verduras con control de humedad y Caj\u00f3n Deli)<\/li><li>Anaqueles en Puerta (Refrigerador:) 4 o 5 (ajustables para galones)<\/li><li>N\u00famero de Parrillas (Congelador): 1<\/li><li>Anaqueles en Puerta (Congelador): 2<\/li><\/ul><p>\u00a0<\/p><h4>Dimensiones y Peso<\/h4><p>\u00a0<\/p><ul><li>Alto: 5\u00a0cm (o 69.88\u00a0pulgadas)<\/li><li>Ancho: 0\u00a0cm (o 30.71\u00a0pulgadas)<\/li><li>Fondo: 84 cm<\/li><li>Peso Neto 85\u00a0kg (aproximadamente)<\/li><\/ul><\/li><\/ul>\t\t\t\t\t\t\t\t<\/div>\n\t\t\t\t\t<\/div>\n\t\t\t\t<\/div>\n\t\t\t\t<\/div>\n\t\t\n","protected":false},"excerpt":{"rendered":"<p>El LG LT57BPSX es un refrigerador Top Mount (congelador superior) de 20 pies c\u00fabicos, ideal para familias medianas a grandes. Cuenta con la innovadora tecnolog\u00eda DoorCooling+\u2122 que mantiene una temperatura uniforme, y un Compresor Inverter Linear\u2122 para mayor eficiencia energ\u00e9tica y menor ruido.<\/p>\n","protected":false},"featured_media":8574,"template":"","meta":[],"product_brand":[121],"product_cat":[64,65,200],"product_tag":[140],"class_list":{"0":"post-2932","1":"product","2":"type-product","3":"status-publish","4":"has-post-thumbnail","6":"product_brand-lg","7":"product_cat-linea-blanca","8":"product_cat-refrigeracion","9":"product_cat-refrigeradores","10":"product_tag-refrigeracion","12":"first","13":"instock","14":"shipping-taxable","15":"purchasable","16":"product-type-simple"},"_links":{"self":[{"href":"https:\/\/superbodega.mx\/index.php?rest_route=\/wp\/v2\/product\/2932","targetHints":{"allow":["GET"]}}],"collection":[{"href":"https:\/\/superbodega.mx\/index.php?rest_route=\/wp\/v2\/product"}],"about":[{"href":"https:\/\/superbodega.mx\/index.php?rest_route=\/wp\/v2\/types\/product"}],"wp:featuredmedia":[{"embeddable":true,"href":"https:\/\/superbodega.mx\/index.php?rest_route=\/wp\/v2\/media\/8574"}],"wp:attachment":[{"href":"https:\/\/superbodega.mx\/index.php?rest_route=%2Fwp%2Fv2%2Fmedia&parent=2932"}],"wp:term":[{"taxonomy":"product_brand","embeddable":true,"href":"https:\/\/superbodega.mx\/index.php?rest_route=%2Fwp%2Fv2%2Fproduct_brand&post=2932"},{"taxonomy":"product_cat","embeddable":true,"href":"https:\/\/superbodega.mx\/index.php?rest_route=%2Fwp%2Fv2%2Fproduct_cat&post=2932"},{"taxonomy":"product_tag","embeddable":true,"href":"https:\/\/superbodega.mx\/index.php?rest_route=%2Fwp%2Fv2%2Fproduct_tag&post=2932"}],"curies":[{"name":"wp","href":"https:\/\/api.w.org\/{rel}","templated":true}]}}