{"id":11357,"date":"2026-05-15T12:42:04","date_gmt":"2026-05-15T18:42:04","guid":{"rendered":"https:\/\/superbodega.mx\/?post_type=product&#038;p=11357"},"modified":"2026-05-15T12:42:58","modified_gmt":"2026-05-15T18:42:58","slug":"congelador-de-15-en-color-blanco","status":"publish","type":"product","link":"https:\/\/superbodega.mx\/?product=congelador-de-15-en-color-blanco","title":{"rendered":"Congelador de 15\u201d en color blanco."},"content":{"rendered":"\t\t<div data-elementor-type=\"section\" data-elementor-id=\"11361\" class=\"elementor elementor-11361\" data-elementor-post-type=\"elementor_library\">\n\t\t\t<div class=\"elementor-element elementor-element-d648c80 e-flex e-con-boxed kitify-col-width-auto-no ignore-docs-style-no kitify-disable-relative-no e-root-container elementor-top-section e-con e-parent\" data-id=\"d648c80\" data-element_type=\"container\">\n\t\t\t\t\t<div class=\"e-con-inner\">\n\t\t\t\t<div class=\"elementor-element elementor-element-e4fa54b elementor-widget elementor-widget-heading\" data-id=\"e4fa54b\" data-element_type=\"widget\" data-widget_type=\"heading.default\">\n\t\t\t\t\t<p class=\"elementor-heading-title elementor-size-default\">\n\n<\/p>\t\t\t\t<\/div>\n\t\t\t\t<div class=\"elementor-element elementor-element-4b12574 elementor-widget elementor-widget-text-editor\" data-id=\"4b12574\" data-element_type=\"widget\" data-widget_type=\"text-editor.default\">\n\t\t\t\t\t\t\t\t\t<h1 class=\"a-size-base-plus a-text-bold\">Acerca de este art\u00edculo<\/h1><ul><li>Capacidad de 15p3<\/li><li>Capacidad &#8211; 410 Litros<\/li><li>4 Modos de operaci\u00f3n, Congelar, Conservar, Solo Enfriar, o Congelaci\u00f3n R\u00e1pida<\/li><li>Incluye 2 canastillas de alambr\u00f3n.<\/li><li>Acero laminado en fr\u00edo con pintura electrost\u00e1tica en polvo<\/li><li>Cerradura con llave.<\/li><li>\u00a0<\/li><li>Sistema de drenaje para deshielo<\/li><li>Control de temperatura manual<\/li><li>Sistema de Deshielo manual<\/li><li>Compresor de alto rendimiento<\/li><li>Distribuci\u00f3n uniforme del fr\u00edo<\/li><li>Operaci\u00f3n silenciosa<\/li><li>Refrigerante R600a (95g)<\/li><li>Aislamiento Espuma de poliuretano<\/li><li>110V \/ 60 Hz<\/li><li>Alto: 84.8 cm<\/li><li>Ancho: 141 cm<\/li><li>Fondo: 70.5 cm<\/li><li>Peso: 58 kg<\/li><\/ul><p>\u00a0<\/p>\t\t\t\t\t\t\t\t<\/div>\n\t\t\t\t\t<\/div>\n\t\t\t\t<\/div>\n\t\t\t\t<\/div>\n\t\t\n","protected":false},"excerpt":{"rendered":"","protected":false},"featured_media":11358,"template":"","meta":[],"product_brand":[98],"product_cat":[64,65,199],"product_tag":[174],"class_list":{"0":"post-11357","1":"product","2":"type-product","3":"status-publish","4":"has-post-thumbnail","6":"product_brand-aucma","7":"product_cat-linea-blanca","8":"product_cat-refrigeracion","9":"product_cat-congeladores","10":"product_tag-congelador","12":"first","13":"instock","14":"shipping-taxable","15":"purchasable","16":"product-type-simple"},"_links":{"self":[{"href":"https:\/\/superbodega.mx\/index.php?rest_route=\/wp\/v2\/product\/11357","targetHints":{"allow":["GET"]}}],"collection":[{"href":"https:\/\/superbodega.mx\/index.php?rest_route=\/wp\/v2\/product"}],"about":[{"href":"https:\/\/superbodega.mx\/index.php?rest_route=\/wp\/v2\/types\/product"}],"wp:featuredmedia":[{"embeddable":true,"href":"https:\/\/superbodega.mx\/index.php?rest_route=\/wp\/v2\/media\/11358"}],"wp:attachment":[{"href":"https:\/\/superbodega.mx\/index.php?rest_route=%2Fwp%2Fv2%2Fmedia&parent=11357"}],"wp:term":[{"taxonomy":"product_brand","embeddable":true,"href":"https:\/\/superbodega.mx\/index.php?rest_route=%2Fwp%2Fv2%2Fproduct_brand&post=11357"},{"taxonomy":"product_cat","embeddable":true,"href":"https:\/\/superbodega.mx\/index.php?rest_route=%2Fwp%2Fv2%2Fproduct_cat&post=11357"},{"taxonomy":"product_tag","embeddable":true,"href":"https:\/\/superbodega.mx\/index.php?rest_route=%2Fwp%2Fv2%2Fproduct_tag&post=11357"}],"curies":[{"name":"wp","href":"https:\/\/api.w.org\/{rel}","templated":true}]}}